{"id":18748,"date":"2024-06-17T18:19:26","date_gmt":"2024-06-17T16:19:26","guid":{"rendered":"https:\/\/brightloop.fr\/onduleurs-ultra-haute-tension-acuhv-lp\/"},"modified":"2025-10-02T04:05:51","modified_gmt":"2025-10-02T02:05:51","slug":"acuhv-lp","status":"publish","type":"page","link":"https:\/\/brightloop.fr\/fr\/produits\/onduleurs-dc-ac\/acuhv-lp\/","title":{"rendered":"Onduleurs Ultra-Haute Tension ACUHV LP"},"content":{"rendered":"","protected":false},"excerpt":{"rendered":"","protected":false},"author":1,"featured_media":0,"parent":18777,"menu_order":0,"comment_status":"closed","ping_status":"closed","template":"","meta":{"footnotes":""},"class_list":["post-18748","page","type-page","status-publish","hentry"],"yoast_head":"<!-- This site is optimized with the Yoast SEO Premium plugin v26.9 (Yoast SEO v26.9) - https:\/\/yoast.com\/product\/yoast-seo-premium-wordpress\/ -->\n<title>Onduleur triphas\u00e9 \u00e0 ultra-haute tension ACUHV LP - BrightLoop<\/title>\n<meta name=\"description\" content=\"Onduleur triphas\u00e9 bidirectionnel contr\u00f4l\u00e9 par logiciel, fonctionnant \u00e0 0-2.400 Vdc et 0-1.000 Vac, d\u00e9livrant 100 Arms par phase. Plusieurs unit\u00e9s peuvent \u00eatre mises en parall\u00e8le pour atteindre une puissance de l&#039;ordre du m\u00e9gawatt.\" \/>\n<meta name=\"robots\" content=\"index, follow, max-snippet:-1, max-image-preview:large, max-video-preview:-1\" \/>\n<link rel=\"canonical\" href=\"https:\/\/brightloop.fr\/fr\/produits\/onduleurs-dc-ac\/acuhv-lp\/\" \/>\n<meta property=\"og:locale\" content=\"fr_FR\" \/>\n<meta property=\"og:type\" content=\"article\" \/>\n<meta property=\"og:title\" content=\"Onduleurs Ultra-Haute Tension ACUHV LP\" \/>\n<meta property=\"og:description\" content=\"Onduleur triphas\u00e9 bidirectionnel contr\u00f4l\u00e9 par logiciel, fonctionnant \u00e0 0-2.400 Vdc et 0-1.000 Vac, d\u00e9livrant 100 Arms par phase. Plusieurs unit\u00e9s peuvent \u00eatre mises en parall\u00e8le pour atteindre une puissance de l&#039;ordre du m\u00e9gawatt.\" \/>\n<meta property=\"og:url\" content=\"https:\/\/brightloop.fr\/fr\/produits\/onduleurs-dc-ac\/acuhv-lp\/\" \/>\n<meta property=\"og:site_name\" content=\"BrightLoop\" \/>\n<meta property=\"article:modified_time\" content=\"2025-10-02T02:05:51+00:00\" \/>\n<meta name=\"twitter:card\" content=\"summary_large_image\" \/>\n<script type=\"application\/ld+json\" class=\"yoast-schema-graph\">{\"@context\":\"https:\/\/schema.org\",\"@graph\":[{\"@type\":\"WebPage\",\"@id\":\"https:\/\/brightloop.fr\/fr\/produits\/onduleurs-dc-ac\/acuhv-lp\/\",\"url\":\"https:\/\/brightloop.fr\/fr\/produits\/onduleurs-dc-ac\/acuhv-lp\/\",\"name\":\"Onduleur triphas\u00e9 \u00e0 ultra-haute tension ACUHV LP - BrightLoop\",\"isPartOf\":{\"@id\":\"https:\/\/brightloop.fr\/fr\/#website\"},\"datePublished\":\"2024-06-17T16:19:26+00:00\",\"dateModified\":\"2025-10-02T02:05:51+00:00\",\"description\":\"Onduleur triphas\u00e9 bidirectionnel contr\u00f4l\u00e9 par logiciel, fonctionnant \u00e0 0-2.400 Vdc et 0-1.000 Vac, d\u00e9livrant 100 Arms par phase. Plusieurs unit\u00e9s peuvent \u00eatre mises en parall\u00e8le pour atteindre une puissance de l'ordre du m\u00e9gawatt.\",\"breadcrumb\":{\"@id\":\"https:\/\/brightloop.fr\/fr\/produits\/onduleurs-dc-ac\/acuhv-lp\/#breadcrumb\"},\"inLanguage\":\"fr-FR\",\"potentialAction\":[{\"@type\":\"ReadAction\",\"target\":[\"https:\/\/brightloop.fr\/fr\/produits\/onduleurs-dc-ac\/acuhv-lp\/\"]}]},{\"@type\":\"BreadcrumbList\",\"@id\":\"https:\/\/brightloop.fr\/fr\/produits\/onduleurs-dc-ac\/acuhv-lp\/#breadcrumb\",\"itemListElement\":[{\"@type\":\"ListItem\",\"position\":1,\"name\":\"&#8962;\",\"item\":\"https:\/\/brightloop.fr\/fr\/\"},{\"@type\":\"ListItem\",\"position\":2,\"name\":\"Produits\",\"item\":\"https:\/\/brightloop.fr\/fr\/produits\/\"},{\"@type\":\"ListItem\",\"position\":3,\"name\":\"Onduleurs DC\/AC\",\"item\":\"https:\/\/brightloop.fr\/fr\/produits\/onduleurs-dc-ac\/\"},{\"@type\":\"ListItem\",\"position\":4,\"name\":\"Onduleurs Ultra-Haute Tension ACUHV LP\"}]},{\"@type\":\"WebSite\",\"@id\":\"https:\/\/brightloop.fr\/fr\/#website\",\"url\":\"https:\/\/brightloop.fr\/fr\/\",\"name\":\"BrightLoop\",\"description\":\"\",\"potentialAction\":[{\"@type\":\"SearchAction\",\"target\":{\"@type\":\"EntryPoint\",\"urlTemplate\":\"https:\/\/brightloop.fr\/fr\/?s={search_term_string}\"},\"query-input\":{\"@type\":\"PropertyValueSpecification\",\"valueRequired\":true,\"valueName\":\"search_term_string\"}}],\"inLanguage\":\"fr-FR\"}]}<\/script>\n<!-- \/ Yoast SEO Premium plugin. -->","yoast_head_json":{"title":"Onduleur triphas\u00e9 \u00e0 ultra-haute tension ACUHV LP - BrightLoop","description":"Onduleur triphas\u00e9 bidirectionnel contr\u00f4l\u00e9 par logiciel, fonctionnant \u00e0 0-2.400 Vdc et 0-1.000 Vac, d\u00e9livrant 100 Arms par phase. Plusieurs unit\u00e9s peuvent \u00eatre mises en parall\u00e8le pour atteindre une puissance de l'ordre du m\u00e9gawatt.","robots":{"index":"index","follow":"follow","max-snippet":"max-snippet:-1","max-image-preview":"max-image-preview:large","max-video-preview":"max-video-preview:-1"},"canonical":"https:\/\/brightloop.fr\/fr\/produits\/onduleurs-dc-ac\/acuhv-lp\/","og_locale":"fr_FR","og_type":"article","og_title":"Onduleurs Ultra-Haute Tension ACUHV LP","og_description":"Onduleur triphas\u00e9 bidirectionnel contr\u00f4l\u00e9 par logiciel, fonctionnant \u00e0 0-2.400 Vdc et 0-1.000 Vac, d\u00e9livrant 100 Arms par phase. Plusieurs unit\u00e9s peuvent \u00eatre mises en parall\u00e8le pour atteindre une puissance de l'ordre du m\u00e9gawatt.","og_url":"https:\/\/brightloop.fr\/fr\/produits\/onduleurs-dc-ac\/acuhv-lp\/","og_site_name":"BrightLoop","article_modified_time":"2025-10-02T02:05:51+00:00","twitter_card":"summary_large_image","schema":{"@context":"https:\/\/schema.org","@graph":[{"@type":"WebPage","@id":"https:\/\/brightloop.fr\/fr\/produits\/onduleurs-dc-ac\/acuhv-lp\/","url":"https:\/\/brightloop.fr\/fr\/produits\/onduleurs-dc-ac\/acuhv-lp\/","name":"Onduleur triphas\u00e9 \u00e0 ultra-haute tension ACUHV LP - BrightLoop","isPartOf":{"@id":"https:\/\/brightloop.fr\/fr\/#website"},"datePublished":"2024-06-17T16:19:26+00:00","dateModified":"2025-10-02T02:05:51+00:00","description":"Onduleur triphas\u00e9 bidirectionnel contr\u00f4l\u00e9 par logiciel, fonctionnant \u00e0 0-2.400 Vdc et 0-1.000 Vac, d\u00e9livrant 100 Arms par phase. Plusieurs unit\u00e9s peuvent \u00eatre mises en parall\u00e8le pour atteindre une puissance de l'ordre du m\u00e9gawatt.","breadcrumb":{"@id":"https:\/\/brightloop.fr\/fr\/produits\/onduleurs-dc-ac\/acuhv-lp\/#breadcrumb"},"inLanguage":"fr-FR","potentialAction":[{"@type":"ReadAction","target":["https:\/\/brightloop.fr\/fr\/produits\/onduleurs-dc-ac\/acuhv-lp\/"]}]},{"@type":"BreadcrumbList","@id":"https:\/\/brightloop.fr\/fr\/produits\/onduleurs-dc-ac\/acuhv-lp\/#breadcrumb","itemListElement":[{"@type":"ListItem","position":1,"name":"&#8962;","item":"https:\/\/brightloop.fr\/fr\/"},{"@type":"ListItem","position":2,"name":"Produits","item":"https:\/\/brightloop.fr\/fr\/produits\/"},{"@type":"ListItem","position":3,"name":"Onduleurs DC\/AC","item":"https:\/\/brightloop.fr\/fr\/produits\/onduleurs-dc-ac\/"},{"@type":"ListItem","position":4,"name":"Onduleurs Ultra-Haute Tension ACUHV LP"}]},{"@type":"WebSite","@id":"https:\/\/brightloop.fr\/fr\/#website","url":"https:\/\/brightloop.fr\/fr\/","name":"BrightLoop","description":"","potentialAction":[{"@type":"SearchAction","target":{"@type":"EntryPoint","urlTemplate":"https:\/\/brightloop.fr\/fr\/?s={search_term_string}"},"query-input":{"@type":"PropertyValueSpecification","valueRequired":true,"valueName":"search_term_string"}}],"inLanguage":"fr-FR"}]}},"_links":{"self":[{"href":"https:\/\/brightloop.fr\/fr\/wp-json\/wp\/v2\/pages\/18748","targetHints":{"allow":["GET"]}}],"collection":[{"href":"https:\/\/brightloop.fr\/fr\/wp-json\/wp\/v2\/pages"}],"about":[{"href":"https:\/\/brightloop.fr\/fr\/wp-json\/wp\/v2\/types\/page"}],"author":[{"embeddable":true,"href":"https:\/\/brightloop.fr\/fr\/wp-json\/wp\/v2\/users\/1"}],"replies":[{"embeddable":true,"href":"https:\/\/brightloop.fr\/fr\/wp-json\/wp\/v2\/comments?post=18748"}],"version-history":[{"count":2,"href":"https:\/\/brightloop.fr\/fr\/wp-json\/wp\/v2\/pages\/18748\/revisions"}],"predecessor-version":[{"id":18850,"href":"https:\/\/brightloop.fr\/fr\/wp-json\/wp\/v2\/pages\/18748\/revisions\/18850"}],"up":[{"embeddable":true,"href":"https:\/\/brightloop.fr\/fr\/wp-json\/wp\/v2\/pages\/18777"}],"wp:attachment":[{"href":"https:\/\/brightloop.fr\/fr\/wp-json\/wp\/v2\/media?parent=18748"}],"curies":[{"name":"wp","href":"https:\/\/api.w.org\/{rel}","templated":true}]}}