{"id":18754,"date":"2024-06-17T15:00:11","date_gmt":"2024-06-17T13:00:11","guid":{"rendered":"https:\/\/brightloop.fr\/convertisseurs-dcdc-mp\/"},"modified":"2025-10-02T04:00:22","modified_gmt":"2025-10-02T02:00:22","slug":"dcdc-mp","status":"publish","type":"page","link":"https:\/\/brightloop.fr\/fr\/produits\/convertisseurs-hv-lv-dc-dc\/dcdc-mp\/","title":{"rendered":"Convertisseurs DCDC MP"},"content":{"rendered":"","protected":false},"excerpt":{"rendered":"","protected":false},"author":1,"featured_media":0,"parent":18763,"menu_order":0,"comment_status":"closed","ping_status":"closed","template":"","meta":{"footnotes":""},"class_list":["post-18754","page","type-page","status-publish","hentry"],"yoast_head":"<!-- This site is optimized with the Yoast SEO Premium plugin v26.9 (Yoast SEO v26.9) - https:\/\/yoast.com\/product\/yoast-seo-premium-wordpress\/ -->\n<title>Convertisseur DCDC MP Buck-Boost bidirectionnel - BrightLoop<\/title>\n<meta name=\"description\" content=\"Con\u00e7u pour le sport automobile et les v\u00e9hicules extr\u00eames, ce convertisseur DCDC HV-LV est compatible avec les batteries de 400 V et 800 V. Il peut \u00eatre utilis\u00e9 comme chargeur de batterie ou comme alimentation de r\u00e9seau BT. Il peut \u00eatre utilis\u00e9 comme chargeur de batterie ou comme alimentation de r\u00e9seau BT, d\u00e9livrant jusqu&#039;\u00e0 4,8 kW\/240 A.\" \/>\n<meta name=\"robots\" content=\"index, follow, max-snippet:-1, max-image-preview:large, max-video-preview:-1\" \/>\n<link rel=\"canonical\" href=\"https:\/\/brightloop.fr\/fr\/produits\/convertisseurs-hv-lv-dc-dc\/dcdc-mp\/\" \/>\n<meta property=\"og:locale\" content=\"fr_FR\" \/>\n<meta property=\"og:type\" content=\"article\" \/>\n<meta property=\"og:title\" content=\"Convertisseurs DCDC MP\" \/>\n<meta property=\"og:description\" content=\"Con\u00e7u pour le sport automobile et les v\u00e9hicules extr\u00eames, ce convertisseur DCDC HV-LV est compatible avec les batteries de 400 V et 800 V. Il peut \u00eatre utilis\u00e9 comme chargeur de batterie ou comme alimentation de r\u00e9seau BT. Il peut \u00eatre utilis\u00e9 comme chargeur de batterie ou comme alimentation de r\u00e9seau BT, d\u00e9livrant jusqu&#039;\u00e0 4,8 kW\/240 A.\" \/>\n<meta property=\"og:url\" content=\"https:\/\/brightloop.fr\/fr\/produits\/convertisseurs-hv-lv-dc-dc\/dcdc-mp\/\" \/>\n<meta property=\"og:site_name\" content=\"BrightLoop\" \/>\n<meta property=\"article:modified_time\" content=\"2025-10-02T02:00:22+00:00\" \/>\n<meta name=\"twitter:card\" content=\"summary_large_image\" \/>\n<script type=\"application\/ld+json\" class=\"yoast-schema-graph\">{\"@context\":\"https:\/\/schema.org\",\"@graph\":[{\"@type\":\"WebPage\",\"@id\":\"https:\/\/brightloop.fr\/fr\/produits\/convertisseurs-hv-lv-dc-dc\/dcdc-mp\/\",\"url\":\"https:\/\/brightloop.fr\/fr\/produits\/convertisseurs-hv-lv-dc-dc\/dcdc-mp\/\",\"name\":\"Convertisseur DCDC MP Buck-Boost bidirectionnel - BrightLoop\",\"isPartOf\":{\"@id\":\"https:\/\/brightloop.fr\/fr\/#website\"},\"datePublished\":\"2024-06-17T13:00:11+00:00\",\"dateModified\":\"2025-10-02T02:00:22+00:00\",\"description\":\"Con\u00e7u pour le sport automobile et les v\u00e9hicules extr\u00eames, ce convertisseur DCDC HV-LV est compatible avec les batteries de 400 V et 800 V. Il peut \u00eatre utilis\u00e9 comme chargeur de batterie ou comme alimentation de r\u00e9seau BT. Il peut \u00eatre utilis\u00e9 comme chargeur de batterie ou comme alimentation de r\u00e9seau BT, d\u00e9livrant jusqu'\u00e0 4,8 kW\/240 A.\",\"breadcrumb\":{\"@id\":\"https:\/\/brightloop.fr\/fr\/produits\/convertisseurs-hv-lv-dc-dc\/dcdc-mp\/#breadcrumb\"},\"inLanguage\":\"fr-FR\",\"potentialAction\":[{\"@type\":\"ReadAction\",\"target\":[\"https:\/\/brightloop.fr\/fr\/produits\/convertisseurs-hv-lv-dc-dc\/dcdc-mp\/\"]}]},{\"@type\":\"BreadcrumbList\",\"@id\":\"https:\/\/brightloop.fr\/fr\/produits\/convertisseurs-hv-lv-dc-dc\/dcdc-mp\/#breadcrumb\",\"itemListElement\":[{\"@type\":\"ListItem\",\"position\":1,\"name\":\"&#8962;\",\"item\":\"https:\/\/brightloop.fr\/fr\/\"},{\"@type\":\"ListItem\",\"position\":2,\"name\":\"Produits\",\"item\":\"https:\/\/brightloop.fr\/fr\/produits\/\"},{\"@type\":\"ListItem\",\"position\":3,\"name\":\"Convertisseurs DC\/DC HV-LV\",\"item\":\"https:\/\/brightloop.fr\/fr\/produits\/convertisseurs-hv-lv-dc-dc\/\"},{\"@type\":\"ListItem\",\"position\":4,\"name\":\"Convertisseurs DCDC MP\"}]},{\"@type\":\"WebSite\",\"@id\":\"https:\/\/brightloop.fr\/fr\/#website\",\"url\":\"https:\/\/brightloop.fr\/fr\/\",\"name\":\"BrightLoop\",\"description\":\"\",\"potentialAction\":[{\"@type\":\"SearchAction\",\"target\":{\"@type\":\"EntryPoint\",\"urlTemplate\":\"https:\/\/brightloop.fr\/fr\/?s={search_term_string}\"},\"query-input\":{\"@type\":\"PropertyValueSpecification\",\"valueRequired\":true,\"valueName\":\"search_term_string\"}}],\"inLanguage\":\"fr-FR\"}]}<\/script>\n<!-- \/ Yoast SEO Premium plugin. -->","yoast_head_json":{"title":"Convertisseur DCDC MP Buck-Boost bidirectionnel - BrightLoop","description":"Con\u00e7u pour le sport automobile et les v\u00e9hicules extr\u00eames, ce convertisseur DCDC HV-LV est compatible avec les batteries de 400 V et 800 V. Il peut \u00eatre utilis\u00e9 comme chargeur de batterie ou comme alimentation de r\u00e9seau BT. Il peut \u00eatre utilis\u00e9 comme chargeur de batterie ou comme alimentation de r\u00e9seau BT, d\u00e9livrant jusqu'\u00e0 4,8 kW\/240 A.","robots":{"index":"index","follow":"follow","max-snippet":"max-snippet:-1","max-image-preview":"max-image-preview:large","max-video-preview":"max-video-preview:-1"},"canonical":"https:\/\/brightloop.fr\/fr\/produits\/convertisseurs-hv-lv-dc-dc\/dcdc-mp\/","og_locale":"fr_FR","og_type":"article","og_title":"Convertisseurs DCDC MP","og_description":"Con\u00e7u pour le sport automobile et les v\u00e9hicules extr\u00eames, ce convertisseur DCDC HV-LV est compatible avec les batteries de 400 V et 800 V. Il peut \u00eatre utilis\u00e9 comme chargeur de batterie ou comme alimentation de r\u00e9seau BT. Il peut \u00eatre utilis\u00e9 comme chargeur de batterie ou comme alimentation de r\u00e9seau BT, d\u00e9livrant jusqu'\u00e0 4,8 kW\/240 A.","og_url":"https:\/\/brightloop.fr\/fr\/produits\/convertisseurs-hv-lv-dc-dc\/dcdc-mp\/","og_site_name":"BrightLoop","article_modified_time":"2025-10-02T02:00:22+00:00","twitter_card":"summary_large_image","schema":{"@context":"https:\/\/schema.org","@graph":[{"@type":"WebPage","@id":"https:\/\/brightloop.fr\/fr\/produits\/convertisseurs-hv-lv-dc-dc\/dcdc-mp\/","url":"https:\/\/brightloop.fr\/fr\/produits\/convertisseurs-hv-lv-dc-dc\/dcdc-mp\/","name":"Convertisseur DCDC MP Buck-Boost bidirectionnel - BrightLoop","isPartOf":{"@id":"https:\/\/brightloop.fr\/fr\/#website"},"datePublished":"2024-06-17T13:00:11+00:00","dateModified":"2025-10-02T02:00:22+00:00","description":"Con\u00e7u pour le sport automobile et les v\u00e9hicules extr\u00eames, ce convertisseur DCDC HV-LV est compatible avec les batteries de 400 V et 800 V. Il peut \u00eatre utilis\u00e9 comme chargeur de batterie ou comme alimentation de r\u00e9seau BT. Il peut \u00eatre utilis\u00e9 comme chargeur de batterie ou comme alimentation de r\u00e9seau BT, d\u00e9livrant jusqu'\u00e0 4,8 kW\/240 A.","breadcrumb":{"@id":"https:\/\/brightloop.fr\/fr\/produits\/convertisseurs-hv-lv-dc-dc\/dcdc-mp\/#breadcrumb"},"inLanguage":"fr-FR","potentialAction":[{"@type":"ReadAction","target":["https:\/\/brightloop.fr\/fr\/produits\/convertisseurs-hv-lv-dc-dc\/dcdc-mp\/"]}]},{"@type":"BreadcrumbList","@id":"https:\/\/brightloop.fr\/fr\/produits\/convertisseurs-hv-lv-dc-dc\/dcdc-mp\/#breadcrumb","itemListElement":[{"@type":"ListItem","position":1,"name":"&#8962;","item":"https:\/\/brightloop.fr\/fr\/"},{"@type":"ListItem","position":2,"name":"Produits","item":"https:\/\/brightloop.fr\/fr\/produits\/"},{"@type":"ListItem","position":3,"name":"Convertisseurs DC\/DC HV-LV","item":"https:\/\/brightloop.fr\/fr\/produits\/convertisseurs-hv-lv-dc-dc\/"},{"@type":"ListItem","position":4,"name":"Convertisseurs DCDC MP"}]},{"@type":"WebSite","@id":"https:\/\/brightloop.fr\/fr\/#website","url":"https:\/\/brightloop.fr\/fr\/","name":"BrightLoop","description":"","potentialAction":[{"@type":"SearchAction","target":{"@type":"EntryPoint","urlTemplate":"https:\/\/brightloop.fr\/fr\/?s={search_term_string}"},"query-input":{"@type":"PropertyValueSpecification","valueRequired":true,"valueName":"search_term_string"}}],"inLanguage":"fr-FR"}]}},"_links":{"self":[{"href":"https:\/\/brightloop.fr\/fr\/wp-json\/wp\/v2\/pages\/18754","targetHints":{"allow":["GET"]}}],"collection":[{"href":"https:\/\/brightloop.fr\/fr\/wp-json\/wp\/v2\/pages"}],"about":[{"href":"https:\/\/brightloop.fr\/fr\/wp-json\/wp\/v2\/types\/page"}],"author":[{"embeddable":true,"href":"https:\/\/brightloop.fr\/fr\/wp-json\/wp\/v2\/users\/1"}],"replies":[{"embeddable":true,"href":"https:\/\/brightloop.fr\/fr\/wp-json\/wp\/v2\/comments?post=18754"}],"version-history":[{"count":1,"href":"https:\/\/brightloop.fr\/fr\/wp-json\/wp\/v2\/pages\/18754\/revisions"}],"predecessor-version":[{"id":18767,"href":"https:\/\/brightloop.fr\/fr\/wp-json\/wp\/v2\/pages\/18754\/revisions\/18767"}],"up":[{"embeddable":true,"href":"https:\/\/brightloop.fr\/fr\/wp-json\/wp\/v2\/pages\/18763"}],"wp:attachment":[{"href":"https:\/\/brightloop.fr\/fr\/wp-json\/wp\/v2\/media?parent=18754"}],"curies":[{"name":"wp","href":"https:\/\/api.w.org\/{rel}","templated":true}]}}