{"id":18759,"date":"2024-06-17T14:40:00","date_gmt":"2024-06-17T12:40:00","guid":{"rendered":"https:\/\/brightloop.fr\/convertisseurs-dcdc-lp\/"},"modified":"2025-10-02T03:58:42","modified_gmt":"2025-10-02T01:58:42","slug":"dcdc-lp","status":"publish","type":"page","link":"https:\/\/brightloop.fr\/fr\/produits\/convertisseurs-hv-lv-dc-dc\/dcdc-lp\/","title":{"rendered":"Convertisseurs DCDC LP"},"content":{"rendered":"","protected":false},"excerpt":{"rendered":"","protected":false},"author":1,"featured_media":0,"parent":18763,"menu_order":0,"comment_status":"closed","ping_status":"closed","template":"","meta":{"footnotes":""},"class_list":["post-18759","page","type-page","status-publish","hentry"],"yoast_head":"<!-- This site is optimized with the Yoast SEO Premium plugin v26.9 (Yoast SEO v26.9) - https:\/\/yoast.com\/product\/yoast-seo-premium-wordpress\/ -->\n<title>Convertisseur DCDC LP Buck-Boost bidirectionnel - BrightLoop<\/title>\n<meta name=\"description\" content=\"Con\u00e7u pour le sport automobile et les v\u00e9hicules extr\u00eames, le convertisseur DCDC HV-LV est compatible avec les batteries de 400 V et 800 V. Il peut \u00eatre utilis\u00e9 comme chargeur de batterie ou comme alimentation de r\u00e9seau BT, d\u00e9livrant jusqu&#039;\u00e0 9,6 kW\/480 A.\" \/>\n<meta name=\"robots\" content=\"index, follow, max-snippet:-1, max-image-preview:large, max-video-preview:-1\" \/>\n<link rel=\"canonical\" href=\"https:\/\/brightloop.fr\/fr\/produits\/convertisseurs-hv-lv-dc-dc\/dcdc-lp\/\" \/>\n<meta property=\"og:locale\" content=\"fr_FR\" \/>\n<meta property=\"og:type\" content=\"article\" \/>\n<meta property=\"og:title\" content=\"Convertisseurs DCDC LP\" \/>\n<meta property=\"og:description\" content=\"Con\u00e7u pour le sport automobile et les v\u00e9hicules extr\u00eames, le convertisseur DCDC HV-LV est compatible avec les batteries de 400 V et 800 V. Il peut \u00eatre utilis\u00e9 comme chargeur de batterie ou comme alimentation de r\u00e9seau BT, d\u00e9livrant jusqu&#039;\u00e0 9,6 kW\/480 A.\" \/>\n<meta property=\"og:url\" content=\"https:\/\/brightloop.fr\/fr\/produits\/convertisseurs-hv-lv-dc-dc\/dcdc-lp\/\" \/>\n<meta property=\"og:site_name\" content=\"BrightLoop\" \/>\n<meta property=\"article:modified_time\" content=\"2025-10-02T01:58:42+00:00\" \/>\n<meta name=\"twitter:card\" content=\"summary_large_image\" \/>\n<script type=\"application\/ld+json\" class=\"yoast-schema-graph\">{\"@context\":\"https:\/\/schema.org\",\"@graph\":[{\"@type\":\"WebPage\",\"@id\":\"https:\/\/brightloop.fr\/fr\/produits\/convertisseurs-hv-lv-dc-dc\/dcdc-lp\/\",\"url\":\"https:\/\/brightloop.fr\/fr\/produits\/convertisseurs-hv-lv-dc-dc\/dcdc-lp\/\",\"name\":\"Convertisseur DCDC LP Buck-Boost bidirectionnel - BrightLoop\",\"isPartOf\":{\"@id\":\"https:\/\/brightloop.fr\/fr\/#website\"},\"datePublished\":\"2024-06-17T12:40:00+00:00\",\"dateModified\":\"2025-10-02T01:58:42+00:00\",\"description\":\"Con\u00e7u pour le sport automobile et les v\u00e9hicules extr\u00eames, le convertisseur DCDC HV-LV est compatible avec les batteries de 400 V et 800 V. Il peut \u00eatre utilis\u00e9 comme chargeur de batterie ou comme alimentation de r\u00e9seau BT, d\u00e9livrant jusqu'\u00e0 9,6 kW\/480 A.\",\"breadcrumb\":{\"@id\":\"https:\/\/brightloop.fr\/fr\/produits\/convertisseurs-hv-lv-dc-dc\/dcdc-lp\/#breadcrumb\"},\"inLanguage\":\"fr-FR\",\"potentialAction\":[{\"@type\":\"ReadAction\",\"target\":[\"https:\/\/brightloop.fr\/fr\/produits\/convertisseurs-hv-lv-dc-dc\/dcdc-lp\/\"]}]},{\"@type\":\"BreadcrumbList\",\"@id\":\"https:\/\/brightloop.fr\/fr\/produits\/convertisseurs-hv-lv-dc-dc\/dcdc-lp\/#breadcrumb\",\"itemListElement\":[{\"@type\":\"ListItem\",\"position\":1,\"name\":\"&#8962;\",\"item\":\"https:\/\/brightloop.fr\/fr\/\"},{\"@type\":\"ListItem\",\"position\":2,\"name\":\"Produits\",\"item\":\"https:\/\/brightloop.fr\/fr\/produits\/\"},{\"@type\":\"ListItem\",\"position\":3,\"name\":\"Convertisseurs DC\/DC HV-LV\",\"item\":\"https:\/\/brightloop.fr\/fr\/produits\/convertisseurs-hv-lv-dc-dc\/\"},{\"@type\":\"ListItem\",\"position\":4,\"name\":\"Convertisseurs DCDC LP\"}]},{\"@type\":\"WebSite\",\"@id\":\"https:\/\/brightloop.fr\/fr\/#website\",\"url\":\"https:\/\/brightloop.fr\/fr\/\",\"name\":\"BrightLoop\",\"description\":\"\",\"potentialAction\":[{\"@type\":\"SearchAction\",\"target\":{\"@type\":\"EntryPoint\",\"urlTemplate\":\"https:\/\/brightloop.fr\/fr\/?s={search_term_string}\"},\"query-input\":{\"@type\":\"PropertyValueSpecification\",\"valueRequired\":true,\"valueName\":\"search_term_string\"}}],\"inLanguage\":\"fr-FR\"}]}<\/script>\n<!-- \/ Yoast SEO Premium plugin. -->","yoast_head_json":{"title":"Convertisseur DCDC LP Buck-Boost bidirectionnel - BrightLoop","description":"Con\u00e7u pour le sport automobile et les v\u00e9hicules extr\u00eames, le convertisseur DCDC HV-LV est compatible avec les batteries de 400 V et 800 V. Il peut \u00eatre utilis\u00e9 comme chargeur de batterie ou comme alimentation de r\u00e9seau BT, d\u00e9livrant jusqu'\u00e0 9,6 kW\/480 A.","robots":{"index":"index","follow":"follow","max-snippet":"max-snippet:-1","max-image-preview":"max-image-preview:large","max-video-preview":"max-video-preview:-1"},"canonical":"https:\/\/brightloop.fr\/fr\/produits\/convertisseurs-hv-lv-dc-dc\/dcdc-lp\/","og_locale":"fr_FR","og_type":"article","og_title":"Convertisseurs DCDC LP","og_description":"Con\u00e7u pour le sport automobile et les v\u00e9hicules extr\u00eames, le convertisseur DCDC HV-LV est compatible avec les batteries de 400 V et 800 V. Il peut \u00eatre utilis\u00e9 comme chargeur de batterie ou comme alimentation de r\u00e9seau BT, d\u00e9livrant jusqu'\u00e0 9,6 kW\/480 A.","og_url":"https:\/\/brightloop.fr\/fr\/produits\/convertisseurs-hv-lv-dc-dc\/dcdc-lp\/","og_site_name":"BrightLoop","article_modified_time":"2025-10-02T01:58:42+00:00","twitter_card":"summary_large_image","schema":{"@context":"https:\/\/schema.org","@graph":[{"@type":"WebPage","@id":"https:\/\/brightloop.fr\/fr\/produits\/convertisseurs-hv-lv-dc-dc\/dcdc-lp\/","url":"https:\/\/brightloop.fr\/fr\/produits\/convertisseurs-hv-lv-dc-dc\/dcdc-lp\/","name":"Convertisseur DCDC LP Buck-Boost bidirectionnel - BrightLoop","isPartOf":{"@id":"https:\/\/brightloop.fr\/fr\/#website"},"datePublished":"2024-06-17T12:40:00+00:00","dateModified":"2025-10-02T01:58:42+00:00","description":"Con\u00e7u pour le sport automobile et les v\u00e9hicules extr\u00eames, le convertisseur DCDC HV-LV est compatible avec les batteries de 400 V et 800 V. Il peut \u00eatre utilis\u00e9 comme chargeur de batterie ou comme alimentation de r\u00e9seau BT, d\u00e9livrant jusqu'\u00e0 9,6 kW\/480 A.","breadcrumb":{"@id":"https:\/\/brightloop.fr\/fr\/produits\/convertisseurs-hv-lv-dc-dc\/dcdc-lp\/#breadcrumb"},"inLanguage":"fr-FR","potentialAction":[{"@type":"ReadAction","target":["https:\/\/brightloop.fr\/fr\/produits\/convertisseurs-hv-lv-dc-dc\/dcdc-lp\/"]}]},{"@type":"BreadcrumbList","@id":"https:\/\/brightloop.fr\/fr\/produits\/convertisseurs-hv-lv-dc-dc\/dcdc-lp\/#breadcrumb","itemListElement":[{"@type":"ListItem","position":1,"name":"&#8962;","item":"https:\/\/brightloop.fr\/fr\/"},{"@type":"ListItem","position":2,"name":"Produits","item":"https:\/\/brightloop.fr\/fr\/produits\/"},{"@type":"ListItem","position":3,"name":"Convertisseurs DC\/DC HV-LV","item":"https:\/\/brightloop.fr\/fr\/produits\/convertisseurs-hv-lv-dc-dc\/"},{"@type":"ListItem","position":4,"name":"Convertisseurs DCDC LP"}]},{"@type":"WebSite","@id":"https:\/\/brightloop.fr\/fr\/#website","url":"https:\/\/brightloop.fr\/fr\/","name":"BrightLoop","description":"","potentialAction":[{"@type":"SearchAction","target":{"@type":"EntryPoint","urlTemplate":"https:\/\/brightloop.fr\/fr\/?s={search_term_string}"},"query-input":{"@type":"PropertyValueSpecification","valueRequired":true,"valueName":"search_term_string"}}],"inLanguage":"fr-FR"}]}},"_links":{"self":[{"href":"https:\/\/brightloop.fr\/fr\/wp-json\/wp\/v2\/pages\/18759","targetHints":{"allow":["GET"]}}],"collection":[{"href":"https:\/\/brightloop.fr\/fr\/wp-json\/wp\/v2\/pages"}],"about":[{"href":"https:\/\/brightloop.fr\/fr\/wp-json\/wp\/v2\/types\/page"}],"author":[{"embeddable":true,"href":"https:\/\/brightloop.fr\/fr\/wp-json\/wp\/v2\/users\/1"}],"replies":[{"embeddable":true,"href":"https:\/\/brightloop.fr\/fr\/wp-json\/wp\/v2\/comments?post=18759"}],"version-history":[{"count":1,"href":"https:\/\/brightloop.fr\/fr\/wp-json\/wp\/v2\/pages\/18759\/revisions"}],"predecessor-version":[{"id":18764,"href":"https:\/\/brightloop.fr\/fr\/wp-json\/wp\/v2\/pages\/18759\/revisions\/18764"}],"up":[{"embeddable":true,"href":"https:\/\/brightloop.fr\/fr\/wp-json\/wp\/v2\/pages\/18763"}],"wp:attachment":[{"href":"https:\/\/brightloop.fr\/fr\/wp-json\/wp\/v2\/media?parent=18759"}],"curies":[{"name":"wp","href":"https:\/\/api.w.org\/{rel}","templated":true}]}}