{"id":18760,"date":"2024-06-17T15:02:15","date_gmt":"2024-06-17T13:02:15","guid":{"rendered":"https:\/\/brightloop.fr\/produits\/jumeau-numerique\/"},"modified":"2024-12-02T15:16:56","modified_gmt":"2024-12-02T14:16:56","slug":"digital-twin","status":"publish","type":"page","link":"https:\/\/brightloop.fr\/fr\/produits\/digital-twin\/","title":{"rendered":"Jumeau num\u00e9rique"},"content":{"rendered":"","protected":false},"excerpt":{"rendered":"","protected":false},"author":1,"featured_media":0,"parent":18750,"menu_order":0,"comment_status":"closed","ping_status":"closed","template":"","meta":{"footnotes":""},"class_list":["post-18760","page","type-page","status-publish","hentry"],"yoast_head":"<!-- This site is optimized with the Yoast SEO Premium plugin v26.9 (Yoast SEO v26.9) - https:\/\/yoast.com\/product\/yoast-seo-premium-wordpress\/ -->\n<title>Famille d&#039;onduleurs triphas\u00e9s r\u00e9versibles de haute puissance DC\/AC Jumeau num\u00e9rique - BrightLoop<\/title>\n<meta name=\"description\" content=\"Les onduleurs r\u00e9versibles triphas\u00e9s CC\/CA de BrightLoop sont id\u00e9aux pour les syst\u00e8mes d&#039;alimentation de secours stationnaires, les chargeurs embarqu\u00e9s (OBC) pour les v\u00e9hicules lourds ou l&#039;alimentation du r\u00e9seau CA.\" \/>\n<meta name=\"robots\" content=\"index, follow, max-snippet:-1, max-image-preview:large, max-video-preview:-1\" \/>\n<link rel=\"canonical\" href=\"https:\/\/brightloop.fr\/fr\/produits\/digital-twin\/\" \/>\n<meta property=\"og:locale\" content=\"fr_FR\" \/>\n<meta property=\"og:type\" content=\"article\" \/>\n<meta property=\"og:title\" content=\"Jumeau num\u00e9rique\" \/>\n<meta property=\"og:description\" content=\"Les onduleurs r\u00e9versibles triphas\u00e9s CC\/CA de BrightLoop sont id\u00e9aux pour les syst\u00e8mes d&#039;alimentation de secours stationnaires, les chargeurs embarqu\u00e9s (OBC) pour les v\u00e9hicules lourds ou l&#039;alimentation du r\u00e9seau CA.\" \/>\n<meta property=\"og:url\" content=\"https:\/\/brightloop.fr\/fr\/produits\/digital-twin\/\" \/>\n<meta property=\"og:site_name\" content=\"BrightLoop\" \/>\n<meta property=\"article:modified_time\" content=\"2024-12-02T14:16:56+00:00\" \/>\n<meta name=\"twitter:card\" content=\"summary_large_image\" \/>\n<script type=\"application\/ld+json\" class=\"yoast-schema-graph\">{\"@context\":\"https:\/\/schema.org\",\"@graph\":[{\"@type\":\"WebPage\",\"@id\":\"https:\/\/brightloop.fr\/fr\/produits\/digital-twin\/\",\"url\":\"https:\/\/brightloop.fr\/fr\/produits\/digital-twin\/\",\"name\":\"Famille d'onduleurs triphas\u00e9s r\u00e9versibles de haute puissance DC\/AC Jumeau num\u00e9rique - BrightLoop\",\"isPartOf\":{\"@id\":\"https:\/\/brightloop.fr\/fr\/#website\"},\"datePublished\":\"2024-06-17T13:02:15+00:00\",\"dateModified\":\"2024-12-02T14:16:56+00:00\",\"description\":\"Les onduleurs r\u00e9versibles triphas\u00e9s CC\/CA de BrightLoop sont id\u00e9aux pour les syst\u00e8mes d'alimentation de secours stationnaires, les chargeurs embarqu\u00e9s (OBC) pour les v\u00e9hicules lourds ou l'alimentation du r\u00e9seau CA.\",\"breadcrumb\":{\"@id\":\"https:\/\/brightloop.fr\/fr\/produits\/digital-twin\/#breadcrumb\"},\"inLanguage\":\"fr-FR\",\"potentialAction\":[{\"@type\":\"ReadAction\",\"target\":[\"https:\/\/brightloop.fr\/fr\/produits\/digital-twin\/\"]}]},{\"@type\":\"BreadcrumbList\",\"@id\":\"https:\/\/brightloop.fr\/fr\/produits\/digital-twin\/#breadcrumb\",\"itemListElement\":[{\"@type\":\"ListItem\",\"position\":1,\"name\":\"&#8962;\",\"item\":\"https:\/\/brightloop.fr\/fr\/\"},{\"@type\":\"ListItem\",\"position\":2,\"name\":\"Produits\",\"item\":\"https:\/\/brightloop.fr\/fr\/produits\/\"},{\"@type\":\"ListItem\",\"position\":3,\"name\":\"Jumeau num\u00e9rique\"}]},{\"@type\":\"WebSite\",\"@id\":\"https:\/\/brightloop.fr\/fr\/#website\",\"url\":\"https:\/\/brightloop.fr\/fr\/\",\"name\":\"BrightLoop\",\"description\":\"\",\"potentialAction\":[{\"@type\":\"SearchAction\",\"target\":{\"@type\":\"EntryPoint\",\"urlTemplate\":\"https:\/\/brightloop.fr\/fr\/?s={search_term_string}\"},\"query-input\":{\"@type\":\"PropertyValueSpecification\",\"valueRequired\":true,\"valueName\":\"search_term_string\"}}],\"inLanguage\":\"fr-FR\"}]}<\/script>\n<!-- \/ Yoast SEO Premium plugin. -->","yoast_head_json":{"title":"Famille d'onduleurs triphas\u00e9s r\u00e9versibles de haute puissance DC\/AC Jumeau num\u00e9rique - BrightLoop","description":"Les onduleurs r\u00e9versibles triphas\u00e9s CC\/CA de BrightLoop sont id\u00e9aux pour les syst\u00e8mes d'alimentation de secours stationnaires, les chargeurs embarqu\u00e9s (OBC) pour les v\u00e9hicules lourds ou l'alimentation du r\u00e9seau CA.","robots":{"index":"index","follow":"follow","max-snippet":"max-snippet:-1","max-image-preview":"max-image-preview:large","max-video-preview":"max-video-preview:-1"},"canonical":"https:\/\/brightloop.fr\/fr\/produits\/digital-twin\/","og_locale":"fr_FR","og_type":"article","og_title":"Jumeau num\u00e9rique","og_description":"Les onduleurs r\u00e9versibles triphas\u00e9s CC\/CA de BrightLoop sont id\u00e9aux pour les syst\u00e8mes d'alimentation de secours stationnaires, les chargeurs embarqu\u00e9s (OBC) pour les v\u00e9hicules lourds ou l'alimentation du r\u00e9seau CA.","og_url":"https:\/\/brightloop.fr\/fr\/produits\/digital-twin\/","og_site_name":"BrightLoop","article_modified_time":"2024-12-02T14:16:56+00:00","twitter_card":"summary_large_image","schema":{"@context":"https:\/\/schema.org","@graph":[{"@type":"WebPage","@id":"https:\/\/brightloop.fr\/fr\/produits\/digital-twin\/","url":"https:\/\/brightloop.fr\/fr\/produits\/digital-twin\/","name":"Famille d'onduleurs triphas\u00e9s r\u00e9versibles de haute puissance DC\/AC Jumeau num\u00e9rique - BrightLoop","isPartOf":{"@id":"https:\/\/brightloop.fr\/fr\/#website"},"datePublished":"2024-06-17T13:02:15+00:00","dateModified":"2024-12-02T14:16:56+00:00","description":"Les onduleurs r\u00e9versibles triphas\u00e9s CC\/CA de BrightLoop sont id\u00e9aux pour les syst\u00e8mes d'alimentation de secours stationnaires, les chargeurs embarqu\u00e9s (OBC) pour les v\u00e9hicules lourds ou l'alimentation du r\u00e9seau CA.","breadcrumb":{"@id":"https:\/\/brightloop.fr\/fr\/produits\/digital-twin\/#breadcrumb"},"inLanguage":"fr-FR","potentialAction":[{"@type":"ReadAction","target":["https:\/\/brightloop.fr\/fr\/produits\/digital-twin\/"]}]},{"@type":"BreadcrumbList","@id":"https:\/\/brightloop.fr\/fr\/produits\/digital-twin\/#breadcrumb","itemListElement":[{"@type":"ListItem","position":1,"name":"&#8962;","item":"https:\/\/brightloop.fr\/fr\/"},{"@type":"ListItem","position":2,"name":"Produits","item":"https:\/\/brightloop.fr\/fr\/produits\/"},{"@type":"ListItem","position":3,"name":"Jumeau num\u00e9rique"}]},{"@type":"WebSite","@id":"https:\/\/brightloop.fr\/fr\/#website","url":"https:\/\/brightloop.fr\/fr\/","name":"BrightLoop","description":"","potentialAction":[{"@type":"SearchAction","target":{"@type":"EntryPoint","urlTemplate":"https:\/\/brightloop.fr\/fr\/?s={search_term_string}"},"query-input":{"@type":"PropertyValueSpecification","valueRequired":true,"valueName":"search_term_string"}}],"inLanguage":"fr-FR"}]}},"_links":{"self":[{"href":"https:\/\/brightloop.fr\/fr\/wp-json\/wp\/v2\/pages\/18760","targetHints":{"allow":["GET"]}}],"collection":[{"href":"https:\/\/brightloop.fr\/fr\/wp-json\/wp\/v2\/pages"}],"about":[{"href":"https:\/\/brightloop.fr\/fr\/wp-json\/wp\/v2\/types\/page"}],"author":[{"embeddable":true,"href":"https:\/\/brightloop.fr\/fr\/wp-json\/wp\/v2\/users\/1"}],"replies":[{"embeddable":true,"href":"https:\/\/brightloop.fr\/fr\/wp-json\/wp\/v2\/comments?post=18760"}],"version-history":[{"count":2,"href":"https:\/\/brightloop.fr\/fr\/wp-json\/wp\/v2\/pages\/18760\/revisions"}],"predecessor-version":[{"id":19651,"href":"https:\/\/brightloop.fr\/fr\/wp-json\/wp\/v2\/pages\/18760\/revisions\/19651"}],"up":[{"embeddable":true,"href":"https:\/\/brightloop.fr\/fr\/wp-json\/wp\/v2\/pages\/18750"}],"wp:attachment":[{"href":"https:\/\/brightloop.fr\/fr\/wp-json\/wp\/v2\/media?parent=18760"}],"curies":[{"name":"wp","href":"https:\/\/api.w.org\/{rel}","templated":true}]}}