{"id":18762,"date":"2024-06-17T14:44:41","date_gmt":"2024-06-17T12:44:41","guid":{"rendered":"https:\/\/brightloop.fr\/produits\/variateurs-de-vitesse\/"},"modified":"2026-01-08T10:33:15","modified_gmt":"2026-01-08T09:33:15","slug":"variateurs-de-vitesse","status":"publish","type":"page","link":"https:\/\/brightloop.fr\/fr\/produits\/variateurs-de-vitesse\/","title":{"rendered":"Variateurs de vitesse"},"content":{"rendered":"","protected":false},"excerpt":{"rendered":"","protected":false},"author":1,"featured_media":0,"parent":18750,"menu_order":0,"comment_status":"closed","ping_status":"closed","template":"","meta":{"footnotes":""},"class_list":["post-18762","page","type-page","status-publish","hentry"],"yoast_head":"<!-- This site is optimized with the Yoast SEO Premium plugin v26.9 (Yoast SEO v26.9) - https:\/\/yoast.com\/product\/yoast-seo-premium-wordpress\/ -->\n<title>Famille d\u2019onduleurs de commande moteur \u00e9lectrique Variateurs de vitesse - BrightLoop<\/title>\n<meta name=\"description\" content=\"Variateurs \u00e0 haute fr\u00e9quence 3\/6 phases command\u00e9s par logiciel pour moteurs \u00e0 haute vitesse, d\u00e9livrant jusqu&#039;\u00e0 500 kW sous 400 Vac.\" \/>\n<meta name=\"robots\" content=\"index, follow, max-snippet:-1, max-image-preview:large, max-video-preview:-1\" \/>\n<link rel=\"canonical\" href=\"https:\/\/brightloop.fr\/fr\/produits\/variateurs-de-vitesse\/\" \/>\n<meta property=\"og:locale\" content=\"fr_FR\" \/>\n<meta property=\"og:type\" content=\"article\" \/>\n<meta property=\"og:title\" content=\"Variateurs de vitesse\" \/>\n<meta property=\"og:description\" content=\"Variateurs \u00e0 haute fr\u00e9quence 3\/6 phases command\u00e9s par logiciel pour moteurs \u00e0 haute vitesse, d\u00e9livrant jusqu&#039;\u00e0 500 kW sous 400 Vac.\" \/>\n<meta property=\"og:url\" content=\"https:\/\/brightloop.fr\/fr\/produits\/variateurs-de-vitesse\/\" \/>\n<meta property=\"og:site_name\" content=\"BrightLoop\" \/>\n<meta property=\"article:modified_time\" content=\"2026-01-08T09:33:15+00:00\" \/>\n<meta name=\"twitter:card\" content=\"summary_large_image\" \/>\n<script type=\"application\/ld+json\" class=\"yoast-schema-graph\">{\"@context\":\"https:\/\/schema.org\",\"@graph\":[{\"@type\":\"WebPage\",\"@id\":\"https:\/\/brightloop.fr\/fr\/produits\/variateurs-de-vitesse\/\",\"url\":\"https:\/\/brightloop.fr\/fr\/produits\/variateurs-de-vitesse\/\",\"name\":\"Famille d\u2019onduleurs de commande moteur \u00e9lectrique Variateurs de vitesse - BrightLoop\",\"isPartOf\":{\"@id\":\"https:\/\/brightloop.fr\/fr\/#website\"},\"datePublished\":\"2024-06-17T12:44:41+00:00\",\"dateModified\":\"2026-01-08T09:33:15+00:00\",\"description\":\"Variateurs \u00e0 haute fr\u00e9quence 3\/6 phases command\u00e9s par logiciel pour moteurs \u00e0 haute vitesse, d\u00e9livrant jusqu'\u00e0 500 kW sous 400 Vac.\",\"breadcrumb\":{\"@id\":\"https:\/\/brightloop.fr\/fr\/produits\/variateurs-de-vitesse\/#breadcrumb\"},\"inLanguage\":\"fr-FR\",\"potentialAction\":[{\"@type\":\"ReadAction\",\"target\":[\"https:\/\/brightloop.fr\/fr\/produits\/variateurs-de-vitesse\/\"]}]},{\"@type\":\"BreadcrumbList\",\"@id\":\"https:\/\/brightloop.fr\/fr\/produits\/variateurs-de-vitesse\/#breadcrumb\",\"itemListElement\":[{\"@type\":\"ListItem\",\"position\":1,\"name\":\"&#8962;\",\"item\":\"https:\/\/brightloop.fr\/fr\/\"},{\"@type\":\"ListItem\",\"position\":2,\"name\":\"Produits\",\"item\":\"https:\/\/brightloop.fr\/fr\/produits\/\"},{\"@type\":\"ListItem\",\"position\":3,\"name\":\"Variateurs de vitesse\"}]},{\"@type\":\"WebSite\",\"@id\":\"https:\/\/brightloop.fr\/fr\/#website\",\"url\":\"https:\/\/brightloop.fr\/fr\/\",\"name\":\"BrightLoop\",\"description\":\"\",\"potentialAction\":[{\"@type\":\"SearchAction\",\"target\":{\"@type\":\"EntryPoint\",\"urlTemplate\":\"https:\/\/brightloop.fr\/fr\/?s={search_term_string}\"},\"query-input\":{\"@type\":\"PropertyValueSpecification\",\"valueRequired\":true,\"valueName\":\"search_term_string\"}}],\"inLanguage\":\"fr-FR\"}]}<\/script>\n<!-- \/ Yoast SEO Premium plugin. -->","yoast_head_json":{"title":"Famille d\u2019onduleurs de commande moteur \u00e9lectrique Variateurs de vitesse - BrightLoop","description":"Variateurs \u00e0 haute fr\u00e9quence 3\/6 phases command\u00e9s par logiciel pour moteurs \u00e0 haute vitesse, d\u00e9livrant jusqu'\u00e0 500 kW sous 400 Vac.","robots":{"index":"index","follow":"follow","max-snippet":"max-snippet:-1","max-image-preview":"max-image-preview:large","max-video-preview":"max-video-preview:-1"},"canonical":"https:\/\/brightloop.fr\/fr\/produits\/variateurs-de-vitesse\/","og_locale":"fr_FR","og_type":"article","og_title":"Variateurs de vitesse","og_description":"Variateurs \u00e0 haute fr\u00e9quence 3\/6 phases command\u00e9s par logiciel pour moteurs \u00e0 haute vitesse, d\u00e9livrant jusqu'\u00e0 500 kW sous 400 Vac.","og_url":"https:\/\/brightloop.fr\/fr\/produits\/variateurs-de-vitesse\/","og_site_name":"BrightLoop","article_modified_time":"2026-01-08T09:33:15+00:00","twitter_card":"summary_large_image","schema":{"@context":"https:\/\/schema.org","@graph":[{"@type":"WebPage","@id":"https:\/\/brightloop.fr\/fr\/produits\/variateurs-de-vitesse\/","url":"https:\/\/brightloop.fr\/fr\/produits\/variateurs-de-vitesse\/","name":"Famille d\u2019onduleurs de commande moteur \u00e9lectrique Variateurs de vitesse - BrightLoop","isPartOf":{"@id":"https:\/\/brightloop.fr\/fr\/#website"},"datePublished":"2024-06-17T12:44:41+00:00","dateModified":"2026-01-08T09:33:15+00:00","description":"Variateurs \u00e0 haute fr\u00e9quence 3\/6 phases command\u00e9s par logiciel pour moteurs \u00e0 haute vitesse, d\u00e9livrant jusqu'\u00e0 500 kW sous 400 Vac.","breadcrumb":{"@id":"https:\/\/brightloop.fr\/fr\/produits\/variateurs-de-vitesse\/#breadcrumb"},"inLanguage":"fr-FR","potentialAction":[{"@type":"ReadAction","target":["https:\/\/brightloop.fr\/fr\/produits\/variateurs-de-vitesse\/"]}]},{"@type":"BreadcrumbList","@id":"https:\/\/brightloop.fr\/fr\/produits\/variateurs-de-vitesse\/#breadcrumb","itemListElement":[{"@type":"ListItem","position":1,"name":"&#8962;","item":"https:\/\/brightloop.fr\/fr\/"},{"@type":"ListItem","position":2,"name":"Produits","item":"https:\/\/brightloop.fr\/fr\/produits\/"},{"@type":"ListItem","position":3,"name":"Variateurs de vitesse"}]},{"@type":"WebSite","@id":"https:\/\/brightloop.fr\/fr\/#website","url":"https:\/\/brightloop.fr\/fr\/","name":"BrightLoop","description":"","potentialAction":[{"@type":"SearchAction","target":{"@type":"EntryPoint","urlTemplate":"https:\/\/brightloop.fr\/fr\/?s={search_term_string}"},"query-input":{"@type":"PropertyValueSpecification","valueRequired":true,"valueName":"search_term_string"}}],"inLanguage":"fr-FR"}]}},"_links":{"self":[{"href":"https:\/\/brightloop.fr\/fr\/wp-json\/wp\/v2\/pages\/18762","targetHints":{"allow":["GET"]}}],"collection":[{"href":"https:\/\/brightloop.fr\/fr\/wp-json\/wp\/v2\/pages"}],"about":[{"href":"https:\/\/brightloop.fr\/fr\/wp-json\/wp\/v2\/types\/page"}],"author":[{"embeddable":true,"href":"https:\/\/brightloop.fr\/fr\/wp-json\/wp\/v2\/users\/1"}],"replies":[{"embeddable":true,"href":"https:\/\/brightloop.fr\/fr\/wp-json\/wp\/v2\/comments?post=18762"}],"version-history":[{"count":3,"href":"https:\/\/brightloop.fr\/fr\/wp-json\/wp\/v2\/pages\/18762\/revisions"}],"predecessor-version":[{"id":19463,"href":"https:\/\/brightloop.fr\/fr\/wp-json\/wp\/v2\/pages\/18762\/revisions\/19463"}],"up":[{"embeddable":true,"href":"https:\/\/brightloop.fr\/fr\/wp-json\/wp\/v2\/pages\/18750"}],"wp:attachment":[{"href":"https:\/\/brightloop.fr\/fr\/wp-json\/wp\/v2\/media?parent=18762"}],"curies":[{"name":"wp","href":"https:\/\/api.w.org\/{rel}","templated":true}]}}