{"id":18763,"date":"2024-06-17T15:13:07","date_gmt":"2024-06-17T13:13:07","guid":{"rendered":"https:\/\/brightloop.fr\/produits\/convertisseurs-dc-dc-hv-lv\/"},"modified":"2026-01-12T06:48:13","modified_gmt":"2026-01-12T05:48:13","slug":"convertisseurs-hv-lv-dc-dc","status":"publish","type":"page","link":"https:\/\/brightloop.fr\/fr\/produits\/convertisseurs-hv-lv-dc-dc\/","title":{"rendered":"Convertisseurs DC\/DC HV-LV"},"content":{"rendered":"","protected":false},"excerpt":{"rendered":"","protected":false},"author":1,"featured_media":0,"parent":18750,"menu_order":0,"comment_status":"closed","ping_status":"closed","template":"","meta":{"footnotes":""},"class_list":["post-18763","page","type-page","status-publish","hentry"],"yoast_head":"<!-- This site is optimized with the Yoast SEO Premium plugin v26.9 (Yoast SEO v26.9) - https:\/\/yoast.com\/product\/yoast-seo-premium-wordpress\/ -->\n<title>Famille de convertisseurs DC\/DC HV-LV robustes et bidirectionnels - BrightLoop<\/title>\n<meta name=\"description\" content=\"Convertisseurs DC\/DC HV-LV robustes, contr\u00f4l\u00e9s par logiciel, parall\u00e9lisables, bidirectionnels, buck-boost, con\u00e7us pour des conditions de fonctionnement difficiles et exigeantes.\" \/>\n<meta name=\"robots\" content=\"index, follow, max-snippet:-1, max-image-preview:large, max-video-preview:-1\" \/>\n<link rel=\"canonical\" href=\"https:\/\/brightloop.fr\/fr\/produits\/convertisseurs-hv-lv-dc-dc\/\" \/>\n<meta property=\"og:locale\" content=\"fr_FR\" \/>\n<meta property=\"og:type\" content=\"article\" \/>\n<meta property=\"og:title\" content=\"Convertisseurs DC\/DC HV-LV\" \/>\n<meta property=\"og:description\" content=\"Convertisseurs DC\/DC HV-LV robustes, contr\u00f4l\u00e9s par logiciel, parall\u00e9lisables, bidirectionnels, buck-boost, con\u00e7us pour des conditions de fonctionnement difficiles et exigeantes.\" \/>\n<meta property=\"og:url\" content=\"https:\/\/brightloop.fr\/fr\/produits\/convertisseurs-hv-lv-dc-dc\/\" \/>\n<meta property=\"og:site_name\" content=\"BrightLoop\" \/>\n<meta property=\"article:modified_time\" content=\"2026-01-12T05:48:13+00:00\" \/>\n<meta name=\"twitter:card\" content=\"summary_large_image\" \/>\n<script type=\"application\/ld+json\" class=\"yoast-schema-graph\">{\"@context\":\"https:\/\/schema.org\",\"@graph\":[{\"@type\":\"WebPage\",\"@id\":\"https:\/\/brightloop.fr\/fr\/produits\/convertisseurs-hv-lv-dc-dc\/\",\"url\":\"https:\/\/brightloop.fr\/fr\/produits\/convertisseurs-hv-lv-dc-dc\/\",\"name\":\"Famille de convertisseurs DC\/DC HV-LV robustes et bidirectionnels - BrightLoop\",\"isPartOf\":{\"@id\":\"https:\/\/brightloop.fr\/fr\/#website\"},\"datePublished\":\"2024-06-17T13:13:07+00:00\",\"dateModified\":\"2026-01-12T05:48:13+00:00\",\"description\":\"Convertisseurs DC\/DC HV-LV robustes, contr\u00f4l\u00e9s par logiciel, parall\u00e9lisables, bidirectionnels, buck-boost, con\u00e7us pour des conditions de fonctionnement difficiles et exigeantes.\",\"breadcrumb\":{\"@id\":\"https:\/\/brightloop.fr\/fr\/produits\/convertisseurs-hv-lv-dc-dc\/#breadcrumb\"},\"inLanguage\":\"fr-FR\",\"potentialAction\":[{\"@type\":\"ReadAction\",\"target\":[\"https:\/\/brightloop.fr\/fr\/produits\/convertisseurs-hv-lv-dc-dc\/\"]}]},{\"@type\":\"BreadcrumbList\",\"@id\":\"https:\/\/brightloop.fr\/fr\/produits\/convertisseurs-hv-lv-dc-dc\/#breadcrumb\",\"itemListElement\":[{\"@type\":\"ListItem\",\"position\":1,\"name\":\"&#8962;\",\"item\":\"https:\/\/brightloop.fr\/fr\/\"},{\"@type\":\"ListItem\",\"position\":2,\"name\":\"Produits\",\"item\":\"https:\/\/brightloop.fr\/fr\/produits\/\"},{\"@type\":\"ListItem\",\"position\":3,\"name\":\"Convertisseurs DC\/DC HV-LV\"}]},{\"@type\":\"WebSite\",\"@id\":\"https:\/\/brightloop.fr\/fr\/#website\",\"url\":\"https:\/\/brightloop.fr\/fr\/\",\"name\":\"BrightLoop\",\"description\":\"\",\"potentialAction\":[{\"@type\":\"SearchAction\",\"target\":{\"@type\":\"EntryPoint\",\"urlTemplate\":\"https:\/\/brightloop.fr\/fr\/?s={search_term_string}\"},\"query-input\":{\"@type\":\"PropertyValueSpecification\",\"valueRequired\":true,\"valueName\":\"search_term_string\"}}],\"inLanguage\":\"fr-FR\"}]}<\/script>\n<!-- \/ Yoast SEO Premium plugin. -->","yoast_head_json":{"title":"Famille de convertisseurs DC\/DC HV-LV robustes et bidirectionnels - BrightLoop","description":"Convertisseurs DC\/DC HV-LV robustes, contr\u00f4l\u00e9s par logiciel, parall\u00e9lisables, bidirectionnels, buck-boost, con\u00e7us pour des conditions de fonctionnement difficiles et exigeantes.","robots":{"index":"index","follow":"follow","max-snippet":"max-snippet:-1","max-image-preview":"max-image-preview:large","max-video-preview":"max-video-preview:-1"},"canonical":"https:\/\/brightloop.fr\/fr\/produits\/convertisseurs-hv-lv-dc-dc\/","og_locale":"fr_FR","og_type":"article","og_title":"Convertisseurs DC\/DC HV-LV","og_description":"Convertisseurs DC\/DC HV-LV robustes, contr\u00f4l\u00e9s par logiciel, parall\u00e9lisables, bidirectionnels, buck-boost, con\u00e7us pour des conditions de fonctionnement difficiles et exigeantes.","og_url":"https:\/\/brightloop.fr\/fr\/produits\/convertisseurs-hv-lv-dc-dc\/","og_site_name":"BrightLoop","article_modified_time":"2026-01-12T05:48:13+00:00","twitter_card":"summary_large_image","schema":{"@context":"https:\/\/schema.org","@graph":[{"@type":"WebPage","@id":"https:\/\/brightloop.fr\/fr\/produits\/convertisseurs-hv-lv-dc-dc\/","url":"https:\/\/brightloop.fr\/fr\/produits\/convertisseurs-hv-lv-dc-dc\/","name":"Famille de convertisseurs DC\/DC HV-LV robustes et bidirectionnels - BrightLoop","isPartOf":{"@id":"https:\/\/brightloop.fr\/fr\/#website"},"datePublished":"2024-06-17T13:13:07+00:00","dateModified":"2026-01-12T05:48:13+00:00","description":"Convertisseurs DC\/DC HV-LV robustes, contr\u00f4l\u00e9s par logiciel, parall\u00e9lisables, bidirectionnels, buck-boost, con\u00e7us pour des conditions de fonctionnement difficiles et exigeantes.","breadcrumb":{"@id":"https:\/\/brightloop.fr\/fr\/produits\/convertisseurs-hv-lv-dc-dc\/#breadcrumb"},"inLanguage":"fr-FR","potentialAction":[{"@type":"ReadAction","target":["https:\/\/brightloop.fr\/fr\/produits\/convertisseurs-hv-lv-dc-dc\/"]}]},{"@type":"BreadcrumbList","@id":"https:\/\/brightloop.fr\/fr\/produits\/convertisseurs-hv-lv-dc-dc\/#breadcrumb","itemListElement":[{"@type":"ListItem","position":1,"name":"&#8962;","item":"https:\/\/brightloop.fr\/fr\/"},{"@type":"ListItem","position":2,"name":"Produits","item":"https:\/\/brightloop.fr\/fr\/produits\/"},{"@type":"ListItem","position":3,"name":"Convertisseurs DC\/DC HV-LV"}]},{"@type":"WebSite","@id":"https:\/\/brightloop.fr\/fr\/#website","url":"https:\/\/brightloop.fr\/fr\/","name":"BrightLoop","description":"","potentialAction":[{"@type":"SearchAction","target":{"@type":"EntryPoint","urlTemplate":"https:\/\/brightloop.fr\/fr\/?s={search_term_string}"},"query-input":{"@type":"PropertyValueSpecification","valueRequired":true,"valueName":"search_term_string"}}],"inLanguage":"fr-FR"}]}},"_links":{"self":[{"href":"https:\/\/brightloop.fr\/fr\/wp-json\/wp\/v2\/pages\/18763","targetHints":{"allow":["GET"]}}],"collection":[{"href":"https:\/\/brightloop.fr\/fr\/wp-json\/wp\/v2\/pages"}],"about":[{"href":"https:\/\/brightloop.fr\/fr\/wp-json\/wp\/v2\/types\/page"}],"author":[{"embeddable":true,"href":"https:\/\/brightloop.fr\/fr\/wp-json\/wp\/v2\/users\/1"}],"replies":[{"embeddable":true,"href":"https:\/\/brightloop.fr\/fr\/wp-json\/wp\/v2\/comments?post=18763"}],"version-history":[{"count":1,"href":"https:\/\/brightloop.fr\/fr\/wp-json\/wp\/v2\/pages\/18763\/revisions"}],"predecessor-version":[{"id":18852,"href":"https:\/\/brightloop.fr\/fr\/wp-json\/wp\/v2\/pages\/18763\/revisions\/18852"}],"up":[{"embeddable":true,"href":"https:\/\/brightloop.fr\/fr\/wp-json\/wp\/v2\/pages\/18750"}],"wp:attachment":[{"href":"https:\/\/brightloop.fr\/fr\/wp-json\/wp\/v2\/media?parent=18763"}],"curies":[{"name":"wp","href":"https:\/\/api.w.org\/{rel}","templated":true}]}}