{"id":18771,"date":"2024-06-16T02:41:34","date_gmt":"2024-06-16T00:41:34","guid":{"rendered":"https:\/\/brightloop.fr\/applications\/hydrogene\/"},"modified":"2024-10-11T21:25:59","modified_gmt":"2024-10-11T19:25:59","slug":"hydrogene","status":"publish","type":"page","link":"https:\/\/brightloop.fr\/fr\/applications\/hydrogene\/","title":{"rendered":"Hydrog\u00e8ne"},"content":{"rendered":"","protected":false},"excerpt":{"rendered":"","protected":false},"author":1,"featured_media":0,"parent":18758,"menu_order":0,"comment_status":"closed","ping_status":"closed","template":"","meta":{"footnotes":""},"class_list":["post-18771","page","type-page","status-publish","hentry"],"yoast_head":"<!-- This site is optimized with the Yoast SEO Premium plugin v26.9 (Yoast SEO v26.9) - https:\/\/yoast.com\/product\/yoast-seo-premium-wordpress\/ -->\n<title>Convertisseurs de haute puissance pour les piles \u00e0 combustible Hydrog\u00e8ne - BrightLoop<\/title>\n<meta name=\"description\" content=\"BrightLoop fabrique des convertisseurs de haute puissance parall\u00e9lisables et dot\u00e9s d&#039;une isolation galvanique, con\u00e7us pour r\u00e9pondre aux exigences sp\u00e9cifiques des piles \u00e0 combustible.\" \/>\n<meta name=\"robots\" content=\"index, follow, max-snippet:-1, max-image-preview:large, max-video-preview:-1\" \/>\n<link rel=\"canonical\" href=\"https:\/\/brightloop.fr\/fr\/applications\/hydrogene\/\" \/>\n<meta property=\"og:locale\" content=\"fr_FR\" \/>\n<meta property=\"og:type\" content=\"article\" \/>\n<meta property=\"og:title\" content=\"Hydrog\u00e8ne\" \/>\n<meta property=\"og:description\" content=\"BrightLoop fabrique des convertisseurs de haute puissance parall\u00e9lisables et dot\u00e9s d&#039;une isolation galvanique, con\u00e7us pour r\u00e9pondre aux exigences sp\u00e9cifiques des piles \u00e0 combustible.\" \/>\n<meta property=\"og:url\" content=\"https:\/\/brightloop.fr\/fr\/applications\/hydrogene\/\" \/>\n<meta property=\"og:site_name\" content=\"BrightLoop\" \/>\n<meta property=\"article:modified_time\" content=\"2024-10-11T19:25:59+00:00\" \/>\n<meta name=\"twitter:card\" content=\"summary_large_image\" \/>\n<script type=\"application\/ld+json\" class=\"yoast-schema-graph\">{\"@context\":\"https:\/\/schema.org\",\"@graph\":[{\"@type\":\"WebPage\",\"@id\":\"https:\/\/brightloop.fr\/fr\/applications\/hydrogene\/\",\"url\":\"https:\/\/brightloop.fr\/fr\/applications\/hydrogene\/\",\"name\":\"Convertisseurs de haute puissance pour les piles \u00e0 combustible Hydrog\u00e8ne - BrightLoop\",\"isPartOf\":{\"@id\":\"https:\/\/brightloop.fr\/fr\/#website\"},\"datePublished\":\"2024-06-16T00:41:34+00:00\",\"dateModified\":\"2024-10-11T19:25:59+00:00\",\"description\":\"BrightLoop fabrique des convertisseurs de haute puissance parall\u00e9lisables et dot\u00e9s d'une isolation galvanique, con\u00e7us pour r\u00e9pondre aux exigences sp\u00e9cifiques des piles \u00e0 combustible.\",\"breadcrumb\":{\"@id\":\"https:\/\/brightloop.fr\/fr\/applications\/hydrogene\/#breadcrumb\"},\"inLanguage\":\"fr-FR\",\"potentialAction\":[{\"@type\":\"ReadAction\",\"target\":[\"https:\/\/brightloop.fr\/fr\/applications\/hydrogene\/\"]}]},{\"@type\":\"BreadcrumbList\",\"@id\":\"https:\/\/brightloop.fr\/fr\/applications\/hydrogene\/#breadcrumb\",\"itemListElement\":[{\"@type\":\"ListItem\",\"position\":1,\"name\":\"&#8962;\",\"item\":\"https:\/\/brightloop.fr\/fr\/\"},{\"@type\":\"ListItem\",\"position\":2,\"name\":\"Applications\",\"item\":\"https:\/\/brightloop.fr\/fr\/applications\/\"},{\"@type\":\"ListItem\",\"position\":3,\"name\":\"Hydrog\u00e8ne\"}]},{\"@type\":\"WebSite\",\"@id\":\"https:\/\/brightloop.fr\/fr\/#website\",\"url\":\"https:\/\/brightloop.fr\/fr\/\",\"name\":\"BrightLoop\",\"description\":\"\",\"potentialAction\":[{\"@type\":\"SearchAction\",\"target\":{\"@type\":\"EntryPoint\",\"urlTemplate\":\"https:\/\/brightloop.fr\/fr\/?s={search_term_string}\"},\"query-input\":{\"@type\":\"PropertyValueSpecification\",\"valueRequired\":true,\"valueName\":\"search_term_string\"}}],\"inLanguage\":\"fr-FR\"}]}<\/script>\n<!-- \/ Yoast SEO Premium plugin. -->","yoast_head_json":{"title":"Convertisseurs de haute puissance pour les piles \u00e0 combustible Hydrog\u00e8ne - BrightLoop","description":"BrightLoop fabrique des convertisseurs de haute puissance parall\u00e9lisables et dot\u00e9s d'une isolation galvanique, con\u00e7us pour r\u00e9pondre aux exigences sp\u00e9cifiques des piles \u00e0 combustible.","robots":{"index":"index","follow":"follow","max-snippet":"max-snippet:-1","max-image-preview":"max-image-preview:large","max-video-preview":"max-video-preview:-1"},"canonical":"https:\/\/brightloop.fr\/fr\/applications\/hydrogene\/","og_locale":"fr_FR","og_type":"article","og_title":"Hydrog\u00e8ne","og_description":"BrightLoop fabrique des convertisseurs de haute puissance parall\u00e9lisables et dot\u00e9s d'une isolation galvanique, con\u00e7us pour r\u00e9pondre aux exigences sp\u00e9cifiques des piles \u00e0 combustible.","og_url":"https:\/\/brightloop.fr\/fr\/applications\/hydrogene\/","og_site_name":"BrightLoop","article_modified_time":"2024-10-11T19:25:59+00:00","twitter_card":"summary_large_image","schema":{"@context":"https:\/\/schema.org","@graph":[{"@type":"WebPage","@id":"https:\/\/brightloop.fr\/fr\/applications\/hydrogene\/","url":"https:\/\/brightloop.fr\/fr\/applications\/hydrogene\/","name":"Convertisseurs de haute puissance pour les piles \u00e0 combustible Hydrog\u00e8ne - BrightLoop","isPartOf":{"@id":"https:\/\/brightloop.fr\/fr\/#website"},"datePublished":"2024-06-16T00:41:34+00:00","dateModified":"2024-10-11T19:25:59+00:00","description":"BrightLoop fabrique des convertisseurs de haute puissance parall\u00e9lisables et dot\u00e9s d'une isolation galvanique, con\u00e7us pour r\u00e9pondre aux exigences sp\u00e9cifiques des piles \u00e0 combustible.","breadcrumb":{"@id":"https:\/\/brightloop.fr\/fr\/applications\/hydrogene\/#breadcrumb"},"inLanguage":"fr-FR","potentialAction":[{"@type":"ReadAction","target":["https:\/\/brightloop.fr\/fr\/applications\/hydrogene\/"]}]},{"@type":"BreadcrumbList","@id":"https:\/\/brightloop.fr\/fr\/applications\/hydrogene\/#breadcrumb","itemListElement":[{"@type":"ListItem","position":1,"name":"&#8962;","item":"https:\/\/brightloop.fr\/fr\/"},{"@type":"ListItem","position":2,"name":"Applications","item":"https:\/\/brightloop.fr\/fr\/applications\/"},{"@type":"ListItem","position":3,"name":"Hydrog\u00e8ne"}]},{"@type":"WebSite","@id":"https:\/\/brightloop.fr\/fr\/#website","url":"https:\/\/brightloop.fr\/fr\/","name":"BrightLoop","description":"","potentialAction":[{"@type":"SearchAction","target":{"@type":"EntryPoint","urlTemplate":"https:\/\/brightloop.fr\/fr\/?s={search_term_string}"},"query-input":{"@type":"PropertyValueSpecification","valueRequired":true,"valueName":"search_term_string"}}],"inLanguage":"fr-FR"}]}},"_links":{"self":[{"href":"https:\/\/brightloop.fr\/fr\/wp-json\/wp\/v2\/pages\/18771","targetHints":{"allow":["GET"]}}],"collection":[{"href":"https:\/\/brightloop.fr\/fr\/wp-json\/wp\/v2\/pages"}],"about":[{"href":"https:\/\/brightloop.fr\/fr\/wp-json\/wp\/v2\/types\/page"}],"author":[{"embeddable":true,"href":"https:\/\/brightloop.fr\/fr\/wp-json\/wp\/v2\/users\/1"}],"replies":[{"embeddable":true,"href":"https:\/\/brightloop.fr\/fr\/wp-json\/wp\/v2\/comments?post=18771"}],"version-history":[{"count":1,"href":"https:\/\/brightloop.fr\/fr\/wp-json\/wp\/v2\/pages\/18771\/revisions"}],"predecessor-version":[{"id":18874,"href":"https:\/\/brightloop.fr\/fr\/wp-json\/wp\/v2\/pages\/18771\/revisions\/18874"}],"up":[{"embeddable":true,"href":"https:\/\/brightloop.fr\/fr\/wp-json\/wp\/v2\/pages\/18758"}],"wp:attachment":[{"href":"https:\/\/brightloop.fr\/fr\/wp-json\/wp\/v2\/media?parent=18771"}],"curies":[{"name":"wp","href":"https:\/\/api.w.org\/{rel}","templated":true}]}}