{"id":18773,"date":"2024-06-17T10:15:23","date_gmt":"2024-06-17T08:15:23","guid":{"rendered":"https:\/\/brightloop.fr\/entreprise\/conformite-a-la-rse\/"},"modified":"2026-03-24T01:25:25","modified_gmt":"2026-03-24T00:25:25","slug":"conformite-a-la-rse","status":"publish","type":"page","link":"https:\/\/brightloop.fr\/fr\/entreprise\/conformite-a-la-rse\/","title":{"rendered":"Conformit\u00e9 \u00e0 la RSE"},"content":{"rendered":"","protected":false},"excerpt":{"rendered":"","protected":false},"author":1,"featured_media":0,"parent":18752,"menu_order":0,"comment_status":"open","ping_status":"closed","template":"","meta":{"footnotes":""},"class_list":["post-18773","page","type-page","status-publish","hentry"],"yoast_head":"<!-- This site is optimized with the Yoast SEO Premium plugin v26.9 (Yoast SEO v26.9) - https:\/\/yoast.com\/product\/yoast-seo-premium-wordpress\/ -->\n<title>R\u00e9duire l&#039;empreinte environnementale des convertisseurs de puissance BrightLoop<\/title>\n<meta name=\"description\" content=\"Nos convertisseurs et innovations technologiques sont fond\u00e9s sur les principes du d\u00e9veloppement durable et de la rentabilit\u00e9. De cette mani\u00e8re, nous g\u00e9n\u00e9rons de la valeur non seulement pour notre entreprise et nos clients, mais \u00e9galement pour la soci\u00e9t\u00e9 dans son ensemble.\" \/>\n<meta name=\"robots\" content=\"index, follow, max-snippet:-1, max-image-preview:large, max-video-preview:-1\" \/>\n<link rel=\"canonical\" href=\"https:\/\/brightloop.fr\/fr\/entreprise\/conformite-a-la-rse\/\" \/>\n<meta property=\"og:locale\" content=\"fr_FR\" \/>\n<meta property=\"og:type\" content=\"article\" \/>\n<meta property=\"og:title\" content=\"Conformit\u00e9 \u00e0 la RSE\" \/>\n<meta property=\"og:description\" content=\"Nos convertisseurs et innovations technologiques sont fond\u00e9s sur les principes du d\u00e9veloppement durable et de la rentabilit\u00e9. De cette mani\u00e8re, nous g\u00e9n\u00e9rons de la valeur non seulement pour notre entreprise et nos clients, mais \u00e9galement pour la soci\u00e9t\u00e9 dans son ensemble.\" \/>\n<meta property=\"og:url\" content=\"https:\/\/brightloop.fr\/fr\/entreprise\/conformite-a-la-rse\/\" \/>\n<meta property=\"og:site_name\" content=\"BrightLoop\" \/>\n<meta property=\"article:modified_time\" content=\"2026-03-24T00:25:25+00:00\" \/>\n<meta name=\"twitter:card\" content=\"summary_large_image\" \/>\n<script type=\"application\/ld+json\" class=\"yoast-schema-graph\">{\"@context\":\"https:\/\/schema.org\",\"@graph\":[{\"@type\":\"WebPage\",\"@id\":\"https:\/\/brightloop.fr\/fr\/entreprise\/conformite-a-la-rse\/\",\"url\":\"https:\/\/brightloop.fr\/fr\/entreprise\/conformite-a-la-rse\/\",\"name\":\"R\u00e9duire l'empreinte environnementale des convertisseurs de puissance BrightLoop\",\"isPartOf\":{\"@id\":\"https:\/\/brightloop.fr\/fr\/#website\"},\"datePublished\":\"2024-06-17T08:15:23+00:00\",\"dateModified\":\"2026-03-24T00:25:25+00:00\",\"description\":\"Nos convertisseurs et innovations technologiques sont fond\u00e9s sur les principes du d\u00e9veloppement durable et de la rentabilit\u00e9. De cette mani\u00e8re, nous g\u00e9n\u00e9rons de la valeur non seulement pour notre entreprise et nos clients, mais \u00e9galement pour la soci\u00e9t\u00e9 dans son ensemble.\",\"breadcrumb\":{\"@id\":\"https:\/\/brightloop.fr\/fr\/entreprise\/conformite-a-la-rse\/#breadcrumb\"},\"inLanguage\":\"fr-FR\",\"potentialAction\":[{\"@type\":\"ReadAction\",\"target\":[\"https:\/\/brightloop.fr\/fr\/entreprise\/conformite-a-la-rse\/\"]}]},{\"@type\":\"BreadcrumbList\",\"@id\":\"https:\/\/brightloop.fr\/fr\/entreprise\/conformite-a-la-rse\/#breadcrumb\",\"itemListElement\":[{\"@type\":\"ListItem\",\"position\":1,\"name\":\"&#8962;\",\"item\":\"https:\/\/brightloop.fr\/fr\/\"},{\"@type\":\"ListItem\",\"position\":2,\"name\":\"Entreprise\",\"item\":\"https:\/\/brightloop.fr\/fr\/entreprise\/\"},{\"@type\":\"ListItem\",\"position\":3,\"name\":\"Conformit\u00e9 \u00e0 la RSE\"}]},{\"@type\":\"WebSite\",\"@id\":\"https:\/\/brightloop.fr\/fr\/#website\",\"url\":\"https:\/\/brightloop.fr\/fr\/\",\"name\":\"BrightLoop\",\"description\":\"\",\"potentialAction\":[{\"@type\":\"SearchAction\",\"target\":{\"@type\":\"EntryPoint\",\"urlTemplate\":\"https:\/\/brightloop.fr\/fr\/?s={search_term_string}\"},\"query-input\":{\"@type\":\"PropertyValueSpecification\",\"valueRequired\":true,\"valueName\":\"search_term_string\"}}],\"inLanguage\":\"fr-FR\"}]}<\/script>\n<!-- \/ Yoast SEO Premium plugin. -->","yoast_head_json":{"title":"R\u00e9duire l'empreinte environnementale des convertisseurs de puissance BrightLoop","description":"Nos convertisseurs et innovations technologiques sont fond\u00e9s sur les principes du d\u00e9veloppement durable et de la rentabilit\u00e9. De cette mani\u00e8re, nous g\u00e9n\u00e9rons de la valeur non seulement pour notre entreprise et nos clients, mais \u00e9galement pour la soci\u00e9t\u00e9 dans son ensemble.","robots":{"index":"index","follow":"follow","max-snippet":"max-snippet:-1","max-image-preview":"max-image-preview:large","max-video-preview":"max-video-preview:-1"},"canonical":"https:\/\/brightloop.fr\/fr\/entreprise\/conformite-a-la-rse\/","og_locale":"fr_FR","og_type":"article","og_title":"Conformit\u00e9 \u00e0 la RSE","og_description":"Nos convertisseurs et innovations technologiques sont fond\u00e9s sur les principes du d\u00e9veloppement durable et de la rentabilit\u00e9. De cette mani\u00e8re, nous g\u00e9n\u00e9rons de la valeur non seulement pour notre entreprise et nos clients, mais \u00e9galement pour la soci\u00e9t\u00e9 dans son ensemble.","og_url":"https:\/\/brightloop.fr\/fr\/entreprise\/conformite-a-la-rse\/","og_site_name":"BrightLoop","article_modified_time":"2026-03-24T00:25:25+00:00","twitter_card":"summary_large_image","schema":{"@context":"https:\/\/schema.org","@graph":[{"@type":"WebPage","@id":"https:\/\/brightloop.fr\/fr\/entreprise\/conformite-a-la-rse\/","url":"https:\/\/brightloop.fr\/fr\/entreprise\/conformite-a-la-rse\/","name":"R\u00e9duire l'empreinte environnementale des convertisseurs de puissance BrightLoop","isPartOf":{"@id":"https:\/\/brightloop.fr\/fr\/#website"},"datePublished":"2024-06-17T08:15:23+00:00","dateModified":"2026-03-24T00:25:25+00:00","description":"Nos convertisseurs et innovations technologiques sont fond\u00e9s sur les principes du d\u00e9veloppement durable et de la rentabilit\u00e9. De cette mani\u00e8re, nous g\u00e9n\u00e9rons de la valeur non seulement pour notre entreprise et nos clients, mais \u00e9galement pour la soci\u00e9t\u00e9 dans son ensemble.","breadcrumb":{"@id":"https:\/\/brightloop.fr\/fr\/entreprise\/conformite-a-la-rse\/#breadcrumb"},"inLanguage":"fr-FR","potentialAction":[{"@type":"ReadAction","target":["https:\/\/brightloop.fr\/fr\/entreprise\/conformite-a-la-rse\/"]}]},{"@type":"BreadcrumbList","@id":"https:\/\/brightloop.fr\/fr\/entreprise\/conformite-a-la-rse\/#breadcrumb","itemListElement":[{"@type":"ListItem","position":1,"name":"&#8962;","item":"https:\/\/brightloop.fr\/fr\/"},{"@type":"ListItem","position":2,"name":"Entreprise","item":"https:\/\/brightloop.fr\/fr\/entreprise\/"},{"@type":"ListItem","position":3,"name":"Conformit\u00e9 \u00e0 la RSE"}]},{"@type":"WebSite","@id":"https:\/\/brightloop.fr\/fr\/#website","url":"https:\/\/brightloop.fr\/fr\/","name":"BrightLoop","description":"","potentialAction":[{"@type":"SearchAction","target":{"@type":"EntryPoint","urlTemplate":"https:\/\/brightloop.fr\/fr\/?s={search_term_string}"},"query-input":{"@type":"PropertyValueSpecification","valueRequired":true,"valueName":"search_term_string"}}],"inLanguage":"fr-FR"}]}},"_links":{"self":[{"href":"https:\/\/brightloop.fr\/fr\/wp-json\/wp\/v2\/pages\/18773","targetHints":{"allow":["GET"]}}],"collection":[{"href":"https:\/\/brightloop.fr\/fr\/wp-json\/wp\/v2\/pages"}],"about":[{"href":"https:\/\/brightloop.fr\/fr\/wp-json\/wp\/v2\/types\/page"}],"author":[{"embeddable":true,"href":"https:\/\/brightloop.fr\/fr\/wp-json\/wp\/v2\/users\/1"}],"replies":[{"embeddable":true,"href":"https:\/\/brightloop.fr\/fr\/wp-json\/wp\/v2\/comments?post=18773"}],"version-history":[{"count":1,"href":"https:\/\/brightloop.fr\/fr\/wp-json\/wp\/v2\/pages\/18773\/revisions"}],"predecessor-version":[{"id":18869,"href":"https:\/\/brightloop.fr\/fr\/wp-json\/wp\/v2\/pages\/18773\/revisions\/18869"}],"up":[{"embeddable":true,"href":"https:\/\/brightloop.fr\/fr\/wp-json\/wp\/v2\/pages\/18752"}],"wp:attachment":[{"href":"https:\/\/brightloop.fr\/fr\/wp-json\/wp\/v2\/media?parent=18773"}],"curies":[{"name":"wp","href":"https:\/\/api.w.org\/{rel}","templated":true}]}}