{"id":18775,"date":"2024-06-17T10:35:16","date_gmt":"2024-06-17T08:35:16","guid":{"rendered":"https:\/\/brightloop.fr\/produits\/plate-forme\/"},"modified":"2024-10-11T21:13:18","modified_gmt":"2024-10-11T19:13:18","slug":"plate-forme","status":"publish","type":"page","link":"https:\/\/brightloop.fr\/fr\/produits\/plate-forme\/","title":{"rendered":"Plateforme"},"content":{"rendered":"","protected":false},"excerpt":{"rendered":"","protected":false},"author":1,"featured_media":0,"parent":18750,"menu_order":0,"comment_status":"closed","ping_status":"closed","template":"","meta":{"footnotes":""},"class_list":["post-18775","page","type-page","status-publish","hentry"],"yoast_head":"<!-- This site is optimized with the Yoast SEO Premium plugin v26.9 (Yoast SEO v26.9) - https:\/\/yoast.com\/product\/yoast-seo-premium-wordpress\/ -->\n<title>Une plateforme universelle de conversion de puissance - BrightLoop<\/title>\n<meta name=\"description\" content=\"Convertisseurs et onduleurs dot\u00e9s d&#039;une topologie cellulaire commune de conversion de puissance permettant de multiples voies de puissance programmables, la parall\u00e9lisation, l&#039;\u00e9volutivit\u00e9 de la puissance et le contr\u00f4le logiciel en temps r\u00e9el.\" \/>\n<meta name=\"robots\" content=\"index, follow, max-snippet:-1, max-image-preview:large, max-video-preview:-1\" \/>\n<link rel=\"canonical\" href=\"https:\/\/brightloop.fr\/fr\/produits\/plate-forme\/\" \/>\n<meta property=\"og:locale\" content=\"fr_FR\" \/>\n<meta property=\"og:type\" content=\"article\" \/>\n<meta property=\"og:title\" content=\"Plateforme\" \/>\n<meta property=\"og:description\" content=\"Convertisseurs et onduleurs dot\u00e9s d&#039;une topologie cellulaire commune de conversion de puissance permettant de multiples voies de puissance programmables, la parall\u00e9lisation, l&#039;\u00e9volutivit\u00e9 de la puissance et le contr\u00f4le logiciel en temps r\u00e9el.\" \/>\n<meta property=\"og:url\" content=\"https:\/\/brightloop.fr\/fr\/produits\/plate-forme\/\" \/>\n<meta property=\"og:site_name\" content=\"BrightLoop\" \/>\n<meta property=\"article:modified_time\" content=\"2024-10-11T19:13:18+00:00\" \/>\n<meta name=\"twitter:card\" content=\"summary_large_image\" \/>\n<script type=\"application\/ld+json\" class=\"yoast-schema-graph\">{\"@context\":\"https:\/\/schema.org\",\"@graph\":[{\"@type\":\"WebPage\",\"@id\":\"https:\/\/brightloop.fr\/fr\/produits\/plate-forme\/\",\"url\":\"https:\/\/brightloop.fr\/fr\/produits\/plate-forme\/\",\"name\":\"Une plateforme universelle de conversion de puissance - BrightLoop\",\"isPartOf\":{\"@id\":\"https:\/\/brightloop.fr\/fr\/#website\"},\"datePublished\":\"2024-06-17T08:35:16+00:00\",\"dateModified\":\"2024-10-11T19:13:18+00:00\",\"description\":\"Convertisseurs et onduleurs dot\u00e9s d'une topologie cellulaire commune de conversion de puissance permettant de multiples voies de puissance programmables, la parall\u00e9lisation, l'\u00e9volutivit\u00e9 de la puissance et le contr\u00f4le logiciel en temps r\u00e9el.\",\"breadcrumb\":{\"@id\":\"https:\/\/brightloop.fr\/fr\/produits\/plate-forme\/#breadcrumb\"},\"inLanguage\":\"fr-FR\",\"potentialAction\":[{\"@type\":\"ReadAction\",\"target\":[\"https:\/\/brightloop.fr\/fr\/produits\/plate-forme\/\"]}]},{\"@type\":\"BreadcrumbList\",\"@id\":\"https:\/\/brightloop.fr\/fr\/produits\/plate-forme\/#breadcrumb\",\"itemListElement\":[{\"@type\":\"ListItem\",\"position\":1,\"name\":\"&#8962;\",\"item\":\"https:\/\/brightloop.fr\/fr\/\"},{\"@type\":\"ListItem\",\"position\":2,\"name\":\"Produits\",\"item\":\"https:\/\/brightloop.fr\/fr\/produits\/\"},{\"@type\":\"ListItem\",\"position\":3,\"name\":\"Plateforme\"}]},{\"@type\":\"WebSite\",\"@id\":\"https:\/\/brightloop.fr\/fr\/#website\",\"url\":\"https:\/\/brightloop.fr\/fr\/\",\"name\":\"BrightLoop\",\"description\":\"\",\"potentialAction\":[{\"@type\":\"SearchAction\",\"target\":{\"@type\":\"EntryPoint\",\"urlTemplate\":\"https:\/\/brightloop.fr\/fr\/?s={search_term_string}\"},\"query-input\":{\"@type\":\"PropertyValueSpecification\",\"valueRequired\":true,\"valueName\":\"search_term_string\"}}],\"inLanguage\":\"fr-FR\"}]}<\/script>\n<!-- \/ Yoast SEO Premium plugin. -->","yoast_head_json":{"title":"Une plateforme universelle de conversion de puissance - BrightLoop","description":"Convertisseurs et onduleurs dot\u00e9s d'une topologie cellulaire commune de conversion de puissance permettant de multiples voies de puissance programmables, la parall\u00e9lisation, l'\u00e9volutivit\u00e9 de la puissance et le contr\u00f4le logiciel en temps r\u00e9el.","robots":{"index":"index","follow":"follow","max-snippet":"max-snippet:-1","max-image-preview":"max-image-preview:large","max-video-preview":"max-video-preview:-1"},"canonical":"https:\/\/brightloop.fr\/fr\/produits\/plate-forme\/","og_locale":"fr_FR","og_type":"article","og_title":"Plateforme","og_description":"Convertisseurs et onduleurs dot\u00e9s d'une topologie cellulaire commune de conversion de puissance permettant de multiples voies de puissance programmables, la parall\u00e9lisation, l'\u00e9volutivit\u00e9 de la puissance et le contr\u00f4le logiciel en temps r\u00e9el.","og_url":"https:\/\/brightloop.fr\/fr\/produits\/plate-forme\/","og_site_name":"BrightLoop","article_modified_time":"2024-10-11T19:13:18+00:00","twitter_card":"summary_large_image","schema":{"@context":"https:\/\/schema.org","@graph":[{"@type":"WebPage","@id":"https:\/\/brightloop.fr\/fr\/produits\/plate-forme\/","url":"https:\/\/brightloop.fr\/fr\/produits\/plate-forme\/","name":"Une plateforme universelle de conversion de puissance - BrightLoop","isPartOf":{"@id":"https:\/\/brightloop.fr\/fr\/#website"},"datePublished":"2024-06-17T08:35:16+00:00","dateModified":"2024-10-11T19:13:18+00:00","description":"Convertisseurs et onduleurs dot\u00e9s d'une topologie cellulaire commune de conversion de puissance permettant de multiples voies de puissance programmables, la parall\u00e9lisation, l'\u00e9volutivit\u00e9 de la puissance et le contr\u00f4le logiciel en temps r\u00e9el.","breadcrumb":{"@id":"https:\/\/brightloop.fr\/fr\/produits\/plate-forme\/#breadcrumb"},"inLanguage":"fr-FR","potentialAction":[{"@type":"ReadAction","target":["https:\/\/brightloop.fr\/fr\/produits\/plate-forme\/"]}]},{"@type":"BreadcrumbList","@id":"https:\/\/brightloop.fr\/fr\/produits\/plate-forme\/#breadcrumb","itemListElement":[{"@type":"ListItem","position":1,"name":"&#8962;","item":"https:\/\/brightloop.fr\/fr\/"},{"@type":"ListItem","position":2,"name":"Produits","item":"https:\/\/brightloop.fr\/fr\/produits\/"},{"@type":"ListItem","position":3,"name":"Plateforme"}]},{"@type":"WebSite","@id":"https:\/\/brightloop.fr\/fr\/#website","url":"https:\/\/brightloop.fr\/fr\/","name":"BrightLoop","description":"","potentialAction":[{"@type":"SearchAction","target":{"@type":"EntryPoint","urlTemplate":"https:\/\/brightloop.fr\/fr\/?s={search_term_string}"},"query-input":{"@type":"PropertyValueSpecification","valueRequired":true,"valueName":"search_term_string"}}],"inLanguage":"fr-FR"}]}},"_links":{"self":[{"href":"https:\/\/brightloop.fr\/fr\/wp-json\/wp\/v2\/pages\/18775","targetHints":{"allow":["GET"]}}],"collection":[{"href":"https:\/\/brightloop.fr\/fr\/wp-json\/wp\/v2\/pages"}],"about":[{"href":"https:\/\/brightloop.fr\/fr\/wp-json\/wp\/v2\/types\/page"}],"author":[{"embeddable":true,"href":"https:\/\/brightloop.fr\/fr\/wp-json\/wp\/v2\/users\/1"}],"replies":[{"embeddable":true,"href":"https:\/\/brightloop.fr\/fr\/wp-json\/wp\/v2\/comments?post=18775"}],"version-history":[{"count":1,"href":"https:\/\/brightloop.fr\/fr\/wp-json\/wp\/v2\/pages\/18775\/revisions"}],"predecessor-version":[{"id":18867,"href":"https:\/\/brightloop.fr\/fr\/wp-json\/wp\/v2\/pages\/18775\/revisions\/18867"}],"up":[{"embeddable":true,"href":"https:\/\/brightloop.fr\/fr\/wp-json\/wp\/v2\/pages\/18750"}],"wp:attachment":[{"href":"https:\/\/brightloop.fr\/fr\/wp-json\/wp\/v2\/media?parent=18775"}],"curies":[{"name":"wp","href":"https:\/\/api.w.org\/{rel}","templated":true}]}}