{"id":18782,"date":"2024-06-17T13:17:43","date_gmt":"2024-06-17T11:17:43","guid":{"rendered":"https:\/\/brightloop.fr\/produits\/convertisseurs-dc-dc-hv-hv\/convertisseurs-haute-tension-dchv-mp\/"},"modified":"2026-01-06T08:54:03","modified_gmt":"2026-01-06T07:54:03","slug":"dchv-mp","status":"publish","type":"page","link":"https:\/\/brightloop.fr\/fr\/produits\/convertisseurs-hv-hv-dc-dc\/dchv-mp\/","title":{"rendered":"Convertisseurs Haute Tension DCHV MP"},"content":{"rendered":"","protected":false},"excerpt":{"rendered":"","protected":false},"author":1,"featured_media":0,"parent":18756,"menu_order":0,"comment_status":"closed","ping_status":"closed","template":"","meta":{"footnotes":""},"class_list":["post-18782","page","type-page","status-publish","hentry"],"yoast_head":"<!-- This site is optimized with the Yoast SEO Premium plugin v26.9 (Yoast SEO v26.9) - https:\/\/yoast.com\/product\/yoast-seo-premium-wordpress\/ -->\n<title>Convertisseur DCHV MP \u00e0 haute tension r\u00e9versible buck-boost - BrightLoop<\/title>\n<meta name=\"description\" content=\"Convertisseur DCDC HVHV bidirectionnel buck-boost, l\u00e9ger et compact, contr\u00f4l\u00e9 par logiciel, pour toute architecture de pile \u00e0 combustible ou syst\u00e8me d&#039;\u00e9lectrification, offrant jusqu&#039;\u00e0 950 Vdc\/480 A\/350 kW.\" \/>\n<meta name=\"robots\" content=\"index, follow, max-snippet:-1, max-image-preview:large, max-video-preview:-1\" \/>\n<link rel=\"canonical\" href=\"https:\/\/brightloop.fr\/fr\/produits\/convertisseurs-hv-hv-dc-dc\/dchv-mp\/\" \/>\n<meta property=\"og:locale\" content=\"fr_FR\" \/>\n<meta property=\"og:type\" content=\"article\" \/>\n<meta property=\"og:title\" content=\"Convertisseurs Haute Tension DCHV MP\" \/>\n<meta property=\"og:description\" content=\"Convertisseur DCDC HVHV bidirectionnel buck-boost, l\u00e9ger et compact, contr\u00f4l\u00e9 par logiciel, pour toute architecture de pile \u00e0 combustible ou syst\u00e8me d&#039;\u00e9lectrification, offrant jusqu&#039;\u00e0 950 Vdc\/480 A\/350 kW.\" \/>\n<meta property=\"og:url\" content=\"https:\/\/brightloop.fr\/fr\/produits\/convertisseurs-hv-hv-dc-dc\/dchv-mp\/\" \/>\n<meta property=\"og:site_name\" content=\"BrightLoop\" \/>\n<meta property=\"article:modified_time\" content=\"2026-01-06T07:54:03+00:00\" \/>\n<meta name=\"twitter:card\" content=\"summary_large_image\" \/>\n<script type=\"application\/ld+json\" class=\"yoast-schema-graph\">{\"@context\":\"https:\/\/schema.org\",\"@graph\":[{\"@type\":\"WebPage\",\"@id\":\"https:\/\/brightloop.fr\/fr\/produits\/convertisseurs-hv-hv-dc-dc\/dchv-mp\/\",\"url\":\"https:\/\/brightloop.fr\/fr\/produits\/convertisseurs-hv-hv-dc-dc\/dchv-mp\/\",\"name\":\"Convertisseur DCHV MP \u00e0 haute tension r\u00e9versible buck-boost - BrightLoop\",\"isPartOf\":{\"@id\":\"https:\/\/brightloop.fr\/fr\/#website\"},\"datePublished\":\"2024-06-17T11:17:43+00:00\",\"dateModified\":\"2026-01-06T07:54:03+00:00\",\"description\":\"Convertisseur DCDC HVHV bidirectionnel buck-boost, l\u00e9ger et compact, contr\u00f4l\u00e9 par logiciel, pour toute architecture de pile \u00e0 combustible ou syst\u00e8me d'\u00e9lectrification, offrant jusqu'\u00e0 950 Vdc\/480 A\/350 kW.\",\"breadcrumb\":{\"@id\":\"https:\/\/brightloop.fr\/fr\/produits\/convertisseurs-hv-hv-dc-dc\/dchv-mp\/#breadcrumb\"},\"inLanguage\":\"fr-FR\",\"potentialAction\":[{\"@type\":\"ReadAction\",\"target\":[\"https:\/\/brightloop.fr\/fr\/produits\/convertisseurs-hv-hv-dc-dc\/dchv-mp\/\"]}]},{\"@type\":\"BreadcrumbList\",\"@id\":\"https:\/\/brightloop.fr\/fr\/produits\/convertisseurs-hv-hv-dc-dc\/dchv-mp\/#breadcrumb\",\"itemListElement\":[{\"@type\":\"ListItem\",\"position\":1,\"name\":\"&#8962;\",\"item\":\"https:\/\/brightloop.fr\/fr\/\"},{\"@type\":\"ListItem\",\"position\":2,\"name\":\"Produits\",\"item\":\"https:\/\/brightloop.fr\/fr\/produits\/\"},{\"@type\":\"ListItem\",\"position\":3,\"name\":\"Convertisseurs DC\/DC HV-HV\",\"item\":\"https:\/\/brightloop.fr\/fr\/produits\/convertisseurs-hv-hv-dc-dc\/\"},{\"@type\":\"ListItem\",\"position\":4,\"name\":\"Convertisseurs Haute Tension DCHV MP\"}]},{\"@type\":\"WebSite\",\"@id\":\"https:\/\/brightloop.fr\/fr\/#website\",\"url\":\"https:\/\/brightloop.fr\/fr\/\",\"name\":\"BrightLoop\",\"description\":\"\",\"potentialAction\":[{\"@type\":\"SearchAction\",\"target\":{\"@type\":\"EntryPoint\",\"urlTemplate\":\"https:\/\/brightloop.fr\/fr\/?s={search_term_string}\"},\"query-input\":{\"@type\":\"PropertyValueSpecification\",\"valueRequired\":true,\"valueName\":\"search_term_string\"}}],\"inLanguage\":\"fr-FR\"}]}<\/script>\n<!-- \/ Yoast SEO Premium plugin. -->","yoast_head_json":{"title":"Convertisseur DCHV MP \u00e0 haute tension r\u00e9versible buck-boost - BrightLoop","description":"Convertisseur DCDC HVHV bidirectionnel buck-boost, l\u00e9ger et compact, contr\u00f4l\u00e9 par logiciel, pour toute architecture de pile \u00e0 combustible ou syst\u00e8me d'\u00e9lectrification, offrant jusqu'\u00e0 950 Vdc\/480 A\/350 kW.","robots":{"index":"index","follow":"follow","max-snippet":"max-snippet:-1","max-image-preview":"max-image-preview:large","max-video-preview":"max-video-preview:-1"},"canonical":"https:\/\/brightloop.fr\/fr\/produits\/convertisseurs-hv-hv-dc-dc\/dchv-mp\/","og_locale":"fr_FR","og_type":"article","og_title":"Convertisseurs Haute Tension DCHV MP","og_description":"Convertisseur DCDC HVHV bidirectionnel buck-boost, l\u00e9ger et compact, contr\u00f4l\u00e9 par logiciel, pour toute architecture de pile \u00e0 combustible ou syst\u00e8me d'\u00e9lectrification, offrant jusqu'\u00e0 950 Vdc\/480 A\/350 kW.","og_url":"https:\/\/brightloop.fr\/fr\/produits\/convertisseurs-hv-hv-dc-dc\/dchv-mp\/","og_site_name":"BrightLoop","article_modified_time":"2026-01-06T07:54:03+00:00","twitter_card":"summary_large_image","schema":{"@context":"https:\/\/schema.org","@graph":[{"@type":"WebPage","@id":"https:\/\/brightloop.fr\/fr\/produits\/convertisseurs-hv-hv-dc-dc\/dchv-mp\/","url":"https:\/\/brightloop.fr\/fr\/produits\/convertisseurs-hv-hv-dc-dc\/dchv-mp\/","name":"Convertisseur DCHV MP \u00e0 haute tension r\u00e9versible buck-boost - BrightLoop","isPartOf":{"@id":"https:\/\/brightloop.fr\/fr\/#website"},"datePublished":"2024-06-17T11:17:43+00:00","dateModified":"2026-01-06T07:54:03+00:00","description":"Convertisseur DCDC HVHV bidirectionnel buck-boost, l\u00e9ger et compact, contr\u00f4l\u00e9 par logiciel, pour toute architecture de pile \u00e0 combustible ou syst\u00e8me d'\u00e9lectrification, offrant jusqu'\u00e0 950 Vdc\/480 A\/350 kW.","breadcrumb":{"@id":"https:\/\/brightloop.fr\/fr\/produits\/convertisseurs-hv-hv-dc-dc\/dchv-mp\/#breadcrumb"},"inLanguage":"fr-FR","potentialAction":[{"@type":"ReadAction","target":["https:\/\/brightloop.fr\/fr\/produits\/convertisseurs-hv-hv-dc-dc\/dchv-mp\/"]}]},{"@type":"BreadcrumbList","@id":"https:\/\/brightloop.fr\/fr\/produits\/convertisseurs-hv-hv-dc-dc\/dchv-mp\/#breadcrumb","itemListElement":[{"@type":"ListItem","position":1,"name":"&#8962;","item":"https:\/\/brightloop.fr\/fr\/"},{"@type":"ListItem","position":2,"name":"Produits","item":"https:\/\/brightloop.fr\/fr\/produits\/"},{"@type":"ListItem","position":3,"name":"Convertisseurs DC\/DC HV-HV","item":"https:\/\/brightloop.fr\/fr\/produits\/convertisseurs-hv-hv-dc-dc\/"},{"@type":"ListItem","position":4,"name":"Convertisseurs Haute Tension DCHV MP"}]},{"@type":"WebSite","@id":"https:\/\/brightloop.fr\/fr\/#website","url":"https:\/\/brightloop.fr\/fr\/","name":"BrightLoop","description":"","potentialAction":[{"@type":"SearchAction","target":{"@type":"EntryPoint","urlTemplate":"https:\/\/brightloop.fr\/fr\/?s={search_term_string}"},"query-input":{"@type":"PropertyValueSpecification","valueRequired":true,"valueName":"search_term_string"}}],"inLanguage":"fr-FR"}]}},"_links":{"self":[{"href":"https:\/\/brightloop.fr\/fr\/wp-json\/wp\/v2\/pages\/18782","targetHints":{"allow":["GET"]}}],"collection":[{"href":"https:\/\/brightloop.fr\/fr\/wp-json\/wp\/v2\/pages"}],"about":[{"href":"https:\/\/brightloop.fr\/fr\/wp-json\/wp\/v2\/types\/page"}],"author":[{"embeddable":true,"href":"https:\/\/brightloop.fr\/fr\/wp-json\/wp\/v2\/users\/1"}],"replies":[{"embeddable":true,"href":"https:\/\/brightloop.fr\/fr\/wp-json\/wp\/v2\/comments?post=18782"}],"version-history":[{"count":1,"href":"https:\/\/brightloop.fr\/fr\/wp-json\/wp\/v2\/pages\/18782\/revisions"}],"predecessor-version":[{"id":18863,"href":"https:\/\/brightloop.fr\/fr\/wp-json\/wp\/v2\/pages\/18782\/revisions\/18863"}],"up":[{"embeddable":true,"href":"https:\/\/brightloop.fr\/fr\/wp-json\/wp\/v2\/pages\/18756"}],"wp:attachment":[{"href":"https:\/\/brightloop.fr\/fr\/wp-json\/wp\/v2\/media?parent=18782"}],"curies":[{"name":"wp","href":"https:\/\/api.w.org\/{rel}","templated":true}]}}