{"id":18783,"date":"2024-06-17T13:40:37","date_gmt":"2024-06-17T11:40:37","guid":{"rendered":"https:\/\/brightloop.fr\/produits\/convertisseurs-dc-dc-hv-hv\/convertisseur-a-ultra-haute-tension-dcuhv-lp\/"},"modified":"2026-01-06T09:11:59","modified_gmt":"2026-01-06T08:11:59","slug":"dcuhv-lp","status":"publish","type":"page","link":"https:\/\/brightloop.fr\/fr\/produits\/convertisseurs-hv-hv-dc-dc\/dcuhv-lp\/","title":{"rendered":"Convertisseur ultra-haute tension DCUHV LP"},"content":{"rendered":"","protected":false},"excerpt":{"rendered":"","protected":false},"author":1,"featured_media":0,"parent":18756,"menu_order":0,"comment_status":"closed","ping_status":"closed","template":"","meta":{"footnotes":""},"class_list":["post-18783","page","type-page","status-publish","hentry"],"yoast_head":"<!-- This site is optimized with the Yoast SEO Premium plugin v26.9 (Yoast SEO v26.9) - https:\/\/yoast.com\/product\/yoast-seo-premium-wordpress\/ -->\n<title>Convertisseur r\u00e9versible buck-boost DCUHV LP \u00e0 ultra haute tension - BrightLoop<\/title>\n<meta name=\"description\" content=\"Le convertisseur bidirectionnel DCUHV LP de BrightLoop, contr\u00f4l\u00e9 par logiciel, permet d&#039;obtenir une tension de fonctionnement maximale de 2 400 Vdc \u00e0 400 A. Plusieurs unit\u00e9s peuvent \u00eatre mises en parall\u00e8le pour atteindre une puissance de l&#039;ordre du m\u00e9gawatt.\" \/>\n<meta name=\"robots\" content=\"index, follow, max-snippet:-1, max-image-preview:large, max-video-preview:-1\" \/>\n<link rel=\"canonical\" href=\"https:\/\/brightloop.fr\/fr\/produits\/convertisseurs-hv-hv-dc-dc\/dcuhv-lp\/\" \/>\n<meta property=\"og:locale\" content=\"fr_FR\" \/>\n<meta property=\"og:type\" content=\"article\" \/>\n<meta property=\"og:title\" content=\"Convertisseur ultra-haute tension DCUHV LP\" \/>\n<meta property=\"og:description\" content=\"Le convertisseur bidirectionnel DCUHV LP de BrightLoop, contr\u00f4l\u00e9 par logiciel, permet d&#039;obtenir une tension de fonctionnement maximale de 2 400 Vdc \u00e0 400 A. Plusieurs unit\u00e9s peuvent \u00eatre mises en parall\u00e8le pour atteindre une puissance de l&#039;ordre du m\u00e9gawatt.\" \/>\n<meta property=\"og:url\" content=\"https:\/\/brightloop.fr\/fr\/produits\/convertisseurs-hv-hv-dc-dc\/dcuhv-lp\/\" \/>\n<meta property=\"og:site_name\" content=\"BrightLoop\" \/>\n<meta property=\"article:modified_time\" content=\"2026-01-06T08:11:59+00:00\" \/>\n<meta name=\"twitter:card\" content=\"summary_large_image\" \/>\n<script type=\"application\/ld+json\" class=\"yoast-schema-graph\">{\"@context\":\"https:\/\/schema.org\",\"@graph\":[{\"@type\":\"WebPage\",\"@id\":\"https:\/\/brightloop.fr\/fr\/produits\/convertisseurs-hv-hv-dc-dc\/dcuhv-lp\/\",\"url\":\"https:\/\/brightloop.fr\/fr\/produits\/convertisseurs-hv-hv-dc-dc\/dcuhv-lp\/\",\"name\":\"Convertisseur r\u00e9versible buck-boost DCUHV LP \u00e0 ultra haute tension - BrightLoop\",\"isPartOf\":{\"@id\":\"https:\/\/brightloop.fr\/fr\/#website\"},\"datePublished\":\"2024-06-17T11:40:37+00:00\",\"dateModified\":\"2026-01-06T08:11:59+00:00\",\"description\":\"Le convertisseur bidirectionnel DCUHV LP de BrightLoop, contr\u00f4l\u00e9 par logiciel, permet d'obtenir une tension de fonctionnement maximale de 2 400 Vdc \u00e0 400 A. Plusieurs unit\u00e9s peuvent \u00eatre mises en parall\u00e8le pour atteindre une puissance de l'ordre du m\u00e9gawatt.\",\"breadcrumb\":{\"@id\":\"https:\/\/brightloop.fr\/fr\/produits\/convertisseurs-hv-hv-dc-dc\/dcuhv-lp\/#breadcrumb\"},\"inLanguage\":\"fr-FR\",\"potentialAction\":[{\"@type\":\"ReadAction\",\"target\":[\"https:\/\/brightloop.fr\/fr\/produits\/convertisseurs-hv-hv-dc-dc\/dcuhv-lp\/\"]}]},{\"@type\":\"BreadcrumbList\",\"@id\":\"https:\/\/brightloop.fr\/fr\/produits\/convertisseurs-hv-hv-dc-dc\/dcuhv-lp\/#breadcrumb\",\"itemListElement\":[{\"@type\":\"ListItem\",\"position\":1,\"name\":\"&#8962;\",\"item\":\"https:\/\/brightloop.fr\/fr\/\"},{\"@type\":\"ListItem\",\"position\":2,\"name\":\"Produits\",\"item\":\"https:\/\/brightloop.fr\/fr\/produits\/\"},{\"@type\":\"ListItem\",\"position\":3,\"name\":\"Convertisseurs DC\/DC HV-HV\",\"item\":\"https:\/\/brightloop.fr\/fr\/produits\/convertisseurs-hv-hv-dc-dc\/\"},{\"@type\":\"ListItem\",\"position\":4,\"name\":\"Convertisseur ultra-haute tension DCUHV LP\"}]},{\"@type\":\"WebSite\",\"@id\":\"https:\/\/brightloop.fr\/fr\/#website\",\"url\":\"https:\/\/brightloop.fr\/fr\/\",\"name\":\"BrightLoop\",\"description\":\"\",\"potentialAction\":[{\"@type\":\"SearchAction\",\"target\":{\"@type\":\"EntryPoint\",\"urlTemplate\":\"https:\/\/brightloop.fr\/fr\/?s={search_term_string}\"},\"query-input\":{\"@type\":\"PropertyValueSpecification\",\"valueRequired\":true,\"valueName\":\"search_term_string\"}}],\"inLanguage\":\"fr-FR\"}]}<\/script>\n<!-- \/ Yoast SEO Premium plugin. -->","yoast_head_json":{"title":"Convertisseur r\u00e9versible buck-boost DCUHV LP \u00e0 ultra haute tension - BrightLoop","description":"Le convertisseur bidirectionnel DCUHV LP de BrightLoop, contr\u00f4l\u00e9 par logiciel, permet d'obtenir une tension de fonctionnement maximale de 2 400 Vdc \u00e0 400 A. Plusieurs unit\u00e9s peuvent \u00eatre mises en parall\u00e8le pour atteindre une puissance de l'ordre du m\u00e9gawatt.","robots":{"index":"index","follow":"follow","max-snippet":"max-snippet:-1","max-image-preview":"max-image-preview:large","max-video-preview":"max-video-preview:-1"},"canonical":"https:\/\/brightloop.fr\/fr\/produits\/convertisseurs-hv-hv-dc-dc\/dcuhv-lp\/","og_locale":"fr_FR","og_type":"article","og_title":"Convertisseur ultra-haute tension DCUHV LP","og_description":"Le convertisseur bidirectionnel DCUHV LP de BrightLoop, contr\u00f4l\u00e9 par logiciel, permet d'obtenir une tension de fonctionnement maximale de 2 400 Vdc \u00e0 400 A. Plusieurs unit\u00e9s peuvent \u00eatre mises en parall\u00e8le pour atteindre une puissance de l'ordre du m\u00e9gawatt.","og_url":"https:\/\/brightloop.fr\/fr\/produits\/convertisseurs-hv-hv-dc-dc\/dcuhv-lp\/","og_site_name":"BrightLoop","article_modified_time":"2026-01-06T08:11:59+00:00","twitter_card":"summary_large_image","schema":{"@context":"https:\/\/schema.org","@graph":[{"@type":"WebPage","@id":"https:\/\/brightloop.fr\/fr\/produits\/convertisseurs-hv-hv-dc-dc\/dcuhv-lp\/","url":"https:\/\/brightloop.fr\/fr\/produits\/convertisseurs-hv-hv-dc-dc\/dcuhv-lp\/","name":"Convertisseur r\u00e9versible buck-boost DCUHV LP \u00e0 ultra haute tension - BrightLoop","isPartOf":{"@id":"https:\/\/brightloop.fr\/fr\/#website"},"datePublished":"2024-06-17T11:40:37+00:00","dateModified":"2026-01-06T08:11:59+00:00","description":"Le convertisseur bidirectionnel DCUHV LP de BrightLoop, contr\u00f4l\u00e9 par logiciel, permet d'obtenir une tension de fonctionnement maximale de 2 400 Vdc \u00e0 400 A. Plusieurs unit\u00e9s peuvent \u00eatre mises en parall\u00e8le pour atteindre une puissance de l'ordre du m\u00e9gawatt.","breadcrumb":{"@id":"https:\/\/brightloop.fr\/fr\/produits\/convertisseurs-hv-hv-dc-dc\/dcuhv-lp\/#breadcrumb"},"inLanguage":"fr-FR","potentialAction":[{"@type":"ReadAction","target":["https:\/\/brightloop.fr\/fr\/produits\/convertisseurs-hv-hv-dc-dc\/dcuhv-lp\/"]}]},{"@type":"BreadcrumbList","@id":"https:\/\/brightloop.fr\/fr\/produits\/convertisseurs-hv-hv-dc-dc\/dcuhv-lp\/#breadcrumb","itemListElement":[{"@type":"ListItem","position":1,"name":"&#8962;","item":"https:\/\/brightloop.fr\/fr\/"},{"@type":"ListItem","position":2,"name":"Produits","item":"https:\/\/brightloop.fr\/fr\/produits\/"},{"@type":"ListItem","position":3,"name":"Convertisseurs DC\/DC HV-HV","item":"https:\/\/brightloop.fr\/fr\/produits\/convertisseurs-hv-hv-dc-dc\/"},{"@type":"ListItem","position":4,"name":"Convertisseur ultra-haute tension DCUHV LP"}]},{"@type":"WebSite","@id":"https:\/\/brightloop.fr\/fr\/#website","url":"https:\/\/brightloop.fr\/fr\/","name":"BrightLoop","description":"","potentialAction":[{"@type":"SearchAction","target":{"@type":"EntryPoint","urlTemplate":"https:\/\/brightloop.fr\/fr\/?s={search_term_string}"},"query-input":{"@type":"PropertyValueSpecification","valueRequired":true,"valueName":"search_term_string"}}],"inLanguage":"fr-FR"}]}},"_links":{"self":[{"href":"https:\/\/brightloop.fr\/fr\/wp-json\/wp\/v2\/pages\/18783","targetHints":{"allow":["GET"]}}],"collection":[{"href":"https:\/\/brightloop.fr\/fr\/wp-json\/wp\/v2\/pages"}],"about":[{"href":"https:\/\/brightloop.fr\/fr\/wp-json\/wp\/v2\/types\/page"}],"author":[{"embeddable":true,"href":"https:\/\/brightloop.fr\/fr\/wp-json\/wp\/v2\/users\/1"}],"replies":[{"embeddable":true,"href":"https:\/\/brightloop.fr\/fr\/wp-json\/wp\/v2\/comments?post=18783"}],"version-history":[{"count":2,"href":"https:\/\/brightloop.fr\/fr\/wp-json\/wp\/v2\/pages\/18783\/revisions"}],"predecessor-version":[{"id":19653,"href":"https:\/\/brightloop.fr\/fr\/wp-json\/wp\/v2\/pages\/18783\/revisions\/19653"}],"up":[{"embeddable":true,"href":"https:\/\/brightloop.fr\/fr\/wp-json\/wp\/v2\/pages\/18756"}],"wp:attachment":[{"href":"https:\/\/brightloop.fr\/fr\/wp-json\/wp\/v2\/media?parent=18783"}],"curies":[{"name":"wp","href":"https:\/\/api.w.org\/{rel}","templated":true}]}}