{"id":18787,"date":"2024-06-16T02:07:11","date_gmt":"2024-06-16T00:07:11","guid":{"rendered":"https:\/\/brightloop.fr\/applications\/aerospatiale\/"},"modified":"2024-10-09T15:23:59","modified_gmt":"2024-10-09T13:23:59","slug":"aerospatiale","status":"publish","type":"page","link":"https:\/\/brightloop.fr\/fr\/applications\/aerospatiale\/","title":{"rendered":"A\u00e9rospatiale"},"content":{"rendered":"","protected":false},"excerpt":{"rendered":"","protected":false},"author":1,"featured_media":0,"parent":18758,"menu_order":0,"comment_status":"closed","ping_status":"closed","template":"","meta":{"footnotes":""},"class_list":["post-18787","page","type-page","status-publish","hentry"],"yoast_head":"<!-- This site is optimized with the Yoast SEO Premium plugin v26.9 (Yoast SEO v26.9) - https:\/\/yoast.com\/product\/yoast-seo-premium-wordpress\/ -->\n<title>Convertisseurs de haute puissance pour l&#039;industrie a\u00e9rospatiale A\u00e9rospatiale - BrightLoop<\/title>\n<meta name=\"description\" content=\"Les convertisseurs modulaires de BrightLoop conviennent parfaitement aux applications a\u00e9rospatiales, gr\u00e2ce \u00e0 l&#039;architecture embo\u00eet\u00e9e exclusive de la marque, qui offre une densit\u00e9 de puissance et une efficacit\u00e9 in\u00e9gal\u00e9es.\" \/>\n<meta name=\"robots\" content=\"index, follow, max-snippet:-1, max-image-preview:large, max-video-preview:-1\" \/>\n<link rel=\"canonical\" href=\"https:\/\/brightloop.fr\/fr\/applications\/aerospatiale\/\" \/>\n<meta property=\"og:locale\" content=\"fr_FR\" \/>\n<meta property=\"og:type\" content=\"article\" \/>\n<meta property=\"og:title\" content=\"A\u00e9rospatiale\" \/>\n<meta property=\"og:description\" content=\"Les convertisseurs modulaires de BrightLoop conviennent parfaitement aux applications a\u00e9rospatiales, gr\u00e2ce \u00e0 l&#039;architecture embo\u00eet\u00e9e exclusive de la marque, qui offre une densit\u00e9 de puissance et une efficacit\u00e9 in\u00e9gal\u00e9es.\" \/>\n<meta property=\"og:url\" content=\"https:\/\/brightloop.fr\/fr\/applications\/aerospatiale\/\" \/>\n<meta property=\"og:site_name\" content=\"BrightLoop\" \/>\n<meta property=\"article:modified_time\" content=\"2024-10-09T13:23:59+00:00\" \/>\n<meta name=\"twitter:card\" content=\"summary_large_image\" \/>\n<script type=\"application\/ld+json\" class=\"yoast-schema-graph\">{\"@context\":\"https:\/\/schema.org\",\"@graph\":[{\"@type\":\"WebPage\",\"@id\":\"https:\/\/brightloop.fr\/fr\/applications\/aerospatiale\/\",\"url\":\"https:\/\/brightloop.fr\/fr\/applications\/aerospatiale\/\",\"name\":\"Convertisseurs de haute puissance pour l'industrie a\u00e9rospatiale A\u00e9rospatiale - BrightLoop\",\"isPartOf\":{\"@id\":\"https:\/\/brightloop.fr\/fr\/#website\"},\"datePublished\":\"2024-06-16T00:07:11+00:00\",\"dateModified\":\"2024-10-09T13:23:59+00:00\",\"description\":\"Les convertisseurs modulaires de BrightLoop conviennent parfaitement aux applications a\u00e9rospatiales, gr\u00e2ce \u00e0 l'architecture embo\u00eet\u00e9e exclusive de la marque, qui offre une densit\u00e9 de puissance et une efficacit\u00e9 in\u00e9gal\u00e9es.\",\"breadcrumb\":{\"@id\":\"https:\/\/brightloop.fr\/fr\/applications\/aerospatiale\/#breadcrumb\"},\"inLanguage\":\"fr-FR\",\"potentialAction\":[{\"@type\":\"ReadAction\",\"target\":[\"https:\/\/brightloop.fr\/fr\/applications\/aerospatiale\/\"]}]},{\"@type\":\"BreadcrumbList\",\"@id\":\"https:\/\/brightloop.fr\/fr\/applications\/aerospatiale\/#breadcrumb\",\"itemListElement\":[{\"@type\":\"ListItem\",\"position\":1,\"name\":\"&#8962;\",\"item\":\"https:\/\/brightloop.fr\/fr\/\"},{\"@type\":\"ListItem\",\"position\":2,\"name\":\"Applications\",\"item\":\"https:\/\/brightloop.fr\/fr\/applications\/\"},{\"@type\":\"ListItem\",\"position\":3,\"name\":\"A\u00e9rospatiale\"}]},{\"@type\":\"WebSite\",\"@id\":\"https:\/\/brightloop.fr\/fr\/#website\",\"url\":\"https:\/\/brightloop.fr\/fr\/\",\"name\":\"BrightLoop\",\"description\":\"\",\"potentialAction\":[{\"@type\":\"SearchAction\",\"target\":{\"@type\":\"EntryPoint\",\"urlTemplate\":\"https:\/\/brightloop.fr\/fr\/?s={search_term_string}\"},\"query-input\":{\"@type\":\"PropertyValueSpecification\",\"valueRequired\":true,\"valueName\":\"search_term_string\"}}],\"inLanguage\":\"fr-FR\"}]}<\/script>\n<!-- \/ Yoast SEO Premium plugin. -->","yoast_head_json":{"title":"Convertisseurs de haute puissance pour l'industrie a\u00e9rospatiale A\u00e9rospatiale - BrightLoop","description":"Les convertisseurs modulaires de BrightLoop conviennent parfaitement aux applications a\u00e9rospatiales, gr\u00e2ce \u00e0 l'architecture embo\u00eet\u00e9e exclusive de la marque, qui offre une densit\u00e9 de puissance et une efficacit\u00e9 in\u00e9gal\u00e9es.","robots":{"index":"index","follow":"follow","max-snippet":"max-snippet:-1","max-image-preview":"max-image-preview:large","max-video-preview":"max-video-preview:-1"},"canonical":"https:\/\/brightloop.fr\/fr\/applications\/aerospatiale\/","og_locale":"fr_FR","og_type":"article","og_title":"A\u00e9rospatiale","og_description":"Les convertisseurs modulaires de BrightLoop conviennent parfaitement aux applications a\u00e9rospatiales, gr\u00e2ce \u00e0 l'architecture embo\u00eet\u00e9e exclusive de la marque, qui offre une densit\u00e9 de puissance et une efficacit\u00e9 in\u00e9gal\u00e9es.","og_url":"https:\/\/brightloop.fr\/fr\/applications\/aerospatiale\/","og_site_name":"BrightLoop","article_modified_time":"2024-10-09T13:23:59+00:00","twitter_card":"summary_large_image","schema":{"@context":"https:\/\/schema.org","@graph":[{"@type":"WebPage","@id":"https:\/\/brightloop.fr\/fr\/applications\/aerospatiale\/","url":"https:\/\/brightloop.fr\/fr\/applications\/aerospatiale\/","name":"Convertisseurs de haute puissance pour l'industrie a\u00e9rospatiale A\u00e9rospatiale - BrightLoop","isPartOf":{"@id":"https:\/\/brightloop.fr\/fr\/#website"},"datePublished":"2024-06-16T00:07:11+00:00","dateModified":"2024-10-09T13:23:59+00:00","description":"Les convertisseurs modulaires de BrightLoop conviennent parfaitement aux applications a\u00e9rospatiales, gr\u00e2ce \u00e0 l'architecture embo\u00eet\u00e9e exclusive de la marque, qui offre une densit\u00e9 de puissance et une efficacit\u00e9 in\u00e9gal\u00e9es.","breadcrumb":{"@id":"https:\/\/brightloop.fr\/fr\/applications\/aerospatiale\/#breadcrumb"},"inLanguage":"fr-FR","potentialAction":[{"@type":"ReadAction","target":["https:\/\/brightloop.fr\/fr\/applications\/aerospatiale\/"]}]},{"@type":"BreadcrumbList","@id":"https:\/\/brightloop.fr\/fr\/applications\/aerospatiale\/#breadcrumb","itemListElement":[{"@type":"ListItem","position":1,"name":"&#8962;","item":"https:\/\/brightloop.fr\/fr\/"},{"@type":"ListItem","position":2,"name":"Applications","item":"https:\/\/brightloop.fr\/fr\/applications\/"},{"@type":"ListItem","position":3,"name":"A\u00e9rospatiale"}]},{"@type":"WebSite","@id":"https:\/\/brightloop.fr\/fr\/#website","url":"https:\/\/brightloop.fr\/fr\/","name":"BrightLoop","description":"","potentialAction":[{"@type":"SearchAction","target":{"@type":"EntryPoint","urlTemplate":"https:\/\/brightloop.fr\/fr\/?s={search_term_string}"},"query-input":{"@type":"PropertyValueSpecification","valueRequired":true,"valueName":"search_term_string"}}],"inLanguage":"fr-FR"}]}},"_links":{"self":[{"href":"https:\/\/brightloop.fr\/fr\/wp-json\/wp\/v2\/pages\/18787","targetHints":{"allow":["GET"]}}],"collection":[{"href":"https:\/\/brightloop.fr\/fr\/wp-json\/wp\/v2\/pages"}],"about":[{"href":"https:\/\/brightloop.fr\/fr\/wp-json\/wp\/v2\/types\/page"}],"author":[{"embeddable":true,"href":"https:\/\/brightloop.fr\/fr\/wp-json\/wp\/v2\/users\/1"}],"replies":[{"embeddable":true,"href":"https:\/\/brightloop.fr\/fr\/wp-json\/wp\/v2\/comments?post=18787"}],"version-history":[{"count":1,"href":"https:\/\/brightloop.fr\/fr\/wp-json\/wp\/v2\/pages\/18787\/revisions"}],"predecessor-version":[{"id":18877,"href":"https:\/\/brightloop.fr\/fr\/wp-json\/wp\/v2\/pages\/18787\/revisions\/18877"}],"up":[{"embeddable":true,"href":"https:\/\/brightloop.fr\/fr\/wp-json\/wp\/v2\/pages\/18758"}],"wp:attachment":[{"href":"https:\/\/brightloop.fr\/fr\/wp-json\/wp\/v2\/media?parent=18787"}],"curies":[{"name":"wp","href":"https:\/\/api.w.org\/{rel}","templated":true}]}}