{"id":18789,"date":"2024-06-16T02:22:56","date_gmt":"2024-06-16T00:22:56","guid":{"rendered":"https:\/\/brightloop.fr\/applications\/linfrastructure\/"},"modified":"2024-10-09T15:24:18","modified_gmt":"2024-10-09T13:24:18","slug":"linfrastructure","status":"publish","type":"page","link":"https:\/\/brightloop.fr\/fr\/applications\/linfrastructure\/","title":{"rendered":"L&rsquo;infrastructure"},"content":{"rendered":"","protected":false},"excerpt":{"rendered":"","protected":false},"author":1,"featured_media":0,"parent":18758,"menu_order":0,"comment_status":"closed","ping_status":"closed","template":"","meta":{"footnotes":""},"class_list":["post-18789","page","type-page","status-publish","hentry"],"yoast_head":"<!-- This site is optimized with the Yoast SEO Premium plugin v26.9 (Yoast SEO v26.9) - https:\/\/yoast.com\/product\/yoast-seo-premium-wordpress\/ -->\n<title>Convertisseurs pour les applications d&#039;infrastructure et de r\u00e9seau - BrightLoop<\/title>\n<meta name=\"description\" content=\"Les convertisseurs de BrightLoop sont particuli\u00e8rement adapt\u00e9s aux applications de r\u00e9seau. Ils g\u00e8rent les courants alternatifs et continus sur une large plage de puissance, ce qui permet une int\u00e9gration homog\u00e8ne des sources d&#039;\u00e9nergie renouvelables.\" \/>\n<meta name=\"robots\" content=\"index, follow, max-snippet:-1, max-image-preview:large, max-video-preview:-1\" \/>\n<link rel=\"canonical\" href=\"https:\/\/brightloop.fr\/fr\/applications\/linfrastructure\/\" \/>\n<meta property=\"og:locale\" content=\"fr_FR\" \/>\n<meta property=\"og:type\" content=\"article\" \/>\n<meta property=\"og:title\" content=\"L&#039;infrastructure\" \/>\n<meta property=\"og:description\" content=\"Les convertisseurs de BrightLoop sont particuli\u00e8rement adapt\u00e9s aux applications de r\u00e9seau. Ils g\u00e8rent les courants alternatifs et continus sur une large plage de puissance, ce qui permet une int\u00e9gration homog\u00e8ne des sources d&#039;\u00e9nergie renouvelables.\" \/>\n<meta property=\"og:url\" content=\"https:\/\/brightloop.fr\/fr\/applications\/linfrastructure\/\" \/>\n<meta property=\"og:site_name\" content=\"BrightLoop\" \/>\n<meta property=\"article:modified_time\" content=\"2024-10-09T13:24:18+00:00\" \/>\n<meta name=\"twitter:card\" content=\"summary_large_image\" \/>\n<script type=\"application\/ld+json\" class=\"yoast-schema-graph\">{\"@context\":\"https:\/\/schema.org\",\"@graph\":[{\"@type\":\"WebPage\",\"@id\":\"https:\/\/brightloop.fr\/fr\/applications\/linfrastructure\/\",\"url\":\"https:\/\/brightloop.fr\/fr\/applications\/linfrastructure\/\",\"name\":\"Convertisseurs pour les applications d'infrastructure et de r\u00e9seau - BrightLoop\",\"isPartOf\":{\"@id\":\"https:\/\/brightloop.fr\/fr\/#website\"},\"datePublished\":\"2024-06-16T00:22:56+00:00\",\"dateModified\":\"2024-10-09T13:24:18+00:00\",\"description\":\"Les convertisseurs de BrightLoop sont particuli\u00e8rement adapt\u00e9s aux applications de r\u00e9seau. Ils g\u00e8rent les courants alternatifs et continus sur une large plage de puissance, ce qui permet une int\u00e9gration homog\u00e8ne des sources d'\u00e9nergie renouvelables.\",\"breadcrumb\":{\"@id\":\"https:\/\/brightloop.fr\/fr\/applications\/linfrastructure\/#breadcrumb\"},\"inLanguage\":\"fr-FR\",\"potentialAction\":[{\"@type\":\"ReadAction\",\"target\":[\"https:\/\/brightloop.fr\/fr\/applications\/linfrastructure\/\"]}]},{\"@type\":\"BreadcrumbList\",\"@id\":\"https:\/\/brightloop.fr\/fr\/applications\/linfrastructure\/#breadcrumb\",\"itemListElement\":[{\"@type\":\"ListItem\",\"position\":1,\"name\":\"&#8962;\",\"item\":\"https:\/\/brightloop.fr\/fr\/\"},{\"@type\":\"ListItem\",\"position\":2,\"name\":\"Applications\",\"item\":\"https:\/\/brightloop.fr\/fr\/applications\/\"},{\"@type\":\"ListItem\",\"position\":3,\"name\":\"L&rsquo;infrastructure\"}]},{\"@type\":\"WebSite\",\"@id\":\"https:\/\/brightloop.fr\/fr\/#website\",\"url\":\"https:\/\/brightloop.fr\/fr\/\",\"name\":\"BrightLoop\",\"description\":\"\",\"potentialAction\":[{\"@type\":\"SearchAction\",\"target\":{\"@type\":\"EntryPoint\",\"urlTemplate\":\"https:\/\/brightloop.fr\/fr\/?s={search_term_string}\"},\"query-input\":{\"@type\":\"PropertyValueSpecification\",\"valueRequired\":true,\"valueName\":\"search_term_string\"}}],\"inLanguage\":\"fr-FR\"}]}<\/script>\n<!-- \/ Yoast SEO Premium plugin. -->","yoast_head_json":{"title":"Convertisseurs pour les applications d'infrastructure et de r\u00e9seau - BrightLoop","description":"Les convertisseurs de BrightLoop sont particuli\u00e8rement adapt\u00e9s aux applications de r\u00e9seau. Ils g\u00e8rent les courants alternatifs et continus sur une large plage de puissance, ce qui permet une int\u00e9gration homog\u00e8ne des sources d'\u00e9nergie renouvelables.","robots":{"index":"index","follow":"follow","max-snippet":"max-snippet:-1","max-image-preview":"max-image-preview:large","max-video-preview":"max-video-preview:-1"},"canonical":"https:\/\/brightloop.fr\/fr\/applications\/linfrastructure\/","og_locale":"fr_FR","og_type":"article","og_title":"L'infrastructure","og_description":"Les convertisseurs de BrightLoop sont particuli\u00e8rement adapt\u00e9s aux applications de r\u00e9seau. Ils g\u00e8rent les courants alternatifs et continus sur une large plage de puissance, ce qui permet une int\u00e9gration homog\u00e8ne des sources d'\u00e9nergie renouvelables.","og_url":"https:\/\/brightloop.fr\/fr\/applications\/linfrastructure\/","og_site_name":"BrightLoop","article_modified_time":"2024-10-09T13:24:18+00:00","twitter_card":"summary_large_image","schema":{"@context":"https:\/\/schema.org","@graph":[{"@type":"WebPage","@id":"https:\/\/brightloop.fr\/fr\/applications\/linfrastructure\/","url":"https:\/\/brightloop.fr\/fr\/applications\/linfrastructure\/","name":"Convertisseurs pour les applications d'infrastructure et de r\u00e9seau - BrightLoop","isPartOf":{"@id":"https:\/\/brightloop.fr\/fr\/#website"},"datePublished":"2024-06-16T00:22:56+00:00","dateModified":"2024-10-09T13:24:18+00:00","description":"Les convertisseurs de BrightLoop sont particuli\u00e8rement adapt\u00e9s aux applications de r\u00e9seau. Ils g\u00e8rent les courants alternatifs et continus sur une large plage de puissance, ce qui permet une int\u00e9gration homog\u00e8ne des sources d'\u00e9nergie renouvelables.","breadcrumb":{"@id":"https:\/\/brightloop.fr\/fr\/applications\/linfrastructure\/#breadcrumb"},"inLanguage":"fr-FR","potentialAction":[{"@type":"ReadAction","target":["https:\/\/brightloop.fr\/fr\/applications\/linfrastructure\/"]}]},{"@type":"BreadcrumbList","@id":"https:\/\/brightloop.fr\/fr\/applications\/linfrastructure\/#breadcrumb","itemListElement":[{"@type":"ListItem","position":1,"name":"&#8962;","item":"https:\/\/brightloop.fr\/fr\/"},{"@type":"ListItem","position":2,"name":"Applications","item":"https:\/\/brightloop.fr\/fr\/applications\/"},{"@type":"ListItem","position":3,"name":"L&rsquo;infrastructure"}]},{"@type":"WebSite","@id":"https:\/\/brightloop.fr\/fr\/#website","url":"https:\/\/brightloop.fr\/fr\/","name":"BrightLoop","description":"","potentialAction":[{"@type":"SearchAction","target":{"@type":"EntryPoint","urlTemplate":"https:\/\/brightloop.fr\/fr\/?s={search_term_string}"},"query-input":{"@type":"PropertyValueSpecification","valueRequired":true,"valueName":"search_term_string"}}],"inLanguage":"fr-FR"}]}},"_links":{"self":[{"href":"https:\/\/brightloop.fr\/fr\/wp-json\/wp\/v2\/pages\/18789","targetHints":{"allow":["GET"]}}],"collection":[{"href":"https:\/\/brightloop.fr\/fr\/wp-json\/wp\/v2\/pages"}],"about":[{"href":"https:\/\/brightloop.fr\/fr\/wp-json\/wp\/v2\/types\/page"}],"author":[{"embeddable":true,"href":"https:\/\/brightloop.fr\/fr\/wp-json\/wp\/v2\/users\/1"}],"replies":[{"embeddable":true,"href":"https:\/\/brightloop.fr\/fr\/wp-json\/wp\/v2\/comments?post=18789"}],"version-history":[{"count":2,"href":"https:\/\/brightloop.fr\/fr\/wp-json\/wp\/v2\/pages\/18789\/revisions"}],"predecessor-version":[{"id":19431,"href":"https:\/\/brightloop.fr\/fr\/wp-json\/wp\/v2\/pages\/18789\/revisions\/19431"}],"up":[{"embeddable":true,"href":"https:\/\/brightloop.fr\/fr\/wp-json\/wp\/v2\/pages\/18758"}],"wp:attachment":[{"href":"https:\/\/brightloop.fr\/fr\/wp-json\/wp\/v2\/media?parent=18789"}],"curies":[{"name":"wp","href":"https:\/\/api.w.org\/{rel}","templated":true}]}}