{"id":18791,"date":"2024-06-16T02:34:27","date_gmt":"2024-06-16T00:34:27","guid":{"rendered":"https:\/\/brightloop.fr\/applications\/maritime\/"},"modified":"2024-10-10T10:26:15","modified_gmt":"2024-10-10T08:26:15","slug":"maritime","status":"publish","type":"page","link":"https:\/\/brightloop.fr\/fr\/applications\/maritime\/","title":{"rendered":"Maritime"},"content":{"rendered":"","protected":false},"excerpt":{"rendered":"","protected":false},"author":1,"featured_media":0,"parent":18758,"menu_order":0,"comment_status":"closed","ping_status":"closed","template":"","meta":{"footnotes":""},"class_list":["post-18791","page","type-page","status-publish","hentry"],"yoast_head":"<!-- This site is optimized with the Yoast SEO Premium plugin v26.9 (Yoast SEO v26.9) - https:\/\/yoast.com\/product\/yoast-seo-premium-wordpress\/ -->\n<title>Convertisseurs de haute puissance pour applications maritimes - BrightLoop<\/title>\n<meta name=\"description\" content=\"BrightLoop contribue \u00e0 l&#039;\u00e9lectrification de l&#039;industrie maritime gr\u00e2ce \u00e0 des convertisseurs galvaniquement isol\u00e9s et \u00e9volutifs, permettant d&#039;atteindre des m\u00e9gawatts gr\u00e2ce \u00e0 la parall\u00e9lisation.\" \/>\n<meta name=\"robots\" content=\"index, follow, max-snippet:-1, max-image-preview:large, max-video-preview:-1\" \/>\n<link rel=\"canonical\" href=\"https:\/\/brightloop.fr\/fr\/applications\/maritime\/\" \/>\n<meta property=\"og:locale\" content=\"fr_FR\" \/>\n<meta property=\"og:type\" content=\"article\" \/>\n<meta property=\"og:title\" content=\"Maritime\" \/>\n<meta property=\"og:description\" content=\"BrightLoop contribue \u00e0 l&#039;\u00e9lectrification de l&#039;industrie maritime gr\u00e2ce \u00e0 des convertisseurs galvaniquement isol\u00e9s et \u00e9volutifs, permettant d&#039;atteindre des m\u00e9gawatts gr\u00e2ce \u00e0 la parall\u00e9lisation.\" \/>\n<meta property=\"og:url\" content=\"https:\/\/brightloop.fr\/fr\/applications\/maritime\/\" \/>\n<meta property=\"og:site_name\" content=\"BrightLoop\" \/>\n<meta property=\"article:modified_time\" content=\"2024-10-10T08:26:15+00:00\" \/>\n<meta name=\"twitter:card\" content=\"summary_large_image\" \/>\n<script type=\"application\/ld+json\" class=\"yoast-schema-graph\">{\"@context\":\"https:\/\/schema.org\",\"@graph\":[{\"@type\":\"WebPage\",\"@id\":\"https:\/\/brightloop.fr\/fr\/applications\/maritime\/\",\"url\":\"https:\/\/brightloop.fr\/fr\/applications\/maritime\/\",\"name\":\"Convertisseurs de haute puissance pour applications maritimes - BrightLoop\",\"isPartOf\":{\"@id\":\"https:\/\/brightloop.fr\/fr\/#website\"},\"datePublished\":\"2024-06-16T00:34:27+00:00\",\"dateModified\":\"2024-10-10T08:26:15+00:00\",\"description\":\"BrightLoop contribue \u00e0 l'\u00e9lectrification de l'industrie maritime gr\u00e2ce \u00e0 des convertisseurs galvaniquement isol\u00e9s et \u00e9volutifs, permettant d'atteindre des m\u00e9gawatts gr\u00e2ce \u00e0 la parall\u00e9lisation.\",\"breadcrumb\":{\"@id\":\"https:\/\/brightloop.fr\/fr\/applications\/maritime\/#breadcrumb\"},\"inLanguage\":\"fr-FR\",\"potentialAction\":[{\"@type\":\"ReadAction\",\"target\":[\"https:\/\/brightloop.fr\/fr\/applications\/maritime\/\"]}]},{\"@type\":\"BreadcrumbList\",\"@id\":\"https:\/\/brightloop.fr\/fr\/applications\/maritime\/#breadcrumb\",\"itemListElement\":[{\"@type\":\"ListItem\",\"position\":1,\"name\":\"&#8962;\",\"item\":\"https:\/\/brightloop.fr\/fr\/\"},{\"@type\":\"ListItem\",\"position\":2,\"name\":\"Applications\",\"item\":\"https:\/\/brightloop.fr\/fr\/applications\/\"},{\"@type\":\"ListItem\",\"position\":3,\"name\":\"Maritime\"}]},{\"@type\":\"WebSite\",\"@id\":\"https:\/\/brightloop.fr\/fr\/#website\",\"url\":\"https:\/\/brightloop.fr\/fr\/\",\"name\":\"BrightLoop\",\"description\":\"\",\"potentialAction\":[{\"@type\":\"SearchAction\",\"target\":{\"@type\":\"EntryPoint\",\"urlTemplate\":\"https:\/\/brightloop.fr\/fr\/?s={search_term_string}\"},\"query-input\":{\"@type\":\"PropertyValueSpecification\",\"valueRequired\":true,\"valueName\":\"search_term_string\"}}],\"inLanguage\":\"fr-FR\"}]}<\/script>\n<!-- \/ Yoast SEO Premium plugin. -->","yoast_head_json":{"title":"Convertisseurs de haute puissance pour applications maritimes - BrightLoop","description":"BrightLoop contribue \u00e0 l'\u00e9lectrification de l'industrie maritime gr\u00e2ce \u00e0 des convertisseurs galvaniquement isol\u00e9s et \u00e9volutifs, permettant d'atteindre des m\u00e9gawatts gr\u00e2ce \u00e0 la parall\u00e9lisation.","robots":{"index":"index","follow":"follow","max-snippet":"max-snippet:-1","max-image-preview":"max-image-preview:large","max-video-preview":"max-video-preview:-1"},"canonical":"https:\/\/brightloop.fr\/fr\/applications\/maritime\/","og_locale":"fr_FR","og_type":"article","og_title":"Maritime","og_description":"BrightLoop contribue \u00e0 l'\u00e9lectrification de l'industrie maritime gr\u00e2ce \u00e0 des convertisseurs galvaniquement isol\u00e9s et \u00e9volutifs, permettant d'atteindre des m\u00e9gawatts gr\u00e2ce \u00e0 la parall\u00e9lisation.","og_url":"https:\/\/brightloop.fr\/fr\/applications\/maritime\/","og_site_name":"BrightLoop","article_modified_time":"2024-10-10T08:26:15+00:00","twitter_card":"summary_large_image","schema":{"@context":"https:\/\/schema.org","@graph":[{"@type":"WebPage","@id":"https:\/\/brightloop.fr\/fr\/applications\/maritime\/","url":"https:\/\/brightloop.fr\/fr\/applications\/maritime\/","name":"Convertisseurs de haute puissance pour applications maritimes - BrightLoop","isPartOf":{"@id":"https:\/\/brightloop.fr\/fr\/#website"},"datePublished":"2024-06-16T00:34:27+00:00","dateModified":"2024-10-10T08:26:15+00:00","description":"BrightLoop contribue \u00e0 l'\u00e9lectrification de l'industrie maritime gr\u00e2ce \u00e0 des convertisseurs galvaniquement isol\u00e9s et \u00e9volutifs, permettant d'atteindre des m\u00e9gawatts gr\u00e2ce \u00e0 la parall\u00e9lisation.","breadcrumb":{"@id":"https:\/\/brightloop.fr\/fr\/applications\/maritime\/#breadcrumb"},"inLanguage":"fr-FR","potentialAction":[{"@type":"ReadAction","target":["https:\/\/brightloop.fr\/fr\/applications\/maritime\/"]}]},{"@type":"BreadcrumbList","@id":"https:\/\/brightloop.fr\/fr\/applications\/maritime\/#breadcrumb","itemListElement":[{"@type":"ListItem","position":1,"name":"&#8962;","item":"https:\/\/brightloop.fr\/fr\/"},{"@type":"ListItem","position":2,"name":"Applications","item":"https:\/\/brightloop.fr\/fr\/applications\/"},{"@type":"ListItem","position":3,"name":"Maritime"}]},{"@type":"WebSite","@id":"https:\/\/brightloop.fr\/fr\/#website","url":"https:\/\/brightloop.fr\/fr\/","name":"BrightLoop","description":"","potentialAction":[{"@type":"SearchAction","target":{"@type":"EntryPoint","urlTemplate":"https:\/\/brightloop.fr\/fr\/?s={search_term_string}"},"query-input":{"@type":"PropertyValueSpecification","valueRequired":true,"valueName":"search_term_string"}}],"inLanguage":"fr-FR"}]}},"_links":{"self":[{"href":"https:\/\/brightloop.fr\/fr\/wp-json\/wp\/v2\/pages\/18791","targetHints":{"allow":["GET"]}}],"collection":[{"href":"https:\/\/brightloop.fr\/fr\/wp-json\/wp\/v2\/pages"}],"about":[{"href":"https:\/\/brightloop.fr\/fr\/wp-json\/wp\/v2\/types\/page"}],"author":[{"embeddable":true,"href":"https:\/\/brightloop.fr\/fr\/wp-json\/wp\/v2\/users\/1"}],"replies":[{"embeddable":true,"href":"https:\/\/brightloop.fr\/fr\/wp-json\/wp\/v2\/comments?post=18791"}],"version-history":[{"count":1,"href":"https:\/\/brightloop.fr\/fr\/wp-json\/wp\/v2\/pages\/18791\/revisions"}],"predecessor-version":[{"id":18875,"href":"https:\/\/brightloop.fr\/fr\/wp-json\/wp\/v2\/pages\/18791\/revisions\/18875"}],"up":[{"embeddable":true,"href":"https:\/\/brightloop.fr\/fr\/wp-json\/wp\/v2\/pages\/18758"}],"wp:attachment":[{"href":"https:\/\/brightloop.fr\/fr\/wp-json\/wp\/v2\/media?parent=18791"}],"curies":[{"name":"wp","href":"https:\/\/api.w.org\/{rel}","templated":true}]}}