{"id":18792,"date":"2024-06-16T17:26:20","date_gmt":"2024-06-16T15:26:20","guid":{"rendered":"https:\/\/brightloop.fr\/entreprise\/vision-mission-et-culture\/"},"modified":"2025-10-01T13:01:37","modified_gmt":"2025-10-01T11:01:37","slug":"vision-mission-et-culture","status":"publish","type":"page","link":"https:\/\/brightloop.fr\/fr\/entreprise\/vision-mission-et-culture\/","title":{"rendered":"Vision, mission et culture"},"content":{"rendered":"","protected":false},"excerpt":{"rendered":"","protected":false},"author":1,"featured_media":0,"parent":18752,"menu_order":0,"comment_status":"open","ping_status":"closed","template":"","meta":{"footnotes":""},"class_list":["post-18792","page","type-page","status-publish","hentry"],"yoast_head":"<!-- This site is optimized with the Yoast SEO Premium plugin v26.9 (Yoast SEO v26.9) - https:\/\/yoast.com\/product\/yoast-seo-premium-wordpress\/ -->\n<title>Notre vision, notre mission et notre culture - BrightLoop<\/title>\n<meta name=\"description\" content=\"Notre culture est fa\u00e7onn\u00e9e par les d\u00e9fis technologiques et la recherche constante de l&#039;excellence. Nous cultivons un \u00e9tat d&#039;esprit ouvert bas\u00e9 sur l&#039;agilit\u00e9, l&#039;ing\u00e9niosit\u00e9 et la proactivit\u00e9.\" \/>\n<meta name=\"robots\" content=\"index, follow, max-snippet:-1, max-image-preview:large, max-video-preview:-1\" \/>\n<link rel=\"canonical\" href=\"https:\/\/brightloop.fr\/fr\/entreprise\/vision-mission-et-culture\/\" \/>\n<meta property=\"og:locale\" content=\"fr_FR\" \/>\n<meta property=\"og:type\" content=\"article\" \/>\n<meta property=\"og:title\" content=\"Vision, mission et culture\" \/>\n<meta property=\"og:description\" content=\"Notre culture est fa\u00e7onn\u00e9e par les d\u00e9fis technologiques et la recherche constante de l&#039;excellence. Nous cultivons un \u00e9tat d&#039;esprit ouvert bas\u00e9 sur l&#039;agilit\u00e9, l&#039;ing\u00e9niosit\u00e9 et la proactivit\u00e9.\" \/>\n<meta property=\"og:url\" content=\"https:\/\/brightloop.fr\/fr\/entreprise\/vision-mission-et-culture\/\" \/>\n<meta property=\"og:site_name\" content=\"BrightLoop\" \/>\n<meta property=\"article:modified_time\" content=\"2025-10-01T11:01:37+00:00\" \/>\n<meta name=\"twitter:card\" content=\"summary_large_image\" \/>\n<script type=\"application\/ld+json\" class=\"yoast-schema-graph\">{\"@context\":\"https:\/\/schema.org\",\"@graph\":[{\"@type\":\"WebPage\",\"@id\":\"https:\/\/brightloop.fr\/fr\/entreprise\/vision-mission-et-culture\/\",\"url\":\"https:\/\/brightloop.fr\/fr\/entreprise\/vision-mission-et-culture\/\",\"name\":\"Notre vision, notre mission et notre culture - BrightLoop\",\"isPartOf\":{\"@id\":\"https:\/\/brightloop.fr\/fr\/#website\"},\"datePublished\":\"2024-06-16T15:26:20+00:00\",\"dateModified\":\"2025-10-01T11:01:37+00:00\",\"description\":\"Notre culture est fa\u00e7onn\u00e9e par les d\u00e9fis technologiques et la recherche constante de l'excellence. Nous cultivons un \u00e9tat d'esprit ouvert bas\u00e9 sur l'agilit\u00e9, l'ing\u00e9niosit\u00e9 et la proactivit\u00e9.\",\"breadcrumb\":{\"@id\":\"https:\/\/brightloop.fr\/fr\/entreprise\/vision-mission-et-culture\/#breadcrumb\"},\"inLanguage\":\"fr-FR\",\"potentialAction\":[{\"@type\":\"ReadAction\",\"target\":[\"https:\/\/brightloop.fr\/fr\/entreprise\/vision-mission-et-culture\/\"]}]},{\"@type\":\"BreadcrumbList\",\"@id\":\"https:\/\/brightloop.fr\/fr\/entreprise\/vision-mission-et-culture\/#breadcrumb\",\"itemListElement\":[{\"@type\":\"ListItem\",\"position\":1,\"name\":\"&#8962;\",\"item\":\"https:\/\/brightloop.fr\/fr\/\"},{\"@type\":\"ListItem\",\"position\":2,\"name\":\"Entreprise\",\"item\":\"https:\/\/brightloop.fr\/fr\/entreprise\/\"},{\"@type\":\"ListItem\",\"position\":3,\"name\":\"Vision, mission et culture\"}]},{\"@type\":\"WebSite\",\"@id\":\"https:\/\/brightloop.fr\/fr\/#website\",\"url\":\"https:\/\/brightloop.fr\/fr\/\",\"name\":\"BrightLoop\",\"description\":\"\",\"potentialAction\":[{\"@type\":\"SearchAction\",\"target\":{\"@type\":\"EntryPoint\",\"urlTemplate\":\"https:\/\/brightloop.fr\/fr\/?s={search_term_string}\"},\"query-input\":{\"@type\":\"PropertyValueSpecification\",\"valueRequired\":true,\"valueName\":\"search_term_string\"}}],\"inLanguage\":\"fr-FR\"}]}<\/script>\n<!-- \/ Yoast SEO Premium plugin. -->","yoast_head_json":{"title":"Notre vision, notre mission et notre culture - BrightLoop","description":"Notre culture est fa\u00e7onn\u00e9e par les d\u00e9fis technologiques et la recherche constante de l'excellence. Nous cultivons un \u00e9tat d'esprit ouvert bas\u00e9 sur l'agilit\u00e9, l'ing\u00e9niosit\u00e9 et la proactivit\u00e9.","robots":{"index":"index","follow":"follow","max-snippet":"max-snippet:-1","max-image-preview":"max-image-preview:large","max-video-preview":"max-video-preview:-1"},"canonical":"https:\/\/brightloop.fr\/fr\/entreprise\/vision-mission-et-culture\/","og_locale":"fr_FR","og_type":"article","og_title":"Vision, mission et culture","og_description":"Notre culture est fa\u00e7onn\u00e9e par les d\u00e9fis technologiques et la recherche constante de l'excellence. Nous cultivons un \u00e9tat d'esprit ouvert bas\u00e9 sur l'agilit\u00e9, l'ing\u00e9niosit\u00e9 et la proactivit\u00e9.","og_url":"https:\/\/brightloop.fr\/fr\/entreprise\/vision-mission-et-culture\/","og_site_name":"BrightLoop","article_modified_time":"2025-10-01T11:01:37+00:00","twitter_card":"summary_large_image","schema":{"@context":"https:\/\/schema.org","@graph":[{"@type":"WebPage","@id":"https:\/\/brightloop.fr\/fr\/entreprise\/vision-mission-et-culture\/","url":"https:\/\/brightloop.fr\/fr\/entreprise\/vision-mission-et-culture\/","name":"Notre vision, notre mission et notre culture - BrightLoop","isPartOf":{"@id":"https:\/\/brightloop.fr\/fr\/#website"},"datePublished":"2024-06-16T15:26:20+00:00","dateModified":"2025-10-01T11:01:37+00:00","description":"Notre culture est fa\u00e7onn\u00e9e par les d\u00e9fis technologiques et la recherche constante de l'excellence. Nous cultivons un \u00e9tat d'esprit ouvert bas\u00e9 sur l'agilit\u00e9, l'ing\u00e9niosit\u00e9 et la proactivit\u00e9.","breadcrumb":{"@id":"https:\/\/brightloop.fr\/fr\/entreprise\/vision-mission-et-culture\/#breadcrumb"},"inLanguage":"fr-FR","potentialAction":[{"@type":"ReadAction","target":["https:\/\/brightloop.fr\/fr\/entreprise\/vision-mission-et-culture\/"]}]},{"@type":"BreadcrumbList","@id":"https:\/\/brightloop.fr\/fr\/entreprise\/vision-mission-et-culture\/#breadcrumb","itemListElement":[{"@type":"ListItem","position":1,"name":"&#8962;","item":"https:\/\/brightloop.fr\/fr\/"},{"@type":"ListItem","position":2,"name":"Entreprise","item":"https:\/\/brightloop.fr\/fr\/entreprise\/"},{"@type":"ListItem","position":3,"name":"Vision, mission et culture"}]},{"@type":"WebSite","@id":"https:\/\/brightloop.fr\/fr\/#website","url":"https:\/\/brightloop.fr\/fr\/","name":"BrightLoop","description":"","potentialAction":[{"@type":"SearchAction","target":{"@type":"EntryPoint","urlTemplate":"https:\/\/brightloop.fr\/fr\/?s={search_term_string}"},"query-input":{"@type":"PropertyValueSpecification","valueRequired":true,"valueName":"search_term_string"}}],"inLanguage":"fr-FR"}]}},"_links":{"self":[{"href":"https:\/\/brightloop.fr\/fr\/wp-json\/wp\/v2\/pages\/18792","targetHints":{"allow":["GET"]}}],"collection":[{"href":"https:\/\/brightloop.fr\/fr\/wp-json\/wp\/v2\/pages"}],"about":[{"href":"https:\/\/brightloop.fr\/fr\/wp-json\/wp\/v2\/types\/page"}],"author":[{"embeddable":true,"href":"https:\/\/brightloop.fr\/fr\/wp-json\/wp\/v2\/users\/1"}],"replies":[{"embeddable":true,"href":"https:\/\/brightloop.fr\/fr\/wp-json\/wp\/v2\/comments?post=18792"}],"version-history":[{"count":1,"href":"https:\/\/brightloop.fr\/fr\/wp-json\/wp\/v2\/pages\/18792\/revisions"}],"predecessor-version":[{"id":18873,"href":"https:\/\/brightloop.fr\/fr\/wp-json\/wp\/v2\/pages\/18792\/revisions\/18873"}],"up":[{"embeddable":true,"href":"https:\/\/brightloop.fr\/fr\/wp-json\/wp\/v2\/pages\/18752"}],"wp:attachment":[{"href":"https:\/\/brightloop.fr\/fr\/wp-json\/wp\/v2\/media?parent=18792"}],"curies":[{"name":"wp","href":"https:\/\/api.w.org\/{rel}","templated":true}]}}