{"id":18793,"date":"2024-06-16T17:41:05","date_gmt":"2024-06-16T15:41:05","guid":{"rendered":"https:\/\/brightloop.fr\/entreprise\/histoire-et-personnes\/"},"modified":"2025-10-01T13:25:40","modified_gmt":"2025-10-01T11:25:40","slug":"histoire-et-personnes","status":"publish","type":"page","link":"https:\/\/brightloop.fr\/fr\/entreprise\/histoire-et-personnes\/","title":{"rendered":"Notre histoire et nos valeurs"},"content":{"rendered":"","protected":false},"excerpt":{"rendered":"","protected":false},"author":1,"featured_media":0,"parent":18752,"menu_order":0,"comment_status":"open","ping_status":"closed","template":"","meta":{"footnotes":""},"class_list":["post-18793","page","type-page","status-publish","hentry"],"yoast_head":"<!-- This site is optimized with the Yoast SEO Premium plugin v26.9 (Yoast SEO v26.9) - https:\/\/yoast.com\/product\/yoast-seo-premium-wordpress\/ -->\n<title>Un h\u00e9ritage fort issu des convertisseurs DCDC - BrightLoop<\/title>\n<meta name=\"description\" content=\"Depuis 2010, BrightLoop d\u00e9veloppe et fabrique des convertisseurs et des onduleurs de haute performance adapt\u00e9s aux applications d&#039;\u00e9lectrification les plus exigeantes.\" \/>\n<meta name=\"robots\" content=\"index, follow, max-snippet:-1, max-image-preview:large, max-video-preview:-1\" \/>\n<link rel=\"canonical\" href=\"https:\/\/brightloop.fr\/fr\/entreprise\/histoire-et-personnes\/\" \/>\n<meta property=\"og:locale\" content=\"fr_FR\" \/>\n<meta property=\"og:type\" content=\"article\" \/>\n<meta property=\"og:title\" content=\"Notre histoire et nos valeurs\" \/>\n<meta property=\"og:description\" content=\"Depuis 2010, BrightLoop d\u00e9veloppe et fabrique des convertisseurs et des onduleurs de haute performance adapt\u00e9s aux applications d&#039;\u00e9lectrification les plus exigeantes.\" \/>\n<meta property=\"og:url\" content=\"https:\/\/brightloop.fr\/fr\/entreprise\/histoire-et-personnes\/\" \/>\n<meta property=\"og:site_name\" content=\"BrightLoop\" \/>\n<meta property=\"article:modified_time\" content=\"2025-10-01T11:25:40+00:00\" \/>\n<meta name=\"twitter:card\" content=\"summary_large_image\" \/>\n<script type=\"application\/ld+json\" class=\"yoast-schema-graph\">{\"@context\":\"https:\/\/schema.org\",\"@graph\":[{\"@type\":\"WebPage\",\"@id\":\"https:\/\/brightloop.fr\/fr\/entreprise\/histoire-et-personnes\/\",\"url\":\"https:\/\/brightloop.fr\/fr\/entreprise\/histoire-et-personnes\/\",\"name\":\"Un h\u00e9ritage fort issu des convertisseurs DCDC - BrightLoop\",\"isPartOf\":{\"@id\":\"https:\/\/brightloop.fr\/fr\/#website\"},\"datePublished\":\"2024-06-16T15:41:05+00:00\",\"dateModified\":\"2025-10-01T11:25:40+00:00\",\"description\":\"Depuis 2010, BrightLoop d\u00e9veloppe et fabrique des convertisseurs et des onduleurs de haute performance adapt\u00e9s aux applications d'\u00e9lectrification les plus exigeantes.\",\"breadcrumb\":{\"@id\":\"https:\/\/brightloop.fr\/fr\/entreprise\/histoire-et-personnes\/#breadcrumb\"},\"inLanguage\":\"fr-FR\",\"potentialAction\":[{\"@type\":\"ReadAction\",\"target\":[\"https:\/\/brightloop.fr\/fr\/entreprise\/histoire-et-personnes\/\"]}]},{\"@type\":\"BreadcrumbList\",\"@id\":\"https:\/\/brightloop.fr\/fr\/entreprise\/histoire-et-personnes\/#breadcrumb\",\"itemListElement\":[{\"@type\":\"ListItem\",\"position\":1,\"name\":\"&#8962;\",\"item\":\"https:\/\/brightloop.fr\/fr\/\"},{\"@type\":\"ListItem\",\"position\":2,\"name\":\"Entreprise\",\"item\":\"https:\/\/brightloop.fr\/fr\/entreprise\/\"},{\"@type\":\"ListItem\",\"position\":3,\"name\":\"Notre histoire et nos valeurs\"}]},{\"@type\":\"WebSite\",\"@id\":\"https:\/\/brightloop.fr\/fr\/#website\",\"url\":\"https:\/\/brightloop.fr\/fr\/\",\"name\":\"BrightLoop\",\"description\":\"\",\"potentialAction\":[{\"@type\":\"SearchAction\",\"target\":{\"@type\":\"EntryPoint\",\"urlTemplate\":\"https:\/\/brightloop.fr\/fr\/?s={search_term_string}\"},\"query-input\":{\"@type\":\"PropertyValueSpecification\",\"valueRequired\":true,\"valueName\":\"search_term_string\"}}],\"inLanguage\":\"fr-FR\"}]}<\/script>\n<!-- \/ Yoast SEO Premium plugin. -->","yoast_head_json":{"title":"Un h\u00e9ritage fort issu des convertisseurs DCDC - BrightLoop","description":"Depuis 2010, BrightLoop d\u00e9veloppe et fabrique des convertisseurs et des onduleurs de haute performance adapt\u00e9s aux applications d'\u00e9lectrification les plus exigeantes.","robots":{"index":"index","follow":"follow","max-snippet":"max-snippet:-1","max-image-preview":"max-image-preview:large","max-video-preview":"max-video-preview:-1"},"canonical":"https:\/\/brightloop.fr\/fr\/entreprise\/histoire-et-personnes\/","og_locale":"fr_FR","og_type":"article","og_title":"Notre histoire et nos valeurs","og_description":"Depuis 2010, BrightLoop d\u00e9veloppe et fabrique des convertisseurs et des onduleurs de haute performance adapt\u00e9s aux applications d'\u00e9lectrification les plus exigeantes.","og_url":"https:\/\/brightloop.fr\/fr\/entreprise\/histoire-et-personnes\/","og_site_name":"BrightLoop","article_modified_time":"2025-10-01T11:25:40+00:00","twitter_card":"summary_large_image","schema":{"@context":"https:\/\/schema.org","@graph":[{"@type":"WebPage","@id":"https:\/\/brightloop.fr\/fr\/entreprise\/histoire-et-personnes\/","url":"https:\/\/brightloop.fr\/fr\/entreprise\/histoire-et-personnes\/","name":"Un h\u00e9ritage fort issu des convertisseurs DCDC - BrightLoop","isPartOf":{"@id":"https:\/\/brightloop.fr\/fr\/#website"},"datePublished":"2024-06-16T15:41:05+00:00","dateModified":"2025-10-01T11:25:40+00:00","description":"Depuis 2010, BrightLoop d\u00e9veloppe et fabrique des convertisseurs et des onduleurs de haute performance adapt\u00e9s aux applications d'\u00e9lectrification les plus exigeantes.","breadcrumb":{"@id":"https:\/\/brightloop.fr\/fr\/entreprise\/histoire-et-personnes\/#breadcrumb"},"inLanguage":"fr-FR","potentialAction":[{"@type":"ReadAction","target":["https:\/\/brightloop.fr\/fr\/entreprise\/histoire-et-personnes\/"]}]},{"@type":"BreadcrumbList","@id":"https:\/\/brightloop.fr\/fr\/entreprise\/histoire-et-personnes\/#breadcrumb","itemListElement":[{"@type":"ListItem","position":1,"name":"&#8962;","item":"https:\/\/brightloop.fr\/fr\/"},{"@type":"ListItem","position":2,"name":"Entreprise","item":"https:\/\/brightloop.fr\/fr\/entreprise\/"},{"@type":"ListItem","position":3,"name":"Notre histoire et nos valeurs"}]},{"@type":"WebSite","@id":"https:\/\/brightloop.fr\/fr\/#website","url":"https:\/\/brightloop.fr\/fr\/","name":"BrightLoop","description":"","potentialAction":[{"@type":"SearchAction","target":{"@type":"EntryPoint","urlTemplate":"https:\/\/brightloop.fr\/fr\/?s={search_term_string}"},"query-input":{"@type":"PropertyValueSpecification","valueRequired":true,"valueName":"search_term_string"}}],"inLanguage":"fr-FR"}]}},"_links":{"self":[{"href":"https:\/\/brightloop.fr\/fr\/wp-json\/wp\/v2\/pages\/18793","targetHints":{"allow":["GET"]}}],"collection":[{"href":"https:\/\/brightloop.fr\/fr\/wp-json\/wp\/v2\/pages"}],"about":[{"href":"https:\/\/brightloop.fr\/fr\/wp-json\/wp\/v2\/types\/page"}],"author":[{"embeddable":true,"href":"https:\/\/brightloop.fr\/fr\/wp-json\/wp\/v2\/users\/1"}],"replies":[{"embeddable":true,"href":"https:\/\/brightloop.fr\/fr\/wp-json\/wp\/v2\/comments?post=18793"}],"version-history":[{"count":1,"href":"https:\/\/brightloop.fr\/fr\/wp-json\/wp\/v2\/pages\/18793\/revisions"}],"predecessor-version":[{"id":18872,"href":"https:\/\/brightloop.fr\/fr\/wp-json\/wp\/v2\/pages\/18793\/revisions\/18872"}],"up":[{"embeddable":true,"href":"https:\/\/brightloop.fr\/fr\/wp-json\/wp\/v2\/pages\/18752"}],"wp:attachment":[{"href":"https:\/\/brightloop.fr\/fr\/wp-json\/wp\/v2\/media?parent=18793"}],"curies":[{"name":"wp","href":"https:\/\/api.w.org\/{rel}","templated":true}]}}