{"id":18795,"date":"2024-06-16T01:38:28","date_gmt":"2024-06-15T23:38:28","guid":{"rendered":"https:\/\/brightloop.fr\/applications\/transport\/"},"modified":"2024-10-09T15:23:28","modified_gmt":"2024-10-09T13:23:28","slug":"le-transport","status":"publish","type":"page","link":"https:\/\/brightloop.fr\/fr\/applications\/le-transport\/","title":{"rendered":"Transport"},"content":{"rendered":"","protected":false},"excerpt":{"rendered":"","protected":false},"author":1,"featured_media":0,"parent":18758,"menu_order":0,"comment_status":"closed","ping_status":"closed","template":"","meta":{"footnotes":""},"class_list":["post-18795","page","type-page","status-publish","hentry"],"yoast_head":"<!-- This site is optimized with the Yoast SEO Premium plugin v26.9 (Yoast SEO v26.9) - https:\/\/yoast.com\/product\/yoast-seo-premium-wordpress\/ -->\n<title>Convertisseurs de haute puissance pour les applications de transport - BrightLoop - BrightLoop<\/title>\n<meta name=\"description\" content=\"BrightLoop r\u00e9pond aux contraintes environnementales de l&#039;industrie du transport avec une nouvelle g\u00e9n\u00e9ration de convertisseurs de courant continu pour les trains, les bus et les camions, en r\u00e9duisant le poids et le volume.\" \/>\n<meta name=\"robots\" content=\"index, follow, max-snippet:-1, max-image-preview:large, max-video-preview:-1\" \/>\n<link rel=\"canonical\" href=\"https:\/\/brightloop.fr\/fr\/applications\/le-transport\/\" \/>\n<meta property=\"og:locale\" content=\"fr_FR\" \/>\n<meta property=\"og:type\" content=\"article\" \/>\n<meta property=\"og:title\" content=\"Transport\" \/>\n<meta property=\"og:description\" content=\"BrightLoop r\u00e9pond aux contraintes environnementales de l&#039;industrie du transport avec une nouvelle g\u00e9n\u00e9ration de convertisseurs de courant continu pour les trains, les bus et les camions, en r\u00e9duisant le poids et le volume.\" \/>\n<meta property=\"og:url\" content=\"https:\/\/brightloop.fr\/fr\/applications\/le-transport\/\" \/>\n<meta property=\"og:site_name\" content=\"BrightLoop\" \/>\n<meta property=\"article:modified_time\" content=\"2024-10-09T13:23:28+00:00\" \/>\n<meta name=\"twitter:card\" content=\"summary_large_image\" \/>\n<script type=\"application\/ld+json\" class=\"yoast-schema-graph\">{\"@context\":\"https:\/\/schema.org\",\"@graph\":[{\"@type\":\"WebPage\",\"@id\":\"https:\/\/brightloop.fr\/fr\/applications\/le-transport\/\",\"url\":\"https:\/\/brightloop.fr\/fr\/applications\/le-transport\/\",\"name\":\"Convertisseurs de haute puissance pour les applications de transport - BrightLoop - BrightLoop\",\"isPartOf\":{\"@id\":\"https:\/\/brightloop.fr\/fr\/#website\"},\"datePublished\":\"2024-06-15T23:38:28+00:00\",\"dateModified\":\"2024-10-09T13:23:28+00:00\",\"description\":\"BrightLoop r\u00e9pond aux contraintes environnementales de l'industrie du transport avec une nouvelle g\u00e9n\u00e9ration de convertisseurs de courant continu pour les trains, les bus et les camions, en r\u00e9duisant le poids et le volume.\",\"breadcrumb\":{\"@id\":\"https:\/\/brightloop.fr\/fr\/applications\/le-transport\/#breadcrumb\"},\"inLanguage\":\"fr-FR\",\"potentialAction\":[{\"@type\":\"ReadAction\",\"target\":[\"https:\/\/brightloop.fr\/fr\/applications\/le-transport\/\"]}]},{\"@type\":\"BreadcrumbList\",\"@id\":\"https:\/\/brightloop.fr\/fr\/applications\/le-transport\/#breadcrumb\",\"itemListElement\":[{\"@type\":\"ListItem\",\"position\":1,\"name\":\"&#8962;\",\"item\":\"https:\/\/brightloop.fr\/fr\/\"},{\"@type\":\"ListItem\",\"position\":2,\"name\":\"Applications\",\"item\":\"https:\/\/brightloop.fr\/fr\/applications\/\"},{\"@type\":\"ListItem\",\"position\":3,\"name\":\"Transport\"}]},{\"@type\":\"WebSite\",\"@id\":\"https:\/\/brightloop.fr\/fr\/#website\",\"url\":\"https:\/\/brightloop.fr\/fr\/\",\"name\":\"BrightLoop\",\"description\":\"\",\"potentialAction\":[{\"@type\":\"SearchAction\",\"target\":{\"@type\":\"EntryPoint\",\"urlTemplate\":\"https:\/\/brightloop.fr\/fr\/?s={search_term_string}\"},\"query-input\":{\"@type\":\"PropertyValueSpecification\",\"valueRequired\":true,\"valueName\":\"search_term_string\"}}],\"inLanguage\":\"fr-FR\"}]}<\/script>\n<!-- \/ Yoast SEO Premium plugin. -->","yoast_head_json":{"title":"Convertisseurs de haute puissance pour les applications de transport - BrightLoop - BrightLoop","description":"BrightLoop r\u00e9pond aux contraintes environnementales de l'industrie du transport avec une nouvelle g\u00e9n\u00e9ration de convertisseurs de courant continu pour les trains, les bus et les camions, en r\u00e9duisant le poids et le volume.","robots":{"index":"index","follow":"follow","max-snippet":"max-snippet:-1","max-image-preview":"max-image-preview:large","max-video-preview":"max-video-preview:-1"},"canonical":"https:\/\/brightloop.fr\/fr\/applications\/le-transport\/","og_locale":"fr_FR","og_type":"article","og_title":"Transport","og_description":"BrightLoop r\u00e9pond aux contraintes environnementales de l'industrie du transport avec une nouvelle g\u00e9n\u00e9ration de convertisseurs de courant continu pour les trains, les bus et les camions, en r\u00e9duisant le poids et le volume.","og_url":"https:\/\/brightloop.fr\/fr\/applications\/le-transport\/","og_site_name":"BrightLoop","article_modified_time":"2024-10-09T13:23:28+00:00","twitter_card":"summary_large_image","schema":{"@context":"https:\/\/schema.org","@graph":[{"@type":"WebPage","@id":"https:\/\/brightloop.fr\/fr\/applications\/le-transport\/","url":"https:\/\/brightloop.fr\/fr\/applications\/le-transport\/","name":"Convertisseurs de haute puissance pour les applications de transport - BrightLoop - BrightLoop","isPartOf":{"@id":"https:\/\/brightloop.fr\/fr\/#website"},"datePublished":"2024-06-15T23:38:28+00:00","dateModified":"2024-10-09T13:23:28+00:00","description":"BrightLoop r\u00e9pond aux contraintes environnementales de l'industrie du transport avec une nouvelle g\u00e9n\u00e9ration de convertisseurs de courant continu pour les trains, les bus et les camions, en r\u00e9duisant le poids et le volume.","breadcrumb":{"@id":"https:\/\/brightloop.fr\/fr\/applications\/le-transport\/#breadcrumb"},"inLanguage":"fr-FR","potentialAction":[{"@type":"ReadAction","target":["https:\/\/brightloop.fr\/fr\/applications\/le-transport\/"]}]},{"@type":"BreadcrumbList","@id":"https:\/\/brightloop.fr\/fr\/applications\/le-transport\/#breadcrumb","itemListElement":[{"@type":"ListItem","position":1,"name":"&#8962;","item":"https:\/\/brightloop.fr\/fr\/"},{"@type":"ListItem","position":2,"name":"Applications","item":"https:\/\/brightloop.fr\/fr\/applications\/"},{"@type":"ListItem","position":3,"name":"Transport"}]},{"@type":"WebSite","@id":"https:\/\/brightloop.fr\/fr\/#website","url":"https:\/\/brightloop.fr\/fr\/","name":"BrightLoop","description":"","potentialAction":[{"@type":"SearchAction","target":{"@type":"EntryPoint","urlTemplate":"https:\/\/brightloop.fr\/fr\/?s={search_term_string}"},"query-input":{"@type":"PropertyValueSpecification","valueRequired":true,"valueName":"search_term_string"}}],"inLanguage":"fr-FR"}]}},"_links":{"self":[{"href":"https:\/\/brightloop.fr\/fr\/wp-json\/wp\/v2\/pages\/18795","targetHints":{"allow":["GET"]}}],"collection":[{"href":"https:\/\/brightloop.fr\/fr\/wp-json\/wp\/v2\/pages"}],"about":[{"href":"https:\/\/brightloop.fr\/fr\/wp-json\/wp\/v2\/types\/page"}],"author":[{"embeddable":true,"href":"https:\/\/brightloop.fr\/fr\/wp-json\/wp\/v2\/users\/1"}],"replies":[{"embeddable":true,"href":"https:\/\/brightloop.fr\/fr\/wp-json\/wp\/v2\/comments?post=18795"}],"version-history":[{"count":1,"href":"https:\/\/brightloop.fr\/fr\/wp-json\/wp\/v2\/pages\/18795\/revisions"}],"predecessor-version":[{"id":18879,"href":"https:\/\/brightloop.fr\/fr\/wp-json\/wp\/v2\/pages\/18795\/revisions\/18879"}],"up":[{"embeddable":true,"href":"https:\/\/brightloop.fr\/fr\/wp-json\/wp\/v2\/pages\/18758"}],"wp:attachment":[{"href":"https:\/\/brightloop.fr\/fr\/wp-json\/wp\/v2\/media?parent=18795"}],"curies":[{"name":"wp","href":"https:\/\/api.w.org\/{rel}","templated":true}]}}