{"id":18808,"date":"2022-05-31T14:46:03","date_gmt":"2022-05-31T12:46:03","guid":{"rendered":"https:\/\/brightloop.fr\/accueil\/"},"modified":"2025-09-18T02:12:39","modified_gmt":"2025-09-18T00:12:39","slug":"accueil","status":"publish","type":"page","link":"https:\/\/brightloop.fr\/fr\/","title":{"rendered":"Accueil"},"content":{"rendered":"","protected":false},"excerpt":{"rendered":"","protected":false},"author":1,"featured_media":0,"parent":0,"menu_order":0,"comment_status":"open","ping_status":"closed","template":"","meta":{"footnotes":""},"class_list":["post-18808","page","type-page","status-publish","hentry"],"yoast_head":"<!-- This site is optimized with the Yoast SEO Premium plugin v26.9 (Yoast SEO v26.9) - https:\/\/yoast.com\/product\/yoast-seo-premium-wordpress\/ -->\n<title>Une plateforme universelle et \u00e9volutive de convertisseurs de puissance - BrightLoop<\/title>\n<meta name=\"description\" content=\"BrightLoop d\u00e9veloppe et fabrique des convertisseurs de puissance universels et \u00e9volutifs qui g\u00e8rent des flux d&#039;\u00e9nergie multiples jusqu&#039;aux m\u00e9gawatts avec une densit\u00e9 de puissance et une efficacit\u00e9 sans pr\u00e9c\u00e9dent.\" \/>\n<meta name=\"robots\" content=\"index, follow, max-snippet:-1, max-image-preview:large, max-video-preview:-1\" \/>\n<link rel=\"canonical\" href=\"https:\/\/brightloop.fr\/fr\/\" \/>\n<meta property=\"og:locale\" content=\"fr_FR\" \/>\n<meta property=\"og:type\" content=\"article\" \/>\n<meta property=\"og:title\" content=\"Accueil\" \/>\n<meta property=\"og:description\" content=\"BrightLoop d\u00e9veloppe et fabrique des convertisseurs de puissance universels et \u00e9volutifs qui g\u00e8rent des flux d&#039;\u00e9nergie multiples jusqu&#039;aux m\u00e9gawatts avec une densit\u00e9 de puissance et une efficacit\u00e9 sans pr\u00e9c\u00e9dent.\" \/>\n<meta property=\"og:url\" content=\"https:\/\/brightloop.fr\/fr\/\" \/>\n<meta property=\"og:site_name\" content=\"BrightLoop\" \/>\n<meta property=\"article:modified_time\" content=\"2025-09-18T00:12:39+00:00\" \/>\n<meta name=\"twitter:card\" content=\"summary_large_image\" \/>\n<script type=\"application\/ld+json\" class=\"yoast-schema-graph\">{\"@context\":\"https:\/\/schema.org\",\"@graph\":[{\"@type\":\"WebPage\",\"@id\":\"https:\/\/brightloop.fr\/fr\/\",\"url\":\"https:\/\/brightloop.fr\/fr\/\",\"name\":\"Une plateforme universelle et \u00e9volutive de convertisseurs de puissance - BrightLoop\",\"isPartOf\":{\"@id\":\"https:\/\/brightloop.fr\/fr\/#website\"},\"datePublished\":\"2022-05-31T12:46:03+00:00\",\"dateModified\":\"2025-09-18T00:12:39+00:00\",\"description\":\"BrightLoop d\u00e9veloppe et fabrique des convertisseurs de puissance universels et \u00e9volutifs qui g\u00e8rent des flux d'\u00e9nergie multiples jusqu'aux m\u00e9gawatts avec une densit\u00e9 de puissance et une efficacit\u00e9 sans pr\u00e9c\u00e9dent.\",\"breadcrumb\":{\"@id\":\"https:\/\/brightloop.fr\/fr\/#breadcrumb\"},\"inLanguage\":\"fr-FR\",\"potentialAction\":[{\"@type\":\"ReadAction\",\"target\":[\"https:\/\/brightloop.fr\/fr\/\"]}]},{\"@type\":\"BreadcrumbList\",\"@id\":\"https:\/\/brightloop.fr\/fr\/#breadcrumb\",\"itemListElement\":[{\"@type\":\"ListItem\",\"position\":1,\"name\":\"&#8962;\",\"item\":\"https:\/\/brightloop.fr\/fr\/\"},{\"@type\":\"ListItem\",\"position\":2,\"name\":\"Accueil\"}]},{\"@type\":\"WebSite\",\"@id\":\"https:\/\/brightloop.fr\/fr\/#website\",\"url\":\"https:\/\/brightloop.fr\/fr\/\",\"name\":\"BrightLoop\",\"description\":\"\",\"potentialAction\":[{\"@type\":\"SearchAction\",\"target\":{\"@type\":\"EntryPoint\",\"urlTemplate\":\"https:\/\/brightloop.fr\/fr\/?s={search_term_string}\"},\"query-input\":{\"@type\":\"PropertyValueSpecification\",\"valueRequired\":true,\"valueName\":\"search_term_string\"}}],\"inLanguage\":\"fr-FR\"}]}<\/script>\n<!-- \/ Yoast SEO Premium plugin. -->","yoast_head_json":{"title":"Une plateforme universelle et \u00e9volutive de convertisseurs de puissance - BrightLoop","description":"BrightLoop d\u00e9veloppe et fabrique des convertisseurs de puissance universels et \u00e9volutifs qui g\u00e8rent des flux d'\u00e9nergie multiples jusqu'aux m\u00e9gawatts avec une densit\u00e9 de puissance et une efficacit\u00e9 sans pr\u00e9c\u00e9dent.","robots":{"index":"index","follow":"follow","max-snippet":"max-snippet:-1","max-image-preview":"max-image-preview:large","max-video-preview":"max-video-preview:-1"},"canonical":"https:\/\/brightloop.fr\/fr\/","og_locale":"fr_FR","og_type":"article","og_title":"Accueil","og_description":"BrightLoop d\u00e9veloppe et fabrique des convertisseurs de puissance universels et \u00e9volutifs qui g\u00e8rent des flux d'\u00e9nergie multiples jusqu'aux m\u00e9gawatts avec une densit\u00e9 de puissance et une efficacit\u00e9 sans pr\u00e9c\u00e9dent.","og_url":"https:\/\/brightloop.fr\/fr\/","og_site_name":"BrightLoop","article_modified_time":"2025-09-18T00:12:39+00:00","twitter_card":"summary_large_image","schema":{"@context":"https:\/\/schema.org","@graph":[{"@type":"WebPage","@id":"https:\/\/brightloop.fr\/fr\/","url":"https:\/\/brightloop.fr\/fr\/","name":"Une plateforme universelle et \u00e9volutive de convertisseurs de puissance - BrightLoop","isPartOf":{"@id":"https:\/\/brightloop.fr\/fr\/#website"},"datePublished":"2022-05-31T12:46:03+00:00","dateModified":"2025-09-18T00:12:39+00:00","description":"BrightLoop d\u00e9veloppe et fabrique des convertisseurs de puissance universels et \u00e9volutifs qui g\u00e8rent des flux d'\u00e9nergie multiples jusqu'aux m\u00e9gawatts avec une densit\u00e9 de puissance et une efficacit\u00e9 sans pr\u00e9c\u00e9dent.","breadcrumb":{"@id":"https:\/\/brightloop.fr\/fr\/#breadcrumb"},"inLanguage":"fr-FR","potentialAction":[{"@type":"ReadAction","target":["https:\/\/brightloop.fr\/fr\/"]}]},{"@type":"BreadcrumbList","@id":"https:\/\/brightloop.fr\/fr\/#breadcrumb","itemListElement":[{"@type":"ListItem","position":1,"name":"&#8962;","item":"https:\/\/brightloop.fr\/fr\/"},{"@type":"ListItem","position":2,"name":"Accueil"}]},{"@type":"WebSite","@id":"https:\/\/brightloop.fr\/fr\/#website","url":"https:\/\/brightloop.fr\/fr\/","name":"BrightLoop","description":"","potentialAction":[{"@type":"SearchAction","target":{"@type":"EntryPoint","urlTemplate":"https:\/\/brightloop.fr\/fr\/?s={search_term_string}"},"query-input":{"@type":"PropertyValueSpecification","valueRequired":true,"valueName":"search_term_string"}}],"inLanguage":"fr-FR"}]}},"_links":{"self":[{"href":"https:\/\/brightloop.fr\/fr\/wp-json\/wp\/v2\/pages\/18808","targetHints":{"allow":["GET"]}}],"collection":[{"href":"https:\/\/brightloop.fr\/fr\/wp-json\/wp\/v2\/pages"}],"about":[{"href":"https:\/\/brightloop.fr\/fr\/wp-json\/wp\/v2\/types\/page"}],"author":[{"embeddable":true,"href":"https:\/\/brightloop.fr\/fr\/wp-json\/wp\/v2\/users\/1"}],"replies":[{"embeddable":true,"href":"https:\/\/brightloop.fr\/fr\/wp-json\/wp\/v2\/comments?post=18808"}],"version-history":[{"count":1,"href":"https:\/\/brightloop.fr\/fr\/wp-json\/wp\/v2\/pages\/18808\/revisions"}],"predecessor-version":[{"id":18883,"href":"https:\/\/brightloop.fr\/fr\/wp-json\/wp\/v2\/pages\/18808\/revisions\/18883"}],"wp:attachment":[{"href":"https:\/\/brightloop.fr\/fr\/wp-json\/wp\/v2\/media?parent=18808"}],"curies":[{"name":"wp","href":"https:\/\/api.w.org\/{rel}","templated":true}]}}