{"id":20709,"date":"2026-02-06T10:54:57","date_gmt":"2026-02-06T09:54:57","guid":{"rendered":"https:\/\/brightloop.fr\/?page_id=20709"},"modified":"2026-02-23T02:52:16","modified_gmt":"2026-02-23T01:52:16","slug":"isolateur-galvanique-dc","status":"publish","type":"page","link":"https:\/\/brightloop.fr\/fr\/produits\/isolateur-galvanique-dc\/","title":{"rendered":"Isolateur Galvanique DC"},"content":{"rendered":"","protected":false},"excerpt":{"rendered":"","protected":false},"author":2,"featured_media":0,"parent":18750,"menu_order":0,"comment_status":"closed","ping_status":"closed","template":"","meta":{"footnotes":""},"class_list":["post-20709","page","type-page","status-publish","hentry"],"yoast_head":"<!-- This site is optimized with the Yoast SEO Premium plugin v26.9 (Yoast SEO v26.9) - https:\/\/yoast.com\/product\/yoast-seo-premium-wordpress\/ -->\n<title>Transformateur DC Haute Fr\u00e9quence Isolateur Galvanique DC - BrightLoop<\/title>\n<meta name=\"description\" content=\"Transformateur DC Haute Fr\u00e9quence fonctionnant avec des tensions d\u2019entr\u00e9e et de sortie jusqu\u2019\u00e0 1000 VDC et des courants jusqu\u2019\u00e0 240 ADC, le DCI assure une isolation galvanique \u00e0 rapport fixe (1:1) entre bus DC via une technologie haute fr\u00e9quence, garantissant une forte densit\u00e9 de puissance et une robustesse adapt\u00e9e aux environnements les plus exigeants.\" \/>\n<meta name=\"robots\" content=\"index, follow, max-snippet:-1, max-image-preview:large, max-video-preview:-1\" \/>\n<link rel=\"canonical\" href=\"https:\/\/brightloop.fr\/fr\/produits\/isolateur-galvanique-dc\/\" \/>\n<meta property=\"og:locale\" content=\"fr_FR\" \/>\n<meta property=\"og:type\" content=\"article\" \/>\n<meta property=\"og:title\" content=\"Isolateur Galvanique DC\" \/>\n<meta property=\"og:description\" content=\"Transformateur DC Haute Fr\u00e9quence fonctionnant avec des tensions d\u2019entr\u00e9e et de sortie jusqu\u2019\u00e0 1000 VDC et des courants jusqu\u2019\u00e0 240 ADC, le DCI assure une isolation galvanique \u00e0 rapport fixe (1:1) entre bus DC via une technologie haute fr\u00e9quence, garantissant une forte densit\u00e9 de puissance et une robustesse adapt\u00e9e aux environnements les plus exigeants.\" \/>\n<meta property=\"og:url\" content=\"https:\/\/brightloop.fr\/fr\/produits\/isolateur-galvanique-dc\/\" \/>\n<meta property=\"og:site_name\" content=\"BrightLoop\" \/>\n<meta property=\"article:modified_time\" content=\"2026-02-23T01:52:16+00:00\" \/>\n<meta name=\"twitter:card\" content=\"summary_large_image\" \/>\n<script type=\"application\/ld+json\" class=\"yoast-schema-graph\">{\"@context\":\"https:\/\/schema.org\",\"@graph\":[{\"@type\":\"WebPage\",\"@id\":\"https:\/\/brightloop.fr\/fr\/produits\/isolateur-galvanique-dc\/\",\"url\":\"https:\/\/brightloop.fr\/fr\/produits\/isolateur-galvanique-dc\/\",\"name\":\"Transformateur DC Haute Fr\u00e9quence Isolateur Galvanique DC - BrightLoop\",\"isPartOf\":{\"@id\":\"https:\/\/brightloop.fr\/fr\/#website\"},\"datePublished\":\"2026-02-06T09:54:57+00:00\",\"dateModified\":\"2026-02-23T01:52:16+00:00\",\"description\":\"Transformateur DC Haute Fr\u00e9quence fonctionnant avec des tensions d\u2019entr\u00e9e et de sortie jusqu\u2019\u00e0 1000 VDC et des courants jusqu\u2019\u00e0 240 ADC, le DCI assure une isolation galvanique \u00e0 rapport fixe (1:1) entre bus DC via une technologie haute fr\u00e9quence, garantissant une forte densit\u00e9 de puissance et une robustesse adapt\u00e9e aux environnements les plus exigeants.\",\"breadcrumb\":{\"@id\":\"https:\/\/brightloop.fr\/fr\/produits\/isolateur-galvanique-dc\/#breadcrumb\"},\"inLanguage\":\"fr-FR\",\"potentialAction\":[{\"@type\":\"ReadAction\",\"target\":[\"https:\/\/brightloop.fr\/fr\/produits\/isolateur-galvanique-dc\/\"]}]},{\"@type\":\"BreadcrumbList\",\"@id\":\"https:\/\/brightloop.fr\/fr\/produits\/isolateur-galvanique-dc\/#breadcrumb\",\"itemListElement\":[{\"@type\":\"ListItem\",\"position\":1,\"name\":\"&#8962;\",\"item\":\"https:\/\/brightloop.fr\/fr\/\"},{\"@type\":\"ListItem\",\"position\":2,\"name\":\"Produits\",\"item\":\"https:\/\/brightloop.fr\/fr\/produits\/\"},{\"@type\":\"ListItem\",\"position\":3,\"name\":\"Isolateur Galvanique DC\"}]},{\"@type\":\"WebSite\",\"@id\":\"https:\/\/brightloop.fr\/fr\/#website\",\"url\":\"https:\/\/brightloop.fr\/fr\/\",\"name\":\"BrightLoop\",\"description\":\"\",\"potentialAction\":[{\"@type\":\"SearchAction\",\"target\":{\"@type\":\"EntryPoint\",\"urlTemplate\":\"https:\/\/brightloop.fr\/fr\/?s={search_term_string}\"},\"query-input\":{\"@type\":\"PropertyValueSpecification\",\"valueRequired\":true,\"valueName\":\"search_term_string\"}}],\"inLanguage\":\"fr-FR\"}]}<\/script>\n<!-- \/ Yoast SEO Premium plugin. -->","yoast_head_json":{"title":"Transformateur DC Haute Fr\u00e9quence Isolateur Galvanique DC - BrightLoop","description":"Transformateur DC Haute Fr\u00e9quence fonctionnant avec des tensions d\u2019entr\u00e9e et de sortie jusqu\u2019\u00e0 1000 VDC et des courants jusqu\u2019\u00e0 240 ADC, le DCI assure une isolation galvanique \u00e0 rapport fixe (1:1) entre bus DC via une technologie haute fr\u00e9quence, garantissant une forte densit\u00e9 de puissance et une robustesse adapt\u00e9e aux environnements les plus exigeants.","robots":{"index":"index","follow":"follow","max-snippet":"max-snippet:-1","max-image-preview":"max-image-preview:large","max-video-preview":"max-video-preview:-1"},"canonical":"https:\/\/brightloop.fr\/fr\/produits\/isolateur-galvanique-dc\/","og_locale":"fr_FR","og_type":"article","og_title":"Isolateur Galvanique DC","og_description":"Transformateur DC Haute Fr\u00e9quence fonctionnant avec des tensions d\u2019entr\u00e9e et de sortie jusqu\u2019\u00e0 1000 VDC et des courants jusqu\u2019\u00e0 240 ADC, le DCI assure une isolation galvanique \u00e0 rapport fixe (1:1) entre bus DC via une technologie haute fr\u00e9quence, garantissant une forte densit\u00e9 de puissance et une robustesse adapt\u00e9e aux environnements les plus exigeants.","og_url":"https:\/\/brightloop.fr\/fr\/produits\/isolateur-galvanique-dc\/","og_site_name":"BrightLoop","article_modified_time":"2026-02-23T01:52:16+00:00","twitter_card":"summary_large_image","schema":{"@context":"https:\/\/schema.org","@graph":[{"@type":"WebPage","@id":"https:\/\/brightloop.fr\/fr\/produits\/isolateur-galvanique-dc\/","url":"https:\/\/brightloop.fr\/fr\/produits\/isolateur-galvanique-dc\/","name":"Transformateur DC Haute Fr\u00e9quence Isolateur Galvanique DC - BrightLoop","isPartOf":{"@id":"https:\/\/brightloop.fr\/fr\/#website"},"datePublished":"2026-02-06T09:54:57+00:00","dateModified":"2026-02-23T01:52:16+00:00","description":"Transformateur DC Haute Fr\u00e9quence fonctionnant avec des tensions d\u2019entr\u00e9e et de sortie jusqu\u2019\u00e0 1000 VDC et des courants jusqu\u2019\u00e0 240 ADC, le DCI assure une isolation galvanique \u00e0 rapport fixe (1:1) entre bus DC via une technologie haute fr\u00e9quence, garantissant une forte densit\u00e9 de puissance et une robustesse adapt\u00e9e aux environnements les plus exigeants.","breadcrumb":{"@id":"https:\/\/brightloop.fr\/fr\/produits\/isolateur-galvanique-dc\/#breadcrumb"},"inLanguage":"fr-FR","potentialAction":[{"@type":"ReadAction","target":["https:\/\/brightloop.fr\/fr\/produits\/isolateur-galvanique-dc\/"]}]},{"@type":"BreadcrumbList","@id":"https:\/\/brightloop.fr\/fr\/produits\/isolateur-galvanique-dc\/#breadcrumb","itemListElement":[{"@type":"ListItem","position":1,"name":"&#8962;","item":"https:\/\/brightloop.fr\/fr\/"},{"@type":"ListItem","position":2,"name":"Produits","item":"https:\/\/brightloop.fr\/fr\/produits\/"},{"@type":"ListItem","position":3,"name":"Isolateur Galvanique DC"}]},{"@type":"WebSite","@id":"https:\/\/brightloop.fr\/fr\/#website","url":"https:\/\/brightloop.fr\/fr\/","name":"BrightLoop","description":"","potentialAction":[{"@type":"SearchAction","target":{"@type":"EntryPoint","urlTemplate":"https:\/\/brightloop.fr\/fr\/?s={search_term_string}"},"query-input":{"@type":"PropertyValueSpecification","valueRequired":true,"valueName":"search_term_string"}}],"inLanguage":"fr-FR"}]}},"_links":{"self":[{"href":"https:\/\/brightloop.fr\/fr\/wp-json\/wp\/v2\/pages\/20709","targetHints":{"allow":["GET"]}}],"collection":[{"href":"https:\/\/brightloop.fr\/fr\/wp-json\/wp\/v2\/pages"}],"about":[{"href":"https:\/\/brightloop.fr\/fr\/wp-json\/wp\/v2\/types\/page"}],"author":[{"embeddable":true,"href":"https:\/\/brightloop.fr\/fr\/wp-json\/wp\/v2\/users\/2"}],"replies":[{"embeddable":true,"href":"https:\/\/brightloop.fr\/fr\/wp-json\/wp\/v2\/comments?post=20709"}],"version-history":[{"count":3,"href":"https:\/\/brightloop.fr\/fr\/wp-json\/wp\/v2\/pages\/20709\/revisions"}],"predecessor-version":[{"id":20726,"href":"https:\/\/brightloop.fr\/fr\/wp-json\/wp\/v2\/pages\/20709\/revisions\/20726"}],"up":[{"embeddable":true,"href":"https:\/\/brightloop.fr\/fr\/wp-json\/wp\/v2\/pages\/18750"}],"wp:attachment":[{"href":"https:\/\/brightloop.fr\/fr\/wp-json\/wp\/v2\/media?parent=20709"}],"curies":[{"name":"wp","href":"https:\/\/api.w.org\/{rel}","templated":true}]}}