{"id":21129,"date":"2026-03-17T06:56:29","date_gmt":"2026-03-17T05:56:29","guid":{"rendered":"https:\/\/brightloop.fr\/?page_id=21129"},"modified":"2026-04-07T10:43:40","modified_gmt":"2026-04-07T08:43:40","slug":"brightloop-mechanics","status":"publish","type":"page","link":"https:\/\/brightloop.fr\/fr\/entreprise\/brightloop-mechanics\/","title":{"rendered":"BrightLoop Mechanics"},"content":{"rendered":"","protected":false},"excerpt":{"rendered":"","protected":false},"author":2,"featured_media":0,"parent":18752,"menu_order":0,"comment_status":"open","ping_status":"closed","template":"","meta":{"footnotes":""},"class_list":["post-21129","page","type-page","status-publish","hentry"],"yoast_head":"<!-- This site is optimized with the Yoast SEO Premium plugin v26.9 (Yoast SEO v26.9) - https:\/\/yoast.com\/product\/yoast-seo-premium-wordpress\/ -->\n<title>BrightLoop Mechanics - Prototypage et usinage<\/title>\n<meta name=\"description\" content=\"BrightLoop Mechanics est situ\u00e9e \u00e0 Dourdan, au sud de Paris. Cette filiale est un fournisseur majeur de pi\u00e8ces usin\u00e9es pour BrightLoop, notamment de carters de convertisseurs de haute pr\u00e9cision, un composant essentiel des dispositifs haute puissance et haute densit\u00e9 de BrightLoop.\" \/>\n<meta name=\"robots\" content=\"index, follow, max-snippet:-1, max-image-preview:large, max-video-preview:-1\" \/>\n<link rel=\"canonical\" href=\"https:\/\/brightloop.fr\/fr\/entreprise\/brightloop-mechanics\/\" \/>\n<meta property=\"og:locale\" content=\"fr_FR\" \/>\n<meta property=\"og:type\" content=\"article\" \/>\n<meta property=\"og:title\" content=\"BrightLoop Mechanics\" \/>\n<meta property=\"og:description\" content=\"BrightLoop Mechanics est situ\u00e9e \u00e0 Dourdan, au sud de Paris. Cette filiale est un fournisseur majeur de pi\u00e8ces usin\u00e9es pour BrightLoop, notamment de carters de convertisseurs de haute pr\u00e9cision, un composant essentiel des dispositifs haute puissance et haute densit\u00e9 de BrightLoop.\" \/>\n<meta property=\"og:url\" content=\"https:\/\/brightloop.fr\/fr\/entreprise\/brightloop-mechanics\/\" \/>\n<meta property=\"og:site_name\" content=\"BrightLoop\" \/>\n<meta property=\"article:modified_time\" content=\"2026-04-07T08:43:40+00:00\" \/>\n<meta name=\"twitter:card\" content=\"summary_large_image\" \/>\n<script type=\"application\/ld+json\" class=\"yoast-schema-graph\">{\"@context\":\"https:\/\/schema.org\",\"@graph\":[{\"@type\":\"WebPage\",\"@id\":\"https:\/\/brightloop.fr\/fr\/entreprise\/brightloop-mechanics\/\",\"url\":\"https:\/\/brightloop.fr\/fr\/entreprise\/brightloop-mechanics\/\",\"name\":\"BrightLoop Mechanics - Prototypage et usinage\",\"isPartOf\":{\"@id\":\"https:\/\/brightloop.fr\/fr\/#website\"},\"datePublished\":\"2026-03-17T05:56:29+00:00\",\"dateModified\":\"2026-04-07T08:43:40+00:00\",\"description\":\"BrightLoop Mechanics est situ\u00e9e \u00e0 Dourdan, au sud de Paris. Cette filiale est un fournisseur majeur de pi\u00e8ces usin\u00e9es pour BrightLoop, notamment de carters de convertisseurs de haute pr\u00e9cision, un composant essentiel des dispositifs haute puissance et haute densit\u00e9 de BrightLoop.\",\"breadcrumb\":{\"@id\":\"https:\/\/brightloop.fr\/fr\/entreprise\/brightloop-mechanics\/#breadcrumb\"},\"inLanguage\":\"fr-FR\",\"potentialAction\":[{\"@type\":\"ReadAction\",\"target\":[\"https:\/\/brightloop.fr\/fr\/entreprise\/brightloop-mechanics\/\"]}]},{\"@type\":\"BreadcrumbList\",\"@id\":\"https:\/\/brightloop.fr\/fr\/entreprise\/brightloop-mechanics\/#breadcrumb\",\"itemListElement\":[{\"@type\":\"ListItem\",\"position\":1,\"name\":\"&#8962;\",\"item\":\"https:\/\/brightloop.fr\/fr\/\"},{\"@type\":\"ListItem\",\"position\":2,\"name\":\"Entreprise\",\"item\":\"https:\/\/brightloop.fr\/fr\/entreprise\/\"},{\"@type\":\"ListItem\",\"position\":3,\"name\":\"BrightLoop Mechanics\"}]},{\"@type\":\"WebSite\",\"@id\":\"https:\/\/brightloop.fr\/fr\/#website\",\"url\":\"https:\/\/brightloop.fr\/fr\/\",\"name\":\"BrightLoop\",\"description\":\"\",\"potentialAction\":[{\"@type\":\"SearchAction\",\"target\":{\"@type\":\"EntryPoint\",\"urlTemplate\":\"https:\/\/brightloop.fr\/fr\/?s={search_term_string}\"},\"query-input\":{\"@type\":\"PropertyValueSpecification\",\"valueRequired\":true,\"valueName\":\"search_term_string\"}}],\"inLanguage\":\"fr-FR\"}]}<\/script>\n<!-- \/ Yoast SEO Premium plugin. -->","yoast_head_json":{"title":"BrightLoop Mechanics - Prototypage et usinage","description":"BrightLoop Mechanics est situ\u00e9e \u00e0 Dourdan, au sud de Paris. Cette filiale est un fournisseur majeur de pi\u00e8ces usin\u00e9es pour BrightLoop, notamment de carters de convertisseurs de haute pr\u00e9cision, un composant essentiel des dispositifs haute puissance et haute densit\u00e9 de BrightLoop.","robots":{"index":"index","follow":"follow","max-snippet":"max-snippet:-1","max-image-preview":"max-image-preview:large","max-video-preview":"max-video-preview:-1"},"canonical":"https:\/\/brightloop.fr\/fr\/entreprise\/brightloop-mechanics\/","og_locale":"fr_FR","og_type":"article","og_title":"BrightLoop Mechanics","og_description":"BrightLoop Mechanics est situ\u00e9e \u00e0 Dourdan, au sud de Paris. Cette filiale est un fournisseur majeur de pi\u00e8ces usin\u00e9es pour BrightLoop, notamment de carters de convertisseurs de haute pr\u00e9cision, un composant essentiel des dispositifs haute puissance et haute densit\u00e9 de BrightLoop.","og_url":"https:\/\/brightloop.fr\/fr\/entreprise\/brightloop-mechanics\/","og_site_name":"BrightLoop","article_modified_time":"2026-04-07T08:43:40+00:00","twitter_card":"summary_large_image","schema":{"@context":"https:\/\/schema.org","@graph":[{"@type":"WebPage","@id":"https:\/\/brightloop.fr\/fr\/entreprise\/brightloop-mechanics\/","url":"https:\/\/brightloop.fr\/fr\/entreprise\/brightloop-mechanics\/","name":"BrightLoop Mechanics - Prototypage et usinage","isPartOf":{"@id":"https:\/\/brightloop.fr\/fr\/#website"},"datePublished":"2026-03-17T05:56:29+00:00","dateModified":"2026-04-07T08:43:40+00:00","description":"BrightLoop Mechanics est situ\u00e9e \u00e0 Dourdan, au sud de Paris. Cette filiale est un fournisseur majeur de pi\u00e8ces usin\u00e9es pour BrightLoop, notamment de carters de convertisseurs de haute pr\u00e9cision, un composant essentiel des dispositifs haute puissance et haute densit\u00e9 de BrightLoop.","breadcrumb":{"@id":"https:\/\/brightloop.fr\/fr\/entreprise\/brightloop-mechanics\/#breadcrumb"},"inLanguage":"fr-FR","potentialAction":[{"@type":"ReadAction","target":["https:\/\/brightloop.fr\/fr\/entreprise\/brightloop-mechanics\/"]}]},{"@type":"BreadcrumbList","@id":"https:\/\/brightloop.fr\/fr\/entreprise\/brightloop-mechanics\/#breadcrumb","itemListElement":[{"@type":"ListItem","position":1,"name":"&#8962;","item":"https:\/\/brightloop.fr\/fr\/"},{"@type":"ListItem","position":2,"name":"Entreprise","item":"https:\/\/brightloop.fr\/fr\/entreprise\/"},{"@type":"ListItem","position":3,"name":"BrightLoop Mechanics"}]},{"@type":"WebSite","@id":"https:\/\/brightloop.fr\/fr\/#website","url":"https:\/\/brightloop.fr\/fr\/","name":"BrightLoop","description":"","potentialAction":[{"@type":"SearchAction","target":{"@type":"EntryPoint","urlTemplate":"https:\/\/brightloop.fr\/fr\/?s={search_term_string}"},"query-input":{"@type":"PropertyValueSpecification","valueRequired":true,"valueName":"search_term_string"}}],"inLanguage":"fr-FR"}]}},"_links":{"self":[{"href":"https:\/\/brightloop.fr\/fr\/wp-json\/wp\/v2\/pages\/21129","targetHints":{"allow":["GET"]}}],"collection":[{"href":"https:\/\/brightloop.fr\/fr\/wp-json\/wp\/v2\/pages"}],"about":[{"href":"https:\/\/brightloop.fr\/fr\/wp-json\/wp\/v2\/types\/page"}],"author":[{"embeddable":true,"href":"https:\/\/brightloop.fr\/fr\/wp-json\/wp\/v2\/users\/2"}],"replies":[{"embeddable":true,"href":"https:\/\/brightloop.fr\/fr\/wp-json\/wp\/v2\/comments?post=21129"}],"version-history":[{"count":2,"href":"https:\/\/brightloop.fr\/fr\/wp-json\/wp\/v2\/pages\/21129\/revisions"}],"predecessor-version":[{"id":21277,"href":"https:\/\/brightloop.fr\/fr\/wp-json\/wp\/v2\/pages\/21129\/revisions\/21277"}],"up":[{"embeddable":true,"href":"https:\/\/brightloop.fr\/fr\/wp-json\/wp\/v2\/pages\/18752"}],"wp:attachment":[{"href":"https:\/\/brightloop.fr\/fr\/wp-json\/wp\/v2\/media?parent=21129"}],"curies":[{"name":"wp","href":"https:\/\/api.w.org\/{rel}","templated":true}]}}